{"id":6,"date":"2026-01-27T08:55:47","date_gmt":"2026-01-26T15:19:07","guid":{"rendered":"https:\/\/career.hitalento.com\/ce-nord\/ce-nord\/"},"modified":"2026-01-29T12:25:57","modified_gmt":"2026-01-29T12:25:57","slug":"ce-nord","status":"publish","type":"page","link":"https:\/\/career.hitalento.com\/ce-nord\/","title":{"rendered":"CE-Nord"},"content":{"rendered":"<p>a:7:{i:0;a:24:{s:13:&#8221;buttonActions&#8221;;a:2:{s:19:&#8221;primaryButtonAction&#8221;;a:2:{s:6:&#8221;action&#8221;;s:24:&#8221;scroll_to_open_positions&#8221;;s:3:&#8221;url&#8221;;s:15:&#8221;#open_positions&#8221;;}s:21:&#8221;secondaryButtonAction&#8221;;N;}s:2:&#8221;id&#8221;;i:15058;s:4:&#8221;type&#8221;;s:6:&#8221;header&#8221;;s:8:&#8221;listType&#8221;;N;s:10:&#8221;blockOrder&#8221;;i:0;s:5:&#8221;title&#8221;;s:92:&#8221;Bliv en del af et topprofessionelt h\u00e5ndv\u00e6rksfirma med godt hum\u00f8r og et st\u00e6rkt sammenhold&#8221;;s:8:&#8221;subTitle&#8221;;s:2:&#8221;<\/p>\n<p>&#8220;;s:4:&#8221;body&#8221;;N;s:14:&#8221;backgroundType&#8221;;s:5:&#8221;video&#8221;;s:17:&#8221;backgroundPattern&#8221;;N;s:15:&#8221;backgroundColor&#8221;;s:11:&#8221;transparent&#8221;;s:15:&#8221;backgroundVideo&#8221;;s:28:&#8221;https:\/\/vimeo.com\/1158713463&#8243;;s:9:&#8221;blockSize&#8221;;s:2:&#8221;lg&#8221;;s:15:&#8221;paddingVertical&#8221;;s:2:&#8221;md&#8221;;s:9:&#8221;imageLeft&#8221;;b:1;s:19:&#8221;primaryButtonAction&#8221;;s:24:&#8221;scroll_to_open_positions&#8221;;s:21:&#8221;secondaryButtonAction&#8221;;N;s:11:&#8221;contactName&#8221;;N;s:12:&#8221;contactEmail&#8221;;N;s:9:&#8221;createdAt&#8221;;s:24:&#8221;2026-01-26T15:19:07.384Z&#8221;;s:9:&#8221;updatedAt&#8221;;s:24:&#8221;2026-01-29T12:17:49.142Z&#8221;;s:6:&#8221;pageId&#8221;;i:3152;s:14:&#8221;organizationId&#8221;;i:931;s:5:&#8221;files&#8221;;a:0:{}}i:1;a:24:{s:13:&#8221;buttonActions&#8221;;a:2:{s:19:&#8221;primaryButtonAction&#8221;;N;s:21:&#8221;secondaryButtonAction&#8221;;N;}s:2:&#8221;id&#8221;;i:15061;s:4:&#8221;type&#8221;;s:9:&#8221;paragraph&#8221;;s:8:&#8221;listType&#8221;;N;s:10:&#8221;blockOrder&#8221;;i:1;s:5:&#8221;title&#8221;;s:27:&#8221;Byg fremtiden sammen med os&#8221;;s:8:&#8221;subTitle&#8221;;N;s:4:&#8221;body&#8221;;s:558:&#8221;<\/p>\n<p class=\"ql-align-center\"><strong>Hos CE Nord er vi specialister i at skabe b\u00e6redygtige l\u00f8sninger til erhvervsbyggeri \u2013 og vi s\u00f8ger dygtige kolleger, der vil v\u00e6re med<\/strong><\/p>\n<p class=\"ql-align-center\">Med mange \u00e5rs erfaring inden for montagearbejde er CE Nord is\u00e6r kendt for vores ekspertise i opstilling og renovering af moduler og pavilloner til erhverv. Vi driver projekter fra id\u00e9 til f\u00e6rdigt byggeri og leverer komplette l\u00f8sninger, hvor kvalitet, sikkerhed og h\u00e5ndv\u00e6rksm\u00e6ssig stolthed er fundamentet.<\/p>\n<p>&#8220;;s:14:&#8221;backgroundType&#8221;;N;s:17:&#8221;backgroundPattern&#8221;;N;s:15:&#8221;backgroundColor&#8221;;s:11:&#8221;transparent&#8221;;s:15:&#8221;backgroundVideo&#8221;;N;s:9:&#8221;blockSize&#8221;;s:2:&#8221;md&#8221;;s:15:&#8221;paddingVertical&#8221;;s:2:&#8221;md&#8221;;s:9:&#8221;imageLeft&#8221;;b:1;s:19:&#8221;primaryButtonAction&#8221;;N;s:21:&#8221;secondaryButtonAction&#8221;;N;s:11:&#8221;contactName&#8221;;N;s:12:&#8221;contactEmail&#8221;;N;s:9:&#8221;createdAt&#8221;;s:24:&#8221;2026-01-26T15:19:07.394Z&#8221;;s:9:&#8221;updatedAt&#8221;;s:24:&#8221;2026-01-29T12:17:49.144Z&#8221;;s:6:&#8221;pageId&#8221;;i:3152;s:14:&#8221;organizationId&#8221;;i:931;s:5:&#8221;files&#8221;;a:0:{}}i:2;a:24:{s:13:&#8221;buttonActions&#8221;;a:2:{s:19:&#8221;primaryButtonAction&#8221;;N;s:21:&#8221;secondaryButtonAction&#8221;;N;}s:2:&#8221;id&#8221;;i:15067;s:4:&#8221;type&#8221;;s:20:&#8221;paragraph_with_image&#8221;;s:8:&#8221;listType&#8221;;N;s:10:&#8221;blockOrder&#8221;;i:2;s:5:&#8221;title&#8221;;s:0:&#8221;&#8221;;s:8:&#8221;subTitle&#8221;;N;s:4:&#8221;body&#8221;;s:652:&#8221;<\/p>\n<h2><strong>Det arbejder vi med<\/strong><\/h2>\n<p><span>Hos os f\u00e5r du mulighed for at arbejde med en bred vifte af opgaver inden for moderne erhvervsbyggeri, bl.a.:<\/span><\/p>\n<ul>\n<li>Opstilling og renovering af moduler og pavilloner til alle form\u00e5l<\/li>\n<li>Aptering af kontorejendomme \u2013 b\u00e5de i fag- og hovedentrepriser \u2013 med egne teams inden for t\u00f8mrer-, VVS- og el-arbejde<\/li>\n<li>Projektstyring og koordinering gennem hele byggeprocessen<\/li>\n<li>Levering og montering af solcelleanl\u00e6g og varmepumpel\u00f8sninger til erhverv<\/li>\n<li>Klimaoptimering og implementering af gr\u00f8nne, b\u00e6redygtige byggeinitiativer<\/li>\n<\/ul>\n<p>&#8220;;s:14:&#8221;backgroundType&#8221;;N;s:17:&#8221;backgroundPattern&#8221;;N;s:15:&#8221;backgroundColor&#8221;;s:11:&#8221;transparent&#8221;;s:15:&#8221;backgroundVideo&#8221;;N;s:9:&#8221;blockSize&#8221;;s:2:&#8221;md&#8221;;s:15:&#8221;paddingVertical&#8221;;s:2:&#8221;md&#8221;;s:9:&#8221;imageLeft&#8221;;b:0;s:19:&#8221;primaryButtonAction&#8221;;N;s:21:&#8221;secondaryButtonAction&#8221;;N;s:11:&#8221;contactName&#8221;;N;s:12:&#8221;contactEmail&#8221;;N;s:9:&#8221;createdAt&#8221;;s:24:&#8221;2026-01-27T09:01:12.397Z&#8221;;s:9:&#8221;updatedAt&#8221;;s:24:&#8221;2026-01-27T09:10:32.742Z&#8221;;s:6:&#8221;pageId&#8221;;i:3152;s:14:&#8221;organizationId&#8221;;i:931;s:5:&#8221;files&#8221;;a:1:{i:0;a:18:{s:2:&#8221;id&#8221;;i:186300;s:4:&#8221;uuid&#8221;;s:36:&#8221;c530513a-c6f5-4d79-80a8-7dc49f1557f6&#8243;;s:8:&#8221;filename&#8221;;s:21:&#8221;Strandskolen_6298.jpg&#8221;;s:4:&#8221;type&#8221;;s:5:&#8221;image&#8221;;s:7:&#8221;docType&#8221;;s:5:&#8221;other&#8221;;s:8:&#8221;mimeType&#8221;;s:10:&#8221;image\/jpeg&#8221;;s:9:&#8221;bucketKey&#8221;;s:95:&#8221;b39feaeb-eeaf-4b71-9b77-9bae4a8226d6\/c530513a-c6f5-4d79-80a8-7dc49f1557f6\/Strandskolen_6298.jpg&#8221;;s:3:&#8221;alt&#8221;;N;s:6:&#8221;public&#8221;;b:1;s:4:&#8221;isCp&#8221;;b:1;s:4:&#8221;temp&#8221;;b:0;s:9:&#8221;createdAt&#8221;;s:24:&#8221;2026-01-29T12:14:29.445Z&#8221;;s:9:&#8221;updatedAt&#8221;;s:24:&#8221;2026-01-29T12:15:16.603Z&#8221;;s:10:&#8221;brandingId&#8221;;N;s:7:&#8221;blockId&#8221;;i:15067;s:14:&#8221;organizationId&#8221;;i:931;s:10:&#8221;positionId&#8221;;N;s:13:&#8221;applicationId&#8221;;N;}}}i:3;a:24:{s:13:&#8221;buttonActions&#8221;;a:2:{s:19:&#8221;primaryButtonAction&#8221;;N;s:21:&#8221;secondaryButtonAction&#8221;;N;}s:2:&#8221;id&#8221;;i:15068;s:4:&#8221;type&#8221;;s:20:&#8221;paragraph_with_image&#8221;;s:8:&#8221;listType&#8221;;N;s:10:&#8221;blockOrder&#8221;;i:3;s:5:&#8221;title&#8221;;s:0:&#8221;&#8221;;s:8:&#8221;subTitle&#8221;;N;s:4:&#8221;body&#8221;;s:595:&#8221;<\/p>\n<h2><strong>En arbejdsplads med ansvar og ambitioner<\/strong><\/h2>\n<p><span>Vi er stolte af at v\u00e6re en del af den gr\u00f8nne omstilling i byggeriet. Med vores VE-godkendelse inden for solceller og varmepumper leverer vi fremtidssikrede l\u00f8sninger, der g\u00f8r en reel forskel \u2013 for b\u00e5de kunder og klima.<\/span><\/p>\n<p><span>Hos CE Nord bliver du en del af et st\u00e6rkt h\u00e5ndv\u00e6rkerteam, hvor samarbejde, faglig udvikling og ordentlighed er i fokus. Vi tror p\u00e5, at det bedste byggeri skabes af mennesker, der trives og tager ansvar.<\/span><\/p>\n<p>&#8220;;s:14:&#8221;backgroundType&#8221;;N;s:17:&#8221;backgroundPattern&#8221;;N;s:15:&#8221;backgroundColor&#8221;;s:11:&#8221;transparent&#8221;;s:15:&#8221;backgroundVideo&#8221;;N;s:9:&#8221;blockSize&#8221;;s:2:&#8221;md&#8221;;s:15:&#8221;paddingVertical&#8221;;s:2:&#8221;md&#8221;;s:9:&#8221;imageLeft&#8221;;b:1;s:19:&#8221;primaryButtonAction&#8221;;N;s:21:&#8221;secondaryButtonAction&#8221;;N;s:11:&#8221;contactName&#8221;;N;s:12:&#8221;contactEmail&#8221;;N;s:9:&#8221;createdAt&#8221;;s:24:&#8221;2026-01-27T09:01:12.407Z&#8221;;s:9:&#8221;updatedAt&#8221;;s:24:&#8221;2026-01-27T09:10:32.739Z&#8221;;s:6:&#8221;pageId&#8221;;i:3152;s:14:&#8221;organizationId&#8221;;i:931;s:5:&#8221;files&#8221;;a:1:{i:0;a:18:{s:2:&#8221;id&#8221;;i:186303;s:4:&#8221;uuid&#8221;;s:36:&#8221;9ce59bbd-c0d8-4ade-bfc4-f76da3b71214&#8243;;s:8:&#8221;filename&#8221;;s:21:&#8221;Strandskolen_6279.jpg&#8221;;s:4:&#8221;type&#8221;;s:5:&#8221;image&#8221;;s:7:&#8221;docType&#8221;;s:5:&#8221;other&#8221;;s:8:&#8221;mimeType&#8221;;s:10:&#8221;image\/jpeg&#8221;;s:9:&#8221;bucketKey&#8221;;s:95:&#8221;b39feaeb-eeaf-4b71-9b77-9bae4a8226d6\/9ce59bbd-c0d8-4ade-bfc4-f76da3b71214\/Strandskolen_6279.jpg&#8221;;s:3:&#8221;alt&#8221;;N;s:6:&#8221;public&#8221;;b:1;s:4:&#8221;isCp&#8221;;b:1;s:4:&#8221;temp&#8221;;b:0;s:9:&#8221;createdAt&#8221;;s:24:&#8221;2026-01-29T12:15:00.285Z&#8221;;s:9:&#8221;updatedAt&#8221;;s:24:&#8221;2026-01-29T12:15:17.863Z&#8221;;s:10:&#8221;brandingId&#8221;;N;s:7:&#8221;blockId&#8221;;i:15068;s:14:&#8221;organizationId&#8221;;i:931;s:10:&#8221;positionId&#8221;;N;s:13:&#8221;applicationId&#8221;;N;}}}i:4;a:24:{s:13:&#8221;buttonActions&#8221;;a:2:{s:19:&#8221;primaryButtonAction&#8221;;N;s:21:&#8221;secondaryButtonAction&#8221;;N;}s:2:&#8221;id&#8221;;i:15069;s:4:&#8221;type&#8221;;s:9:&#8221;paragraph&#8221;;s:8:&#8221;listType&#8221;;N;s:10:&#8221;blockOrder&#8221;;i:4;s:5:&#8221;title&#8221;;s:69:&#8221;Vil du v\u00e6re med til at s\u00e6tte aftryk p\u00e5 fremtidens erhvervsbyggeri?&#8221;;s:8:&#8221;subTitle&#8221;;N;s:4:&#8221;body&#8221;;s:272:&#8221;<\/p>\n<p class=\"ql-align-center\"><strong><em>S\u00e5 er CE Nord stedet for dig.<\/em><\/strong><\/p>\n<p><strong><em>\ufeff<\/em><\/strong><img decoding=\"async\" src=\"https:\/\/career.hitalento.com\/ce-nord\/wp-content\/uploads\/sites\/618\/2026\/01\/tempImageLpLyJu-1024x768.jpg\"><\/p>\n<p class=\"ql-align-center\"><\/p>\n<p>&#8220;;s:14:&#8221;backgroundType&#8221;;N;s:17:&#8221;backgroundPattern&#8221;;N;s:15:&#8221;backgroundColor&#8221;;s:11:&#8221;transparent&#8221;;s:15:&#8221;backgroundVideo&#8221;;N;s:9:&#8221;blockSize&#8221;;s:2:&#8221;md&#8221;;s:15:&#8221;paddingVertical&#8221;;s:2:&#8221;md&#8221;;s:9:&#8221;imageLeft&#8221;;b:1;s:19:&#8221;primaryButtonAction&#8221;;N;s:21:&#8221;secondaryButtonAction&#8221;;N;s:11:&#8221;contactName&#8221;;N;s:12:&#8221;contactEmail&#8221;;N;s:9:&#8221;createdAt&#8221;;s:24:&#8221;2026-01-27T09:01:12.411Z&#8221;;s:9:&#8221;updatedAt&#8221;;s:24:&#8221;2026-01-27T10:20:49.287Z&#8221;;s:6:&#8221;pageId&#8221;;i:3152;s:14:&#8221;organizationId&#8221;;i:931;s:5:&#8221;files&#8221;;a:0:{}}i:5;a:24:{s:13:&#8221;buttonActions&#8221;;a:2:{s:19:&#8221;primaryButtonAction&#8221;;N;s:21:&#8221;secondaryButtonAction&#8221;;N;}s:2:&#8221;id&#8221;;i:15059;s:4:&#8221;type&#8221;;s:4:&#8221;list&#8221;;s:8:&#8221;listType&#8221;;s:6:&#8221;job_ad&#8221;;s:10:&#8221;blockOrder&#8221;;i:5;s:5:&#8221;title&#8221;;s:17:&#8221;Ledige stillinger&#8221;;s:8:&#8221;subTitle&#8221;;N;s:4:&#8221;body&#8221;;N;s:14:&#8221;backgroundType&#8221;;N;s:17:&#8221;backgroundPattern&#8221;;N;s:15:&#8221;backgroundColor&#8221;;s:11:&#8221;transparent&#8221;;s:15:&#8221;backgroundVideo&#8221;;N;s:9:&#8221;blockSize&#8221;;s:2:&#8221;md&#8221;;s:15:&#8221;paddingVertical&#8221;;s:2:&#8221;md&#8221;;s:9:&#8221;imageLeft&#8221;;b:1;s:19:&#8221;primaryButtonAction&#8221;;N;s:21:&#8221;secondaryButtonAction&#8221;;N;s:11:&#8221;contactName&#8221;;N;s:12:&#8221;contactEmail&#8221;;N;s:9:&#8221;createdAt&#8221;;s:24:&#8221;2026-01-26T15:19:07.386Z&#8221;;s:9:&#8221;updatedAt&#8221;;s:24:&#8221;2026-01-27T09:01:12.413Z&#8221;;s:6:&#8221;pageId&#8221;;i:3152;s:14:&#8221;organizationId&#8221;;i:931;s:5:&#8221;files&#8221;;a:0:{}}i:6;a:24:{s:13:&#8221;buttonActions&#8221;;a:2:{s:19:&#8221;primaryButtonAction&#8221;;N;s:21:&#8221;secondaryButtonAction&#8221;;N;}s:2:&#8221;id&#8221;;i:15060;s:4:&#8221;type&#8221;;s:6:&#8221;footer&#8221;;s:8:&#8221;listType&#8221;;N;s:10:&#8221;blockOrder&#8221;;i:6;s:5:&#8221;title&#8221;;N;s:8:&#8221;subTitle&#8221;;N;s:4:&#8221;body&#8221;;N;s:14:&#8221;backgroundType&#8221;;N;s:17:&#8221;backgroundPattern&#8221;;N;s:15:&#8221;backgroundColor&#8221;;s:11:&#8221;transparent&#8221;;s:15:&#8221;backgroundVideo&#8221;;N;s:9:&#8221;blockSize&#8221;;s:2:&#8221;md&#8221;;s:15:&#8221;paddingVertical&#8221;;s:2:&#8221;md&#8221;;s:9:&#8221;imageLeft&#8221;;b:1;s:19:&#8221;primaryButtonAction&#8221;;N;s:21:&#8221;secondaryButtonAction&#8221;;N;s:11:&#8221;contactName&#8221;;N;s:12:&#8221;contactEmail&#8221;;N;s:9:&#8221;createdAt&#8221;;s:24:&#8221;2026-01-26T15:19:07.388Z&#8221;;s:9:&#8221;updatedAt&#8221;;s:24:&#8221;2026-01-27T09:01:12.415Z&#8221;;s:6:&#8221;pageId&#8221;;i:3152;s:14:&#8221;organizationId&#8221;;i:931;s:5:&#8221;files&#8221;;a:0:{}}}<\/p>\n","protected":false},"excerpt":{"rendered":"<p>Karriere hos CE Nord. Se alle ledige stillinger her.<\/p>\n","protected":false},"author":1,"featured_media":0,"parent":0,"menu_order":0,"comment_status":"closed","ping_status":"closed","template":"","meta":{"footnotes":""},"categories":[],"class_list":["post-6","page","type-page","status-publish","hentry"],"_links":{"self":[{"href":"https:\/\/career.hitalento.com\/ce-nord\/wp-json\/wp\/v2\/pages\/6","targetHints":{"allow":["GET"]}}],"collection":[{"href":"https:\/\/career.hitalento.com\/ce-nord\/wp-json\/wp\/v2\/pages"}],"about":[{"href":"https:\/\/career.hitalento.com\/ce-nord\/wp-json\/wp\/v2\/types\/page"}],"author":[{"embeddable":true,"href":"https:\/\/career.hitalento.com\/ce-nord\/wp-json\/wp\/v2\/users\/1"}],"replies":[{"embeddable":true,"href":"https:\/\/career.hitalento.com\/ce-nord\/wp-json\/wp\/v2\/comments?post=6"}],"version-history":[{"count":0,"href":"https:\/\/career.hitalento.com\/ce-nord\/wp-json\/wp\/v2\/pages\/6\/revisions"}],"wp:attachment":[{"href":"https:\/\/career.hitalento.com\/ce-nord\/wp-json\/wp\/v2\/media?parent=6"}],"wp:term":[{"taxonomy":"category","embeddable":true,"href":"https:\/\/career.hitalento.com\/ce-nord\/wp-json\/wp\/v2\/categories?post=6"}],"curies":[{"name":"wp","href":"https:\/\/api.w.org\/{rel}","templated":true}]}}