{"id":7,"date":"2024-11-13T13:41:19","date_gmt":"2024-11-13T13:41:19","guid":{"rendered":"https:\/\/career.hitalento.com\/dstny\/dstny\/"},"modified":"2025-06-30T11:42:54","modified_gmt":"2025-06-30T11:42:54","slug":"dstny","status":"publish","type":"page","link":"https:\/\/career.hitalento.com\/dstny\/","title":{"rendered":"Dstny"},"content":{"rendered":"<p>a:14:{i:0;a:24:{s:13:&#8221;buttonActions&#8221;;a:2:{s:19:&#8221;primaryButtonAction&#8221;;N;s:21:&#8221;secondaryButtonAction&#8221;;N;}s:2:&#8221;id&#8221;;i:8757;s:4:&#8221;type&#8221;;s:6:&#8221;header&#8221;;s:8:&#8221;listType&#8221;;N;s:10:&#8221;blockOrder&#8221;;i:0;s:5:&#8221;title&#8221;;s:8:&#8221;Karriere&#8221;;s:8:&#8221;subTitle&#8221;;s:28:&#8221;Se ledige stillinger nederst&#8221;;s:4:&#8221;body&#8221;;N;s:14:&#8221;backgroundType&#8221;;s:5:&#8221;image&#8221;;s:17:&#8221;backgroundPattern&#8221;;N;s:15:&#8221;backgroundColor&#8221;;s:11:&#8221;transparent&#8221;;s:15:&#8221;backgroundVideo&#8221;;N;s:9:&#8221;blockSize&#8221;;s:2:&#8221;lg&#8221;;s:15:&#8221;paddingVertical&#8221;;s:2:&#8221;md&#8221;;s:9:&#8221;imageLeft&#8221;;b:1;s:19:&#8221;primaryButtonAction&#8221;;N;s:21:&#8221;secondaryButtonAction&#8221;;N;s:11:&#8221;contactName&#8221;;N;s:12:&#8221;contactEmail&#8221;;N;s:9:&#8221;createdAt&#8221;;s:24:&#8221;2024-11-13T13:41:19.914Z&#8221;;s:9:&#8221;updatedAt&#8221;;s:24:&#8221;2024-11-19T15:53:43.759Z&#8221;;s:6:&#8221;pageId&#8221;;i:1910;s:14:&#8221;organizationId&#8221;;i:619;s:5:&#8221;files&#8221;;a:1:{i:0;a:18:{s:2:&#8221;id&#8221;;i:79438;s:4:&#8221;uuid&#8221;;s:36:&#8221;5467615a-f332-402a-a9fe-0bb6a0afd1e7&#8243;;s:8:&#8221;filename&#8221;;s:28:&#8221;three_colleagues_talking.jpg&#8221;;s:4:&#8221;type&#8221;;s:5:&#8221;image&#8221;;s:7:&#8221;docType&#8221;;s:5:&#8221;other&#8221;;s:8:&#8221;mimeType&#8221;;s:10:&#8221;image\/jpeg&#8221;;s:9:&#8221;bucketKey&#8221;;s:102:&#8221;c34616a6-44fb-48dd-8c7b-98c815978359\/5467615a-f332-402a-a9fe-0bb6a0afd1e7\/three_colleagues_talking.jpg&#8221;;s:3:&#8221;alt&#8221;;N;s:6:&#8221;public&#8221;;b:1;s:4:&#8221;isCp&#8221;;b:1;s:4:&#8221;temp&#8221;;b:0;s:9:&#8221;createdAt&#8221;;s:24:&#8221;2024-11-13T15:31:31.579Z&#8221;;s:9:&#8221;updatedAt&#8221;;s:24:&#8221;2024-11-13T15:31:42.386Z&#8221;;s:10:&#8221;brandingId&#8221;;N;s:7:&#8221;blockId&#8221;;i:8757;s:14:&#8221;organizationId&#8221;;i:619;s:10:&#8221;positionId&#8221;;N;s:13:&#8221;applicationId&#8221;;N;}}}i:1;a:24:{s:13:&#8221;buttonActions&#8221;;a:2:{s:19:&#8221;primaryButtonAction&#8221;;N;s:21:&#8221;secondaryButtonAction&#8221;;N;}s:2:&#8221;id&#8221;;i:8756;s:4:&#8221;type&#8221;;s:9:&#8221;paragraph&#8221;;s:8:&#8221;listType&#8221;;N;s:10:&#8221;blockOrder&#8221;;i:1;s:5:&#8221;title&#8221;;s:27:&#8221;Hvorfor g\u00f8r du en forskel?&#8221;;s:8:&#8221;subTitle&#8221;;N;s:4:&#8221;body&#8221;;s:228:&#8221;<\/p>\n<p class=\"ql-align-center\">Vil du v\u00e6re med til at forme fremtidens IT-infrastruktur og kommunikationsl\u00f8sninger til erhvervslivet? Vi leder efter nye medarbejdere, som \u00f8nsker at g\u00f8re en forskel for kunderne og kollegerne.<\/p>\n<p>&#8220;;s:14:&#8221;backgroundType&#8221;;N;s:17:&#8221;backgroundPattern&#8221;;N;s:15:&#8221;backgroundColor&#8221;;s:11:&#8221;transparent&#8221;;s:15:&#8221;backgroundVideo&#8221;;N;s:9:&#8221;blockSize&#8221;;s:2:&#8221;md&#8221;;s:15:&#8221;paddingVertical&#8221;;s:2:&#8221;md&#8221;;s:9:&#8221;imageLeft&#8221;;b:1;s:19:&#8221;primaryButtonAction&#8221;;N;s:21:&#8221;secondaryButtonAction&#8221;;N;s:11:&#8221;contactName&#8221;;N;s:12:&#8221;contactEmail&#8221;;N;s:9:&#8221;createdAt&#8221;;s:24:&#8221;2024-11-13T13:41:19.912Z&#8221;;s:9:&#8221;updatedAt&#8221;;s:24:&#8221;2024-11-19T15:22:09.394Z&#8221;;s:6:&#8221;pageId&#8221;;i:1910;s:14:&#8221;organizationId&#8221;;i:619;s:5:&#8221;files&#8221;;a:0:{}}i:2;a:24:{s:13:&#8221;buttonActions&#8221;;a:2:{s:19:&#8221;primaryButtonAction&#8221;;N;s:21:&#8221;secondaryButtonAction&#8221;;N;}s:2:&#8221;id&#8221;;i:8773;s:4:&#8221;type&#8221;;s:20:&#8221;paragraph_with_image&#8221;;s:8:&#8221;listType&#8221;;N;s:10:&#8221;blockOrder&#8221;;i:2;s:5:&#8221;title&#8221;;s:0:&#8221;&#8221;;s:8:&#8221;subTitle&#8221;;N;s:4:&#8221;body&#8221;;s:380:&#8221;<\/p>\n<h2>Hvem er vi?<\/h2>\n<p>Vi har travlt, og vi vil vokse, og erhvervslivet vil gerne have vores l\u00f8sninger. Vi leverer og vedligeholder innovative l\u00f8sninger indenfor IT-infrastruktur, kommunikation og samarbejde som cloud-baserede tjenester, der bringer infrastruktur, telefoni, data og sikkerhed sammen, s\u00e5 vores kunder kun beh\u00f8ver at&nbsp;fokusere p\u00e5 deres kerneforretning.<\/p>\n<p>&#8220;;s:14:&#8221;backgroundType&#8221;;N;s:17:&#8221;backgroundPattern&#8221;;N;s:15:&#8221;backgroundColor&#8221;;s:11:&#8221;transparent&#8221;;s:15:&#8221;backgroundVideo&#8221;;N;s:9:&#8221;blockSize&#8221;;s:2:&#8221;md&#8221;;s:15:&#8221;paddingVertical&#8221;;s:2:&#8221;sm&#8221;;s:9:&#8221;imageLeft&#8221;;b:1;s:19:&#8221;primaryButtonAction&#8221;;N;s:21:&#8221;secondaryButtonAction&#8221;;N;s:11:&#8221;contactName&#8221;;N;s:12:&#8221;contactEmail&#8221;;N;s:9:&#8221;createdAt&#8221;;s:24:&#8221;2024-11-13T15:35:08.419Z&#8221;;s:9:&#8221;updatedAt&#8221;;s:24:&#8221;2024-11-19T15:22:09.395Z&#8221;;s:6:&#8221;pageId&#8221;;i:1910;s:14:&#8221;organizationId&#8221;;i:619;s:5:&#8221;files&#8221;;a:1:{i:0;a:18:{s:2:&#8221;id&#8221;;i:79439;s:4:&#8221;uuid&#8221;;s:36:&#8221;52add70e-a79c-429f-b271-066ea4a6bf70&#8243;;s:8:&#8221;filename&#8221;;s:19:&#8221;integra_circles.png&#8221;;s:4:&#8221;type&#8221;;s:5:&#8221;image&#8221;;s:7:&#8221;docType&#8221;;s:5:&#8221;other&#8221;;s:8:&#8221;mimeType&#8221;;s:9:&#8221;image\/png&#8221;;s:9:&#8221;bucketKey&#8221;;s:93:&#8221;c34616a6-44fb-48dd-8c7b-98c815978359\/52add70e-a79c-429f-b271-066ea4a6bf70\/integra_circles.png&#8221;;s:3:&#8221;alt&#8221;;N;s:6:&#8221;public&#8221;;b:1;s:4:&#8221;isCp&#8221;;b:1;s:4:&#8221;temp&#8221;;b:0;s:9:&#8221;createdAt&#8221;;s:24:&#8221;2024-11-13T15:35:06.964Z&#8221;;s:9:&#8221;updatedAt&#8221;;s:24:&#8221;2024-11-13T15:35:09.017Z&#8221;;s:10:&#8221;brandingId&#8221;;N;s:7:&#8221;blockId&#8221;;i:8773;s:14:&#8221;organizationId&#8221;;i:619;s:10:&#8221;positionId&#8221;;N;s:13:&#8221;applicationId&#8221;;N;}}}i:3;a:24:{s:13:&#8221;buttonActions&#8221;;a:2:{s:19:&#8221;primaryButtonAction&#8221;;N;s:21:&#8221;secondaryButtonAction&#8221;;N;}s:2:&#8221;id&#8221;;i:8772;s:4:&#8221;type&#8221;;s:20:&#8221;paragraph_with_image&#8221;;s:8:&#8221;listType&#8221;;N;s:10:&#8221;blockOrder&#8221;;i:3;s:5:&#8221;title&#8221;;s:0:&#8221;&#8221;;s:8:&#8221;subTitle&#8221;;N;s:4:&#8221;body&#8221;;s:460:&#8221;<\/p>\n<h2>Hvad kan vi tilbyde?<\/h2>\n<p>Vi kan tilbyde dig en afvekslende og udfordrende hverdag, hvor du f\u00e5r stor indflydelse p\u00e5 dit daglige arbejde og din personlige udvikling.<\/p>\n<p>Vi s\u00e6tter en \u00e6re i at holde, hvad vi lover, og&nbsp;i at f\u00e5 gjort tingene hurtigt, men ikke uden omtanke. Vi er ikke st\u00f8rre, end at vi kender hinanden, og derfor er tonen ogs\u00e5 uformel og direkte. Vi hj\u00e6lper hinanden i m\u00e5l og drager samtidig omsorg for hinandens trivsel.<\/p>\n<p>&#8220;;s:14:&#8221;backgroundType&#8221;;N;s:17:&#8221;backgroundPattern&#8221;;N;s:15:&#8221;backgroundColor&#8221;;s:11:&#8221;transparent&#8221;;s:15:&#8221;backgroundVideo&#8221;;N;s:9:&#8221;blockSize&#8221;;s:2:&#8221;md&#8221;;s:15:&#8221;paddingVertical&#8221;;s:2:&#8221;sm&#8221;;s:9:&#8221;imageLeft&#8221;;b:0;s:19:&#8221;primaryButtonAction&#8221;;N;s:21:&#8221;secondaryButtonAction&#8221;;N;s:11:&#8221;contactName&#8221;;N;s:12:&#8221;contactEmail&#8221;;N;s:9:&#8221;createdAt&#8221;;s:24:&#8221;2024-11-13T15:35:08.418Z&#8221;;s:9:&#8221;updatedAt&#8221;;s:24:&#8221;2024-11-19T15:22:09.396Z&#8221;;s:6:&#8221;pageId&#8221;;i:1910;s:14:&#8221;organizationId&#8221;;i:619;s:5:&#8221;files&#8221;;a:1:{i:0;a:18:{s:2:&#8221;id&#8221;;i:79440;s:4:&#8221;uuid&#8221;;s:36:&#8221;80f2f9da-03d4-40ea-9896-9266257e7a15&#8243;;s:8:&#8221;filename&#8221;;s:20:&#8221;smartfit_circles.png&#8221;;s:4:&#8221;type&#8221;;s:5:&#8221;image&#8221;;s:7:&#8221;docType&#8221;;s:5:&#8221;other&#8221;;s:8:&#8221;mimeType&#8221;;s:9:&#8221;image\/png&#8221;;s:9:&#8221;bucketKey&#8221;;s:94:&#8221;c34616a6-44fb-48dd-8c7b-98c815978359\/80f2f9da-03d4-40ea-9896-9266257e7a15\/smartfit_circles.png&#8221;;s:3:&#8221;alt&#8221;;N;s:6:&#8221;public&#8221;;b:1;s:4:&#8221;isCp&#8221;;b:1;s:4:&#8221;temp&#8221;;b:0;s:9:&#8221;createdAt&#8221;;s:24:&#8221;2024-11-13T15:36:04.636Z&#8221;;s:9:&#8221;updatedAt&#8221;;s:24:&#8221;2024-11-13T15:37:23.546Z&#8221;;s:10:&#8221;brandingId&#8221;;N;s:7:&#8221;blockId&#8221;;i:8772;s:14:&#8221;organizationId&#8221;;i:619;s:10:&#8221;positionId&#8221;;N;s:13:&#8221;applicationId&#8221;;N;}}}i:4;a:24:{s:13:&#8221;buttonActions&#8221;;a:2:{s:19:&#8221;primaryButtonAction&#8221;;N;s:21:&#8221;secondaryButtonAction&#8221;;N;}s:2:&#8221;id&#8221;;i:8774;s:4:&#8221;type&#8221;;s:5:&#8221;image&#8221;;s:8:&#8221;listType&#8221;;N;s:10:&#8221;blockOrder&#8221;;i:4;s:5:&#8221;title&#8221;;s:8:&#8221;An image&#8221;;s:8:&#8221;subTitle&#8221;;N;s:4:&#8221;body&#8221;;N;s:14:&#8221;backgroundType&#8221;;N;s:17:&#8221;backgroundPattern&#8221;;N;s:15:&#8221;backgroundColor&#8221;;s:11:&#8221;transparent&#8221;;s:15:&#8221;backgroundVideo&#8221;;N;s:9:&#8221;blockSize&#8221;;s:2:&#8221;md&#8221;;s:15:&#8221;paddingVertical&#8221;;s:2:&#8221;sm&#8221;;s:9:&#8221;imageLeft&#8221;;b:1;s:19:&#8221;primaryButtonAction&#8221;;N;s:21:&#8221;secondaryButtonAction&#8221;;N;s:11:&#8221;contactName&#8221;;N;s:12:&#8221;contactEmail&#8221;;N;s:9:&#8221;createdAt&#8221;;s:24:&#8221;2024-11-13T15:37:22.558Z&#8221;;s:9:&#8221;updatedAt&#8221;;s:24:&#8221;2024-11-19T15:22:09.397Z&#8221;;s:6:&#8221;pageId&#8221;;i:1910;s:14:&#8221;organizationId&#8221;;i:619;s:5:&#8221;files&#8221;;a:1:{i:0;a:18:{s:2:&#8221;id&#8221;;i:79441;s:4:&#8221;uuid&#8221;;s:36:&#8221;0714afe3-4339-402d-9ba4-e2aa3106d318&#8243;;s:8:&#8221;filename&#8221;;s:9:&#8221;Dstny.png&#8221;;s:4:&#8221;type&#8221;;s:5:&#8221;image&#8221;;s:7:&#8221;docType&#8221;;s:5:&#8221;other&#8221;;s:8:&#8221;mimeType&#8221;;s:9:&#8221;image\/png&#8221;;s:9:&#8221;bucketKey&#8221;;s:83:&#8221;c34616a6-44fb-48dd-8c7b-98c815978359\/0714afe3-4339-402d-9ba4-e2aa3106d318\/Dstny.png&#8221;;s:3:&#8221;alt&#8221;;N;s:6:&#8221;public&#8221;;b:1;s:4:&#8221;isCp&#8221;;b:1;s:4:&#8221;temp&#8221;;b:0;s:9:&#8221;createdAt&#8221;;s:24:&#8221;2024-11-13T15:36:42.305Z&#8221;;s:9:&#8221;updatedAt&#8221;;s:24:&#8221;2024-11-13T15:37:23.074Z&#8221;;s:10:&#8221;brandingId&#8221;;N;s:7:&#8221;blockId&#8221;;i:8774;s:14:&#8221;organizationId&#8221;;i:619;s:10:&#8221;positionId&#8221;;N;s:13:&#8221;applicationId&#8221;;N;}}}i:5;a:24:{s:13:&#8221;buttonActions&#8221;;a:2:{s:19:&#8221;primaryButtonAction&#8221;;N;s:21:&#8221;secondaryButtonAction&#8221;;N;}s:2:&#8221;id&#8221;;i:8775;s:4:&#8221;type&#8221;;s:9:&#8221;paragraph&#8221;;s:8:&#8221;listType&#8221;;N;s:10:&#8221;blockOrder&#8221;;i:5;s:5:&#8221;title&#8221;;s:0:&#8221;&#8221;;s:8:&#8221;subTitle&#8221;;N;s:4:&#8221;body&#8221;;s:1451:&#8221;<\/p>\n<h2><\/h2>\n<h2>At arbejde hos Dstny<\/h2>\n<p><\/p>\n<p><strong>Arbejdstider og arbejdssteder<\/strong><\/p>\n<p>De fleste af os arbejder fra hovedkontoret i N\u00e6rum eller fra kontorerne i Risskov og N\u00f8rresundby&nbsp;indenfor almindelige \u00e5bningstider mandag \u2013 fredag. Vi er dog fleksible ift. s\u00e6rlige hensyn og behov, og vi benytter os ogs\u00e5 af hjemmearbejde, n\u00e5r det passer godt ind. Arbejds- og fritidsbalancen har gode k\u00e5r hos os.<\/p>\n<p><\/p>\n<p><strong>Plads til personlig og faglig udvikling<\/strong><\/p>\n<p>Vores branche gennemg\u00e5r h\u00e6sbl\u00e6sende teknologiforandringer. Vi tror p\u00e5, at de kommende 10 \u00e5r byder p\u00e5 store forandringer i erhvervslivets m\u00e5de at kommunikere, samarbejde og arbejde p\u00e5. \u00d8nsker du at arbejde med de nyeste teknologier og skabe v\u00e6rdi for kunderne og for Dstny, passer du godt ind.<\/p>\n<p><\/p>\n<p><strong>Pension, sundheds- og tandforsikring<\/strong><\/p>\n<p>Oveni l\u00f8nnen tilbyder vi en almindelig god pensionsordning og en sundhedsforsikring, som ogs\u00e5 d\u00e6kker dine b\u00f8rn i husstanden op til 24 \u00e5r, og god tandforsikring. Endelig d\u00e6kker vi udgifter til mobilabonnement og internet og giver tilskud til ny smartphone.<\/p>\n<p><\/p>\n<p><strong>Sund frokostordning<\/strong><\/p>\n<p>I vores kantine i N\u00e6rum byder vi hver dag p\u00e5 et sundt og bredt udvalg af varm mad, br\u00f8d, p\u00e5l\u00e6g og velsmagende salater. Der eraltid noget for enhver smag. Hver fredag morgen spiser vi morgenmad med lunt bagv\u00e6rk sammen.&nbsp;<\/p>\n<p>&#8220;;s:14:&#8221;backgroundType&#8221;;N;s:17:&#8221;backgroundPattern&#8221;;N;s:15:&#8221;backgroundColor&#8221;;s:11:&#8221;transparent&#8221;;s:15:&#8221;backgroundVideo&#8221;;N;s:9:&#8221;blockSize&#8221;;s:2:&#8221;md&#8221;;s:15:&#8221;paddingVertical&#8221;;s:2:&#8221;sm&#8221;;s:9:&#8221;imageLeft&#8221;;b:1;s:19:&#8221;primaryButtonAction&#8221;;N;s:21:&#8221;secondaryButtonAction&#8221;;N;s:11:&#8221;contactName&#8221;;N;s:12:&#8221;contactEmail&#8221;;N;s:9:&#8221;createdAt&#8221;;s:24:&#8221;2024-11-13T15:37:22.565Z&#8221;;s:9:&#8221;updatedAt&#8221;;s:24:&#8221;2024-11-19T15:22:09.398Z&#8221;;s:6:&#8221;pageId&#8221;;i:1910;s:14:&#8221;organizationId&#8221;;i:619;s:5:&#8221;files&#8221;;a:0:{}}i:6;a:24:{s:13:&#8221;buttonActions&#8221;;a:2:{s:19:&#8221;primaryButtonAction&#8221;;N;s:21:&#8221;secondaryButtonAction&#8221;;N;}s:2:&#8221;id&#8221;;i:8821;s:4:&#8221;type&#8221;;s:5:&#8221;image&#8221;;s:8:&#8221;listType&#8221;;N;s:10:&#8221;blockOrder&#8221;;i:6;s:5:&#8221;title&#8221;;s:8:&#8221;An image&#8221;;s:8:&#8221;subTitle&#8221;;N;s:4:&#8221;body&#8221;;N;s:14:&#8221;backgroundType&#8221;;N;s:17:&#8221;backgroundPattern&#8221;;N;s:15:&#8221;backgroundColor&#8221;;s:11:&#8221;transparent&#8221;;s:15:&#8221;backgroundVideo&#8221;;N;s:9:&#8221;blockSize&#8221;;s:2:&#8221;md&#8221;;s:15:&#8221;paddingVertical&#8221;;s:2:&#8221;sm&#8221;;s:9:&#8221;imageLeft&#8221;;b:1;s:19:&#8221;primaryButtonAction&#8221;;N;s:21:&#8221;secondaryButtonAction&#8221;;N;s:11:&#8221;contactName&#8221;;N;s:12:&#8221;contactEmail&#8221;;N;s:9:&#8221;createdAt&#8221;;s:24:&#8221;2024-11-19T15:22:59.825Z&#8221;;s:9:&#8221;updatedAt&#8221;;s:24:&#8221;2024-11-19T15:22:59.825Z&#8221;;s:6:&#8221;pageId&#8221;;i:1910;s:14:&#8221;organizationId&#8221;;i:619;s:5:&#8221;files&#8221;;a:1:{i:0;a:18:{s:2:&#8221;id&#8221;;i:80199;s:4:&#8221;uuid&#8221;;s:36:&#8221;b9762ba5-635f-4631-9d3e-750c3404ae97&#8243;;s:8:&#8221;filename&#8221;;s:23:&#8221;Virksomhedsbilleder.png&#8221;;s:4:&#8221;type&#8221;;s:5:&#8221;image&#8221;;s:7:&#8221;docType&#8221;;s:5:&#8221;other&#8221;;s:8:&#8221;mimeType&#8221;;s:9:&#8221;image\/png&#8221;;s:9:&#8221;bucketKey&#8221;;s:97:&#8221;c34616a6-44fb-48dd-8c7b-98c815978359\/b9762ba5-635f-4631-9d3e-750c3404ae97\/Virksomhedsbilleder.png&#8221;;s:3:&#8221;alt&#8221;;N;s:6:&#8221;public&#8221;;b:1;s:4:&#8221;isCp&#8221;;b:1;s:4:&#8221;temp&#8221;;b:0;s:9:&#8221;createdAt&#8221;;s:24:&#8221;2024-11-19T15:22:57.988Z&#8221;;s:9:&#8221;updatedAt&#8221;;s:24:&#8221;2024-11-19T15:23:00.417Z&#8221;;s:10:&#8221;brandingId&#8221;;N;s:7:&#8221;blockId&#8221;;i:8821;s:14:&#8221;organizationId&#8221;;i:619;s:10:&#8221;positionId&#8221;;N;s:13:&#8221;applicationId&#8221;;N;}}}i:7;a:24:{s:13:&#8221;buttonActions&#8221;;a:2:{s:19:&#8221;primaryButtonAction&#8221;;N;s:21:&#8221;secondaryButtonAction&#8221;;N;}s:2:&#8221;id&#8221;;i:8759;s:4:&#8221;type&#8221;;s:4:&#8221;list&#8221;;s:8:&#8221;listType&#8221;;s:6:&#8221;job_ad&#8221;;s:10:&#8221;blockOrder&#8221;;i:7;s:5:&#8221;title&#8221;;s:16:&#8221;Ledig stillinger&#8221;;s:8:&#8221;subTitle&#8221;;N;s:4:&#8221;body&#8221;;N;s:14:&#8221;backgroundType&#8221;;N;s:17:&#8221;backgroundPattern&#8221;;N;s:15:&#8221;backgroundColor&#8221;;s:11:&#8221;transparent&#8221;;s:15:&#8221;backgroundVideo&#8221;;N;s:9:&#8221;blockSize&#8221;;s:2:&#8221;md&#8221;;s:15:&#8221;paddingVertical&#8221;;s:2:&#8221;md&#8221;;s:9:&#8221;imageLeft&#8221;;b:1;s:19:&#8221;primaryButtonAction&#8221;;N;s:21:&#8221;secondaryButtonAction&#8221;;N;s:11:&#8221;contactName&#8221;;N;s:12:&#8221;contactEmail&#8221;;N;s:9:&#8221;createdAt&#8221;;s:24:&#8221;2024-11-13T13:41:19.919Z&#8221;;s:9:&#8221;updatedAt&#8221;;s:24:&#8221;2025-06-30T11:42:54.580Z&#8221;;s:6:&#8221;pageId&#8221;;i:1910;s:14:&#8221;organizationId&#8221;;i:619;s:5:&#8221;files&#8221;;a:0:{}}i:8;a:24:{s:13:&#8221;buttonActions&#8221;;a:2:{s:19:&#8221;primaryButtonAction&#8221;;N;s:21:&#8221;secondaryButtonAction&#8221;;N;}s:2:&#8221;id&#8221;;i:8819;s:4:&#8221;type&#8221;;s:9:&#8221;paragraph&#8221;;s:8:&#8221;listType&#8221;;N;s:10:&#8221;blockOrder&#8221;;i:8;s:5:&#8221;title&#8221;;s:0:&#8221;&#8221;;s:8:&#8221;subTitle&#8221;;N;s:4:&#8221;body&#8221;;s:80:&#8221;<\/p>\n<p class=\"ql-align-center\"><\/p>\n<h1 class=\"ql-align-center\">Medarbejdere<\/h1>\n<p>&#8220;;s:14:&#8221;backgroundType&#8221;;N;s:17:&#8221;backgroundPattern&#8221;;N;s:15:&#8221;backgroundColor&#8221;;s:11:&#8221;transparent&#8221;;s:15:&#8221;backgroundVideo&#8221;;N;s:9:&#8221;blockSize&#8221;;s:2:&#8221;md&#8221;;s:15:&#8221;paddingVertical&#8221;;s:2:&#8221;sm&#8221;;s:9:&#8221;imageLeft&#8221;;b:1;s:19:&#8221;primaryButtonAction&#8221;;N;s:21:&#8221;secondaryButtonAction&#8221;;N;s:11:&#8221;contactName&#8221;;N;s:12:&#8221;contactEmail&#8221;;N;s:9:&#8221;createdAt&#8221;;s:24:&#8221;2024-11-19T15:13:55.909Z&#8221;;s:9:&#8221;updatedAt&#8221;;s:24:&#8221;2024-11-19T15:22:59.830Z&#8221;;s:6:&#8221;pageId&#8221;;i:1910;s:14:&#8221;organizationId&#8221;;i:619;s:5:&#8221;files&#8221;;a:0:{}}i:9;a:24:{s:13:&#8221;buttonActions&#8221;;a:2:{s:19:&#8221;primaryButtonAction&#8221;;N;s:21:&#8221;secondaryButtonAction&#8221;;N;}s:2:&#8221;id&#8221;;i:8816;s:4:&#8221;type&#8221;;s:5:&#8221;image&#8221;;s:8:&#8221;listType&#8221;;N;s:10:&#8221;blockOrder&#8221;;i:9;s:5:&#8221;title&#8221;;s:8:&#8221;An image&#8221;;s:8:&#8221;subTitle&#8221;;N;s:4:&#8221;body&#8221;;N;s:14:&#8221;backgroundType&#8221;;N;s:17:&#8221;backgroundPattern&#8221;;N;s:15:&#8221;backgroundColor&#8221;;s:11:&#8221;transparent&#8221;;s:15:&#8221;backgroundVideo&#8221;;N;s:9:&#8221;blockSize&#8221;;s:2:&#8221;md&#8221;;s:15:&#8221;paddingVertical&#8221;;s:2:&#8221;sm&#8221;;s:9:&#8221;imageLeft&#8221;;b:1;s:19:&#8221;primaryButtonAction&#8221;;N;s:21:&#8221;secondaryButtonAction&#8221;;N;s:11:&#8221;contactName&#8221;;N;s:12:&#8221;contactEmail&#8221;;N;s:9:&#8221;createdAt&#8221;;s:24:&#8221;2024-11-19T15:03:24.343Z&#8221;;s:9:&#8221;updatedAt&#8221;;s:24:&#8221;2024-11-19T15:22:59.832Z&#8221;;s:6:&#8221;pageId&#8221;;i:1910;s:14:&#8221;organizationId&#8221;;i:619;s:5:&#8221;files&#8221;;a:1:{i:0;a:18:{s:2:&#8221;id&#8221;;i:80189;s:4:&#8221;uuid&#8221;;s:36:&#8221;f45cfbf5-d988-44b3-bc81-b157e0bcc40f&#8221;;s:8:&#8221;filename&#8221;;s:17:&#8221;Dstny_Andreas.png&#8221;;s:4:&#8221;type&#8221;;s:5:&#8221;image&#8221;;s:7:&#8221;docType&#8221;;s:5:&#8221;other&#8221;;s:8:&#8221;mimeType&#8221;;s:9:&#8221;image\/png&#8221;;s:9:&#8221;bucketKey&#8221;;s:91:&#8221;c34616a6-44fb-48dd-8c7b-98c815978359\/f45cfbf5-d988-44b3-bc81-b157e0bcc40f\/Dstny_Andreas.png&#8221;;s:3:&#8221;alt&#8221;;N;s:6:&#8221;public&#8221;;b:1;s:4:&#8221;isCp&#8221;;b:1;s:4:&#8221;temp&#8221;;b:0;s:9:&#8221;createdAt&#8221;;s:24:&#8221;2024-11-19T15:12:45.846Z&#8221;;s:9:&#8221;updatedAt&#8221;;s:24:&#8221;2024-11-19T15:13:20.887Z&#8221;;s:10:&#8221;brandingId&#8221;;N;s:7:&#8221;blockId&#8221;;i:8816;s:14:&#8221;organizationId&#8221;;i:619;s:10:&#8221;positionId&#8221;;N;s:13:&#8221;applicationId&#8221;;N;}}}i:10;a:24:{s:13:&#8221;buttonActions&#8221;;a:2:{s:19:&#8221;primaryButtonAction&#8221;;N;s:21:&#8221;secondaryButtonAction&#8221;;N;}s:2:&#8221;id&#8221;;i:8818;s:4:&#8221;type&#8221;;s:5:&#8221;image&#8221;;s:8:&#8221;listType&#8221;;N;s:10:&#8221;blockOrder&#8221;;i:10;s:5:&#8221;title&#8221;;s:8:&#8221;An image&#8221;;s:8:&#8221;subTitle&#8221;;N;s:4:&#8221;body&#8221;;N;s:14:&#8221;backgroundType&#8221;;N;s:17:&#8221;backgroundPattern&#8221;;N;s:15:&#8221;backgroundColor&#8221;;s:11:&#8221;transparent&#8221;;s:15:&#8221;backgroundVideo&#8221;;N;s:9:&#8221;blockSize&#8221;;s:2:&#8221;md&#8221;;s:15:&#8221;paddingVertical&#8221;;s:2:&#8221;sm&#8221;;s:9:&#8221;imageLeft&#8221;;b:1;s:19:&#8221;primaryButtonAction&#8221;;N;s:21:&#8221;secondaryButtonAction&#8221;;N;s:11:&#8221;contactName&#8221;;N;s:12:&#8221;contactEmail&#8221;;N;s:9:&#8221;createdAt&#8221;;s:24:&#8221;2024-11-19T15:13:18.865Z&#8221;;s:9:&#8221;updatedAt&#8221;;s:24:&#8221;2024-11-19T15:22:59.834Z&#8221;;s:6:&#8221;pageId&#8221;;i:1910;s:14:&#8221;organizationId&#8221;;i:619;s:5:&#8221;files&#8221;;a:1:{i:0;a:18:{s:2:&#8221;id&#8221;;i:80190;s:4:&#8221;uuid&#8221;;s:36:&#8221;9c4771a5-9ed3-406f-891e-f28b1029a3cd&#8221;;s:8:&#8221;filename&#8221;;s:15:&#8221;Dstny_Linda.png&#8221;;s:4:&#8221;type&#8221;;s:5:&#8221;image&#8221;;s:7:&#8221;docType&#8221;;s:5:&#8221;other&#8221;;s:8:&#8221;mimeType&#8221;;s:9:&#8221;image\/png&#8221;;s:9:&#8221;bucketKey&#8221;;s:89:&#8221;c34616a6-44fb-48dd-8c7b-98c815978359\/9c4771a5-9ed3-406f-891e-f28b1029a3cd\/Dstny_Linda.png&#8221;;s:3:&#8221;alt&#8221;;N;s:6:&#8221;public&#8221;;b:1;s:4:&#8221;isCp&#8221;;b:1;s:4:&#8221;temp&#8221;;b:0;s:9:&#8221;createdAt&#8221;;s:24:&#8221;2024-11-19T15:13:03.962Z&#8221;;s:9:&#8221;updatedAt&#8221;;s:24:&#8221;2024-11-19T15:13:19.525Z&#8221;;s:10:&#8221;brandingId&#8221;;N;s:7:&#8221;blockId&#8221;;i:8818;s:14:&#8221;organizationId&#8221;;i:619;s:10:&#8221;positionId&#8221;;N;s:13:&#8221;applicationId&#8221;;N;}}}i:11;a:24:{s:13:&#8221;buttonActions&#8221;;a:2:{s:19:&#8221;primaryButtonAction&#8221;;N;s:21:&#8221;secondaryButtonAction&#8221;;N;}s:2:&#8221;id&#8221;;i:8817;s:4:&#8221;type&#8221;;s:5:&#8221;image&#8221;;s:8:&#8221;listType&#8221;;N;s:10:&#8221;blockOrder&#8221;;i:11;s:5:&#8221;title&#8221;;s:8:&#8221;An image&#8221;;s:8:&#8221;subTitle&#8221;;N;s:4:&#8221;body&#8221;;N;s:14:&#8221;backgroundType&#8221;;N;s:17:&#8221;backgroundPattern&#8221;;N;s:15:&#8221;backgroundColor&#8221;;s:11:&#8221;transparent&#8221;;s:15:&#8221;backgroundVideo&#8221;;N;s:9:&#8221;blockSize&#8221;;s:2:&#8221;md&#8221;;s:15:&#8221;paddingVertical&#8221;;s:2:&#8221;sm&#8221;;s:9:&#8221;imageLeft&#8221;;b:1;s:19:&#8221;primaryButtonAction&#8221;;N;s:21:&#8221;secondaryButtonAction&#8221;;N;s:11:&#8221;contactName&#8221;;N;s:12:&#8221;contactEmail&#8221;;N;s:9:&#8221;createdAt&#8221;;s:24:&#8221;2024-11-19T15:13:18.869Z&#8221;;s:9:&#8221;updatedAt&#8221;;s:24:&#8221;2024-11-19T15:22:59.835Z&#8221;;s:6:&#8221;pageId&#8221;;i:1910;s:14:&#8221;organizationId&#8221;;i:619;s:5:&#8221;files&#8221;;a:1:{i:0;a:18:{s:2:&#8221;id&#8221;;i:80191;s:4:&#8221;uuid&#8221;;s:36:&#8221;fe6d5ef8-dddc-4392-af95-cd24e43f6997&#8243;;s:8:&#8221;filename&#8221;;s:16:&#8221;Dstny_Morten.png&#8221;;s:4:&#8221;type&#8221;;s:5:&#8221;image&#8221;;s:7:&#8221;docType&#8221;;s:5:&#8221;other&#8221;;s:8:&#8221;mimeType&#8221;;s:9:&#8221;image\/png&#8221;;s:9:&#8221;bucketKey&#8221;;s:90:&#8221;c34616a6-44fb-48dd-8c7b-98c815978359\/fe6d5ef8-dddc-4392-af95-cd24e43f6997\/Dstny_Morten.png&#8221;;s:3:&#8221;alt&#8221;;N;s:6:&#8221;public&#8221;;b:1;s:4:&#8221;isCp&#8221;;b:1;s:4:&#8221;temp&#8221;;b:0;s:9:&#8221;createdAt&#8221;;s:24:&#8221;2024-11-19T15:13:17.242Z&#8221;;s:9:&#8221;updatedAt&#8221;;s:24:&#8221;2024-11-19T15:13:19.529Z&#8221;;s:10:&#8221;brandingId&#8221;;N;s:7:&#8221;blockId&#8221;;i:8817;s:14:&#8221;organizationId&#8221;;i:619;s:10:&#8221;positionId&#8221;;N;s:13:&#8221;applicationId&#8221;;N;}}}i:12;a:24:{s:13:&#8221;buttonActions&#8221;;a:2:{s:19:&#8221;primaryButtonAction&#8221;;N;s:21:&#8221;secondaryButtonAction&#8221;;N;}s:2:&#8221;id&#8221;;i:8820;s:4:&#8221;type&#8221;;s:9:&#8221;paragraph&#8221;;s:8:&#8221;listType&#8221;;N;s:10:&#8221;blockOrder&#8221;;i:12;s:5:&#8221;title&#8221;;s:0:&#8221;&#8221;;s:8:&#8221;subTitle&#8221;;N;s:4:&#8221;body&#8221;;N;s:14:&#8221;backgroundType&#8221;;N;s:17:&#8221;backgroundPattern&#8221;;N;s:15:&#8221;backgroundColor&#8221;;s:11:&#8221;transparent&#8221;;s:15:&#8221;backgroundVideo&#8221;;N;s:9:&#8221;blockSize&#8221;;s:2:&#8221;md&#8221;;s:15:&#8221;paddingVertical&#8221;;s:2:&#8221;sm&#8221;;s:9:&#8221;imageLeft&#8221;;b:1;s:19:&#8221;primaryButtonAction&#8221;;N;s:21:&#8221;secondaryButtonAction&#8221;;N;s:11:&#8221;contactName&#8221;;N;s:12:&#8221;contactEmail&#8221;;N;s:9:&#8221;createdAt&#8221;;s:24:&#8221;2024-11-19T15:14:24.739Z&#8221;;s:9:&#8221;updatedAt&#8221;;s:24:&#8221;2024-11-19T15:22:59.837Z&#8221;;s:6:&#8221;pageId&#8221;;i:1910;s:14:&#8221;organizationId&#8221;;i:619;s:5:&#8221;files&#8221;;a:0:{}}i:13;a:24:{s:13:&#8221;buttonActions&#8221;;a:2:{s:19:&#8221;primaryButtonAction&#8221;;N;s:21:&#8221;secondaryButtonAction&#8221;;N;}s:2:&#8221;id&#8221;;i:8758;s:4:&#8221;type&#8221;;s:6:&#8221;footer&#8221;;s:8:&#8221;listType&#8221;;N;s:10:&#8221;blockOrder&#8221;;i:13;s:5:&#8221;title&#8221;;N;s:8:&#8221;subTitle&#8221;;N;s:4:&#8221;body&#8221;;N;s:14:&#8221;backgroundType&#8221;;N;s:17:&#8221;backgroundPattern&#8221;;N;s:15:&#8221;backgroundColor&#8221;;s:11:&#8221;transparent&#8221;;s:15:&#8221;backgroundVideo&#8221;;N;s:9:&#8221;blockSize&#8221;;s:2:&#8221;md&#8221;;s:15:&#8221;paddingVertical&#8221;;s:2:&#8221;md&#8221;;s:9:&#8221;imageLeft&#8221;;b:1;s:19:&#8221;primaryButtonAction&#8221;;N;s:21:&#8221;secondaryButtonAction&#8221;;N;s:11:&#8221;contactName&#8221;;N;s:12:&#8221;contactEmail&#8221;;N;s:9:&#8221;createdAt&#8221;;s:24:&#8221;2024-11-13T13:41:19.916Z&#8221;;s:9:&#8221;updatedAt&#8221;;s:24:&#8221;2024-11-19T15:22:59.839Z&#8221;;s:6:&#8221;pageId&#8221;;i:1910;s:14:&#8221;organizationId&#8221;;i:619;s:5:&#8221;files&#8221;;a:0:{}}}<\/p>\n","protected":false},"excerpt":{"rendered":"<p>Vil du v\u00e6re med til at forme fremtidens IT-infrastruktur og kommunikationsl\u00f8sninger til erhvervslivet? Vi leder efter nye medarbejdere, som \u00f8nsker at g\u00f8re en forskel for kunderne og kollegerne.<\/p>\n","protected":false},"author":1,"featured_media":0,"parent":0,"menu_order":0,"comment_status":"closed","ping_status":"closed","template":"","meta":{"footnotes":""},"categories":[],"class_list":["post-7","page","type-page","status-publish","hentry"],"_links":{"self":[{"href":"https:\/\/career.hitalento.com\/dstny\/wp-json\/wp\/v2\/pages\/7","targetHints":{"allow":["GET"]}}],"collection":[{"href":"https:\/\/career.hitalento.com\/dstny\/wp-json\/wp\/v2\/pages"}],"about":[{"href":"https:\/\/career.hitalento.com\/dstny\/wp-json\/wp\/v2\/types\/page"}],"author":[{"embeddable":true,"href":"https:\/\/career.hitalento.com\/dstny\/wp-json\/wp\/v2\/users\/1"}],"replies":[{"embeddable":true,"href":"https:\/\/career.hitalento.com\/dstny\/wp-json\/wp\/v2\/comments?post=7"}],"version-history":[{"count":0,"href":"https:\/\/career.hitalento.com\/dstny\/wp-json\/wp\/v2\/pages\/7\/revisions"}],"wp:attachment":[{"href":"https:\/\/career.hitalento.com\/dstny\/wp-json\/wp\/v2\/media?parent=7"}],"wp:term":[{"taxonomy":"category","embeddable":true,"href":"https:\/\/career.hitalento.com\/dstny\/wp-json\/wp\/v2\/categories?post=7"}],"curies":[{"name":"wp","href":"https:\/\/api.w.org\/{rel}","templated":true}]}}