{"id":6,"date":"2025-03-03T12:21:43","date_gmt":"2025-03-03T12:21:43","guid":{"rendered":"https:\/\/career.hitalento.com\/flexfone\/flexfone\/"},"modified":"2025-10-10T09:15:43","modified_gmt":"2025-10-10T09:15:43","slug":"flexfone","status":"publish","type":"page","link":"https:\/\/career.hitalento.com\/flexfone\/","title":{"rendered":"Flexfone"},"content":{"rendered":"<p>a:13:{i:0;a:24:{s:13:&#8221;buttonActions&#8221;;a:2:{s:19:&#8221;primaryButtonAction&#8221;;N;s:21:&#8221;secondaryButtonAction&#8221;;N;}s:2:&#8221;id&#8221;;i:10517;s:4:&#8221;type&#8221;;s:6:&#8221;header&#8221;;s:8:&#8221;listType&#8221;;N;s:10:&#8221;blockOrder&#8221;;i:0;s:5:&#8221;title&#8221;;s:32:&#8221;Bliv en del af Flexfone-familien&#8221;;s:8:&#8221;subTitle&#8221;;s:156:&#8221;Hvor der er kort fra tanke til handling, hvor det skal v\u00e6re sjovt at v\u00e6re de bedste, og hvor vi dyrker den flade struktur og hj\u00e6lper hinanden p\u00e5 tv\u00e6rs.&#8221;;s:4:&#8221;body&#8221;;N;s:14:&#8221;backgroundType&#8221;;s:5:&#8221;video&#8221;;s:17:&#8221;backgroundPattern&#8221;;N;s:15:&#8221;backgroundColor&#8221;;s:11:&#8221;transparent&#8221;;s:15:&#8221;backgroundVideo&#8221;;s:10:&#8221;1061964165&#8243;;s:9:&#8221;blockSize&#8221;;s:2:&#8221;lg&#8221;;s:15:&#8221;paddingVertical&#8221;;s:2:&#8221;md&#8221;;s:9:&#8221;imageLeft&#8221;;b:1;s:19:&#8221;primaryButtonAction&#8221;;N;s:21:&#8221;secondaryButtonAction&#8221;;N;s:11:&#8221;contactName&#8221;;N;s:12:&#8221;contactEmail&#8221;;N;s:9:&#8221;createdAt&#8221;;s:24:&#8221;2025-03-03T12:21:43.664Z&#8221;;s:9:&#8221;updatedAt&#8221;;s:24:&#8221;2025-03-03T13:56:21.679Z&#8221;;s:6:&#8221;pageId&#8221;;i:2273;s:14:&#8221;organizationId&#8221;;i:723;s:5:&#8221;files&#8221;;a:0:{}}i:1;a:24:{s:13:&#8221;buttonActions&#8221;;a:2:{s:19:&#8221;primaryButtonAction&#8221;;N;s:21:&#8221;secondaryButtonAction&#8221;;N;}s:2:&#8221;id&#8221;;i:10544;s:4:&#8221;type&#8221;;s:20:&#8221;paragraph_with_image&#8221;;s:8:&#8221;listType&#8221;;N;s:10:&#8221;blockOrder&#8221;;i:1;s:5:&#8221;title&#8221;;s:28:&#8221;Som ansat i Flexfone f\u00e5r du&#8221;;s:8:&#8221;subTitle&#8221;;N;s:4:&#8221;body&#8221;;s:343:&#8221;<\/p>\n<h2>Forplejning<\/h2>\n<p>Hver dag kan du se frem til l\u00e6kker og varieret morgenmad, frokost og eftermiddagssnack i vores kantine.<\/p>\n<p>Et bredt udvalg af varm mad, rugbr\u00f8d med p\u00e5l\u00e6g og velsmagende salater sikrer, at der er noget for enhver smag.<\/p>\n<p>Du kan ogs\u00e5 k\u00f8be aftensmad med hjem direkte fra kontoret &#8211; nemmere bliver det ikke.<\/p>\n<p>&#8220;;s:14:&#8221;backgroundType&#8221;;N;s:17:&#8221;backgroundPattern&#8221;;N;s:15:&#8221;backgroundColor&#8221;;s:11:&#8221;transparent&#8221;;s:15:&#8221;backgroundVideo&#8221;;N;s:9:&#8221;blockSize&#8221;;s:2:&#8221;md&#8221;;s:15:&#8221;paddingVertical&#8221;;s:2:&#8221;sm&#8221;;s:9:&#8221;imageLeft&#8221;;b:1;s:19:&#8221;primaryButtonAction&#8221;;N;s:21:&#8221;secondaryButtonAction&#8221;;N;s:11:&#8221;contactName&#8221;;N;s:12:&#8221;contactEmail&#8221;;N;s:9:&#8221;createdAt&#8221;;s:24:&#8221;2025-03-03T13:59:07.217Z&#8221;;s:9:&#8221;updatedAt&#8221;;s:24:&#8221;2025-03-03T14:38:58.922Z&#8221;;s:6:&#8221;pageId&#8221;;i:2273;s:14:&#8221;organizationId&#8221;;i:723;s:5:&#8221;files&#8221;;a:1:{i:0;a:18:{s:2:&#8221;id&#8221;;i:103447;s:4:&#8221;uuid&#8221;;s:36:&#8221;59a87f3d-0c82-4289-bdc0-64bbfd1e3178&#8243;;s:8:&#8221;filename&#8221;;s:22:&#8221;job_forplejning_ny.png&#8221;;s:4:&#8221;type&#8221;;s:5:&#8221;image&#8221;;s:7:&#8221;docType&#8221;;s:5:&#8221;other&#8221;;s:8:&#8221;mimeType&#8221;;s:9:&#8221;image\/png&#8221;;s:9:&#8221;bucketKey&#8221;;s:96:&#8221;d689a672-ddaf-4a73-ac29-103549cabdcf\/59a87f3d-0c82-4289-bdc0-64bbfd1e3178\/job_forplejning_ny.png&#8221;;s:3:&#8221;alt&#8221;;N;s:6:&#8221;public&#8221;;b:1;s:4:&#8221;isCp&#8221;;b:1;s:4:&#8221;temp&#8221;;b:0;s:9:&#8221;createdAt&#8221;;s:24:&#8221;2025-03-03T14:04:58.478Z&#8221;;s:9:&#8221;updatedAt&#8221;;s:24:&#8221;2025-03-03T14:05:15.453Z&#8221;;s:10:&#8221;brandingId&#8221;;N;s:7:&#8221;blockId&#8221;;i:10544;s:14:&#8221;organizationId&#8221;;i:723;s:10:&#8221;positionId&#8221;;N;s:13:&#8221;applicationId&#8221;;N;}}}i:2;a:24:{s:13:&#8221;buttonActions&#8221;;a:2:{s:19:&#8221;primaryButtonAction&#8221;;N;s:21:&#8221;secondaryButtonAction&#8221;;N;}s:2:&#8221;id&#8221;;i:10545;s:4:&#8221;type&#8221;;s:20:&#8221;paragraph_with_image&#8221;;s:8:&#8221;listType&#8221;;N;s:10:&#8221;blockOrder&#8221;;i:2;s:5:&#8221;title&#8221;;s:0:&#8221;&#8221;;s:8:&#8221;subTitle&#8221;;N;s:4:&#8221;body&#8221;;s:253:&#8221;<\/p>\n<h2>Et godt arbejdsmilj\u00f8<\/h2>\n<p>Hos Flexfone har vi en rar og uformel omgangstone med plads til b\u00e5de sjov og alvor.<\/p>\n<p>Vi tror p\u00e5, at succes og sjov g\u00e5r h\u00e5nd i h\u00e5nd. Vi har en flad struktur og et godt samarbejde p\u00e5 tv\u00e6rs af organisationen<\/p>\n<p>&#8220;;s:14:&#8221;backgroundType&#8221;;N;s:17:&#8221;backgroundPattern&#8221;;N;s:15:&#8221;backgroundColor&#8221;;s:11:&#8221;transparent&#8221;;s:15:&#8221;backgroundVideo&#8221;;N;s:9:&#8221;blockSize&#8221;;s:2:&#8221;md&#8221;;s:15:&#8221;paddingVertical&#8221;;s:2:&#8221;sm&#8221;;s:9:&#8221;imageLeft&#8221;;b:0;s:19:&#8221;primaryButtonAction&#8221;;N;s:21:&#8221;secondaryButtonAction&#8221;;N;s:11:&#8221;contactName&#8221;;N;s:12:&#8221;contactEmail&#8221;;N;s:9:&#8221;createdAt&#8221;;s:24:&#8221;2025-03-03T13:59:07.224Z&#8221;;s:9:&#8221;updatedAt&#8221;;s:24:&#8221;2025-03-03T14:38:58.928Z&#8221;;s:6:&#8221;pageId&#8221;;i:2273;s:14:&#8221;organizationId&#8221;;i:723;s:5:&#8221;files&#8221;;a:1:{i:0;a:18:{s:2:&#8221;id&#8221;;i:103448;s:4:&#8221;uuid&#8221;;s:36:&#8221;93bdc29a-b9bc-408e-9c3e-159ba5924aa4&#8243;;s:8:&#8221;filename&#8221;;s:23:&#8221;job_arbejdsmiljo_ny.png&#8221;;s:4:&#8221;type&#8221;;s:5:&#8221;image&#8221;;s:7:&#8221;docType&#8221;;s:5:&#8221;other&#8221;;s:8:&#8221;mimeType&#8221;;s:9:&#8221;image\/png&#8221;;s:9:&#8221;bucketKey&#8221;;s:97:&#8221;d689a672-ddaf-4a73-ac29-103549cabdcf\/93bdc29a-b9bc-408e-9c3e-159ba5924aa4\/job_arbejdsmiljo_ny.png&#8221;;s:3:&#8221;alt&#8221;;N;s:6:&#8221;public&#8221;;b:1;s:4:&#8221;isCp&#8221;;b:1;s:4:&#8221;temp&#8221;;b:0;s:9:&#8221;createdAt&#8221;;s:24:&#8221;2025-03-03T14:05:11.700Z&#8221;;s:9:&#8221;updatedAt&#8221;;s:24:&#8221;2025-03-03T14:05:15.456Z&#8221;;s:10:&#8221;brandingId&#8221;;N;s:7:&#8221;blockId&#8221;;i:10545;s:14:&#8221;organizationId&#8221;;i:723;s:10:&#8221;positionId&#8221;;N;s:13:&#8221;applicationId&#8221;;N;}}}i:3;a:24:{s:13:&#8221;buttonActions&#8221;;a:2:{s:19:&#8221;primaryButtonAction&#8221;;N;s:21:&#8221;secondaryButtonAction&#8221;;N;}s:2:&#8221;id&#8221;;i:10546;s:4:&#8221;type&#8221;;s:20:&#8221;paragraph_with_image&#8221;;s:8:&#8221;listType&#8221;;N;s:10:&#8221;blockOrder&#8221;;i:3;s:5:&#8221;title&#8221;;s:0:&#8221;&#8221;;s:8:&#8221;subTitle&#8221;;N;s:4:&#8221;body&#8221;;s:291:&#8221;<\/p>\n<h2>De nyeste teknologier<\/h2>\n<p>Som medarbejder i Flexfone f\u00e5r du mulighed for at arbejde med en lang r\u00e6kke moderne teknologier.<\/p>\n<p>I vores udviklingsafdeling benytter vi for eksempel .NET Core (C#), MySQL-databaser, Rest API, Docker, Kubernetes, Bamboo\/Bitbucket og Elasticsearch.<\/p>\n<p>&#8220;;s:14:&#8221;backgroundType&#8221;;N;s:17:&#8221;backgroundPattern&#8221;;N;s:15:&#8221;backgroundColor&#8221;;s:11:&#8221;transparent&#8221;;s:15:&#8221;backgroundVideo&#8221;;N;s:9:&#8221;blockSize&#8221;;s:2:&#8221;md&#8221;;s:15:&#8221;paddingVertical&#8221;;s:2:&#8221;sm&#8221;;s:9:&#8221;imageLeft&#8221;;b:1;s:19:&#8221;primaryButtonAction&#8221;;N;s:21:&#8221;secondaryButtonAction&#8221;;N;s:11:&#8221;contactName&#8221;;N;s:12:&#8221;contactEmail&#8221;;N;s:9:&#8221;createdAt&#8221;;s:24:&#8221;2025-03-03T14:06:05.391Z&#8221;;s:9:&#8221;updatedAt&#8221;;s:24:&#8221;2025-03-03T14:38:58.927Z&#8221;;s:6:&#8221;pageId&#8221;;i:2273;s:14:&#8221;organizationId&#8221;;i:723;s:5:&#8221;files&#8221;;a:1:{i:0;a:18:{s:2:&#8221;id&#8221;;i:103451;s:4:&#8221;uuid&#8221;;s:36:&#8221;9ddf1bb3-b20c-4617-93b9-0b04a1c2a4d7&#8243;;s:8:&#8221;filename&#8221;;s:21:&#8221;jo_teknologier_ny.png&#8221;;s:4:&#8221;type&#8221;;s:5:&#8221;image&#8221;;s:7:&#8221;docType&#8221;;s:5:&#8221;other&#8221;;s:8:&#8221;mimeType&#8221;;s:9:&#8221;image\/png&#8221;;s:9:&#8221;bucketKey&#8221;;s:95:&#8221;d689a672-ddaf-4a73-ac29-103549cabdcf\/9ddf1bb3-b20c-4617-93b9-0b04a1c2a4d7\/jo_teknologier_ny.png&#8221;;s:3:&#8221;alt&#8221;;N;s:6:&#8221;public&#8221;;b:1;s:4:&#8221;isCp&#8221;;b:1;s:4:&#8221;temp&#8221;;b:0;s:9:&#8221;createdAt&#8221;;s:24:&#8221;2025-03-03T14:08:12.890Z&#8221;;s:9:&#8221;updatedAt&#8221;;s:24:&#8221;2025-03-03T14:08:18.158Z&#8221;;s:10:&#8221;brandingId&#8221;;N;s:7:&#8221;blockId&#8221;;i:10546;s:14:&#8221;organizationId&#8221;;i:723;s:10:&#8221;positionId&#8221;;N;s:13:&#8221;applicationId&#8221;;N;}}}i:4;a:24:{s:13:&#8221;buttonActions&#8221;;a:2:{s:19:&#8221;primaryButtonAction&#8221;;N;s:21:&#8221;secondaryButtonAction&#8221;;N;}s:2:&#8221;id&#8221;;i:10547;s:4:&#8221;type&#8221;;s:20:&#8221;paragraph_with_image&#8221;;s:8:&#8221;listType&#8221;;N;s:10:&#8221;blockOrder&#8221;;i:4;s:5:&#8221;title&#8221;;s:0:&#8221;&#8221;;s:8:&#8221;subTitle&#8221;;N;s:4:&#8221;body&#8221;;s:353:&#8221;<\/p>\n<h2>Helbred<\/h2>\n<p>Der er fri adgang til husets tr\u00e6ningsfaciliteter, s\u00e5 hvis du g\u00e5r op i, at eftermiddagssnacken skal forbr\u00e6ndes, har du rig mulighed for at klare det.<\/p>\n<p>Desuden kan du booke tid hos vores fysioterapeut, der kommer forbi kontoret p\u00e5 fast basis.<\/p>\n<p>Som ansat i Flexfone er du tilmed ogs\u00e5 d\u00e6kket af en sundhedsforsikring.<\/p>\n<p>&#8220;;s:14:&#8221;backgroundType&#8221;;N;s:17:&#8221;backgroundPattern&#8221;;N;s:15:&#8221;backgroundColor&#8221;;s:11:&#8221;transparent&#8221;;s:15:&#8221;backgroundVideo&#8221;;N;s:9:&#8221;blockSize&#8221;;s:2:&#8221;md&#8221;;s:15:&#8221;paddingVertical&#8221;;s:2:&#8221;sm&#8221;;s:9:&#8221;imageLeft&#8221;;b:0;s:19:&#8221;primaryButtonAction&#8221;;N;s:21:&#8221;secondaryButtonAction&#8221;;N;s:11:&#8221;contactName&#8221;;N;s:12:&#8221;contactEmail&#8221;;N;s:9:&#8221;createdAt&#8221;;s:24:&#8221;2025-03-03T14:06:05.428Z&#8221;;s:9:&#8221;updatedAt&#8221;;s:24:&#8221;2025-03-03T14:38:58.931Z&#8221;;s:6:&#8221;pageId&#8221;;i:2273;s:14:&#8221;organizationId&#8221;;i:723;s:5:&#8221;files&#8221;;a:1:{i:0;a:18:{s:2:&#8221;id&#8221;;i:103450;s:4:&#8221;uuid&#8221;;s:36:&#8221;f9b5b86f-c21f-48fe-9918-f62caf83d545&#8243;;s:8:&#8221;filename&#8221;;s:18:&#8221;job_helbred_ny.png&#8221;;s:4:&#8221;type&#8221;;s:5:&#8221;image&#8221;;s:7:&#8221;docType&#8221;;s:5:&#8221;other&#8221;;s:8:&#8221;mimeType&#8221;;s:9:&#8221;image\/png&#8221;;s:9:&#8221;bucketKey&#8221;;s:92:&#8221;d689a672-ddaf-4a73-ac29-103549cabdcf\/f9b5b86f-c21f-48fe-9918-f62caf83d545\/job_helbred_ny.png&#8221;;s:3:&#8221;alt&#8221;;N;s:6:&#8221;public&#8221;;b:1;s:4:&#8221;isCp&#8221;;b:1;s:4:&#8221;temp&#8221;;b:0;s:9:&#8221;createdAt&#8221;;s:24:&#8221;2025-03-03T14:06:28.346Z&#8221;;s:9:&#8221;updatedAt&#8221;;s:24:&#8221;2025-03-03T14:06:30.903Z&#8221;;s:10:&#8221;brandingId&#8221;;N;s:7:&#8221;blockId&#8221;;i:10547;s:14:&#8221;organizationId&#8221;;i:723;s:10:&#8221;positionId&#8221;;N;s:13:&#8221;applicationId&#8221;;N;}}}i:5;a:24:{s:13:&#8221;buttonActions&#8221;;a:2:{s:19:&#8221;primaryButtonAction&#8221;;N;s:21:&#8221;secondaryButtonAction&#8221;;N;}s:2:&#8221;id&#8221;;i:10548;s:4:&#8221;type&#8221;;s:20:&#8221;paragraph_with_image&#8221;;s:8:&#8221;listType&#8221;;N;s:10:&#8221;blockOrder&#8221;;i:5;s:5:&#8221;title&#8221;;s:0:&#8221;&#8221;;s:8:&#8221;subTitle&#8221;;N;s:4:&#8221;body&#8221;;s:344:&#8221;<\/p>\n<h2>Faglig sparring<\/h2>\n<p>F\u00e5 faglig sparring med de bedste og dygtigste kolleger. Vi har en god blanding af folk, som hver is\u00e6r bidrager med deres faglighed og erfaring. Der er plads til at vidensdele og sparre.<\/p>\n<p>Derudover er der opbakning og rum til, at vores medarbejdere kan dygtigg\u00f8re sig og n\u00f8rde inden for deres fagomr\u00e5der.<\/p>\n<p>&#8220;;s:14:&#8221;backgroundType&#8221;;N;s:17:&#8221;backgroundPattern&#8221;;N;s:15:&#8221;backgroundColor&#8221;;s:11:&#8221;transparent&#8221;;s:15:&#8221;backgroundVideo&#8221;;N;s:9:&#8221;blockSize&#8221;;s:2:&#8221;md&#8221;;s:15:&#8221;paddingVertical&#8221;;s:2:&#8221;sm&#8221;;s:9:&#8221;imageLeft&#8221;;b:1;s:19:&#8221;primaryButtonAction&#8221;;N;s:21:&#8221;secondaryButtonAction&#8221;;N;s:11:&#8221;contactName&#8221;;N;s:12:&#8221;contactEmail&#8221;;N;s:9:&#8221;createdAt&#8221;;s:24:&#8221;2025-03-03T14:09:42.056Z&#8221;;s:9:&#8221;updatedAt&#8221;;s:24:&#8221;2025-03-03T14:38:58.932Z&#8221;;s:6:&#8221;pageId&#8221;;i:2273;s:14:&#8221;organizationId&#8221;;i:723;s:5:&#8221;files&#8221;;a:1:{i:0;a:18:{s:2:&#8221;id&#8221;;i:103453;s:4:&#8221;uuid&#8221;;s:36:&#8221;f5e725a2-f657-4159-9bc5-621d9530ef55&#8243;;s:8:&#8221;filename&#8221;;s:26:&#8221;job_faglig_sparring_ny.png&#8221;;s:4:&#8221;type&#8221;;s:5:&#8221;image&#8221;;s:7:&#8221;docType&#8221;;s:5:&#8221;other&#8221;;s:8:&#8221;mimeType&#8221;;s:9:&#8221;image\/png&#8221;;s:9:&#8221;bucketKey&#8221;;s:100:&#8221;d689a672-ddaf-4a73-ac29-103549cabdcf\/f5e725a2-f657-4159-9bc5-621d9530ef55\/job_faglig_sparring_ny.png&#8221;;s:3:&#8221;alt&#8221;;N;s:6:&#8221;public&#8221;;b:1;s:4:&#8221;isCp&#8221;;b:1;s:4:&#8221;temp&#8221;;b:0;s:9:&#8221;createdAt&#8221;;s:24:&#8221;2025-03-03T14:09:40.238Z&#8221;;s:9:&#8221;updatedAt&#8221;;s:24:&#8221;2025-03-03T14:09:42.572Z&#8221;;s:10:&#8221;brandingId&#8221;;N;s:7:&#8221;blockId&#8221;;i:10548;s:14:&#8221;organizationId&#8221;;i:723;s:10:&#8221;positionId&#8221;;N;s:13:&#8221;applicationId&#8221;;N;}}}i:6;a:24:{s:13:&#8221;buttonActions&#8221;;a:2:{s:19:&#8221;primaryButtonAction&#8221;;N;s:21:&#8221;secondaryButtonAction&#8221;;N;}s:2:&#8221;id&#8221;;i:10549;s:4:&#8221;type&#8221;;s:5:&#8221;image&#8221;;s:8:&#8221;listType&#8221;;N;s:10:&#8221;blockOrder&#8221;;i:6;s:5:&#8221;title&#8221;;s:8:&#8221;An image&#8221;;s:8:&#8221;subTitle&#8221;;N;s:4:&#8221;body&#8221;;N;s:14:&#8221;backgroundType&#8221;;N;s:17:&#8221;backgroundPattern&#8221;;N;s:15:&#8221;backgroundColor&#8221;;s:11:&#8221;transparent&#8221;;s:15:&#8221;backgroundVideo&#8221;;N;s:9:&#8221;blockSize&#8221;;s:2:&#8221;md&#8221;;s:15:&#8221;paddingVertical&#8221;;s:2:&#8221;sm&#8221;;s:9:&#8221;imageLeft&#8221;;b:1;s:19:&#8221;primaryButtonAction&#8221;;N;s:21:&#8221;secondaryButtonAction&#8221;;N;s:11:&#8221;contactName&#8221;;N;s:12:&#8221;contactEmail&#8221;;N;s:9:&#8221;createdAt&#8221;;s:24:&#8221;2025-03-03T14:10:39.368Z&#8221;;s:9:&#8221;updatedAt&#8221;;s:24:&#8221;2025-03-03T14:38:58.933Z&#8221;;s:6:&#8221;pageId&#8221;;i:2273;s:14:&#8221;organizationId&#8221;;i:723;s:5:&#8221;files&#8221;;a:1:{i:0;a:18:{s:2:&#8221;id&#8221;;i:104690;s:4:&#8221;uuid&#8221;;s:36:&#8221;7f36603e-3645-46e0-9611-8958b8b8a3ff&#8221;;s:8:&#8221;filename&#8221;;s:12:&#8221;Flexfone.png&#8221;;s:4:&#8221;type&#8221;;s:5:&#8221;image&#8221;;s:7:&#8221;docType&#8221;;s:5:&#8221;other&#8221;;s:8:&#8221;mimeType&#8221;;s:9:&#8221;image\/png&#8221;;s:9:&#8221;bucketKey&#8221;;s:86:&#8221;d689a672-ddaf-4a73-ac29-103549cabdcf\/7f36603e-3645-46e0-9611-8958b8b8a3ff\/Flexfone.png&#8221;;s:3:&#8221;alt&#8221;;N;s:6:&#8221;public&#8221;;b:1;s:4:&#8221;isCp&#8221;;b:1;s:4:&#8221;temp&#8221;;b:0;s:9:&#8221;createdAt&#8221;;s:24:&#8221;2025-03-06T09:53:17.965Z&#8221;;s:9:&#8221;updatedAt&#8221;;s:24:&#8221;2025-03-06T09:53:21.986Z&#8221;;s:10:&#8221;brandingId&#8221;;N;s:7:&#8221;blockId&#8221;;i:10549;s:14:&#8221;organizationId&#8221;;i:723;s:10:&#8221;positionId&#8221;;N;s:13:&#8221;applicationId&#8221;;N;}}}i:7;a:24:{s:13:&#8221;buttonActions&#8221;;a:2:{s:19:&#8221;primaryButtonAction&#8221;;N;s:21:&#8221;secondaryButtonAction&#8221;;N;}s:2:&#8221;id&#8221;;i:10551;s:4:&#8221;type&#8221;;s:5:&#8221;image&#8221;;s:8:&#8221;listType&#8221;;N;s:10:&#8221;blockOrder&#8221;;i:7;s:5:&#8221;title&#8221;;s:8:&#8221;An image&#8221;;s:8:&#8221;subTitle&#8221;;N;s:4:&#8221;body&#8221;;N;s:14:&#8221;backgroundType&#8221;;N;s:17:&#8221;backgroundPattern&#8221;;N;s:15:&#8221;backgroundColor&#8221;;s:11:&#8221;transparent&#8221;;s:15:&#8221;backgroundVideo&#8221;;N;s:9:&#8221;blockSize&#8221;;s:2:&#8221;md&#8221;;s:15:&#8221;paddingVertical&#8221;;s:2:&#8221;sm&#8221;;s:9:&#8221;imageLeft&#8221;;b:1;s:19:&#8221;primaryButtonAction&#8221;;N;s:21:&#8221;secondaryButtonAction&#8221;;N;s:11:&#8221;contactName&#8221;;N;s:12:&#8221;contactEmail&#8221;;N;s:9:&#8221;createdAt&#8221;;s:24:&#8221;2025-03-03T14:38:28.432Z&#8221;;s:9:&#8221;updatedAt&#8221;;s:24:&#8221;2025-03-03T14:38:58.934Z&#8221;;s:6:&#8221;pageId&#8221;;i:2273;s:14:&#8221;organizationId&#8221;;i:723;s:5:&#8221;files&#8221;;a:1:{i:0;a:18:{s:2:&#8221;id&#8221;;i:103475;s:4:&#8221;uuid&#8221;;s:36:&#8221;bd089c4c-aac1-48ac-8be2-0429ad09730a&#8221;;s:8:&#8221;filename&#8221;;s:25:&#8221;Flexfone_medarbejdere.png&#8221;;s:4:&#8221;type&#8221;;s:5:&#8221;image&#8221;;s:7:&#8221;docType&#8221;;s:5:&#8221;other&#8221;;s:8:&#8221;mimeType&#8221;;s:9:&#8221;image\/png&#8221;;s:9:&#8221;bucketKey&#8221;;s:99:&#8221;d689a672-ddaf-4a73-ac29-103549cabdcf\/bd089c4c-aac1-48ac-8be2-0429ad09730a\/Flexfone_medarbejdere.png&#8221;;s:3:&#8221;alt&#8221;;N;s:6:&#8221;public&#8221;;b:1;s:4:&#8221;isCp&#8221;;b:1;s:4:&#8221;temp&#8221;;b:0;s:9:&#8221;createdAt&#8221;;s:24:&#8221;2025-03-03T14:38:26.656Z&#8221;;s:9:&#8221;updatedAt&#8221;;s:24:&#8221;2025-03-03T14:38:29.050Z&#8221;;s:10:&#8221;brandingId&#8221;;N;s:7:&#8221;blockId&#8221;;i:10551;s:14:&#8221;organizationId&#8221;;i:723;s:10:&#8221;positionId&#8221;;N;s:13:&#8221;applicationId&#8221;;N;}}}i:8;a:24:{s:13:&#8221;buttonActions&#8221;;a:2:{s:19:&#8221;primaryButtonAction&#8221;;N;s:21:&#8221;secondaryButtonAction&#8221;;N;}s:2:&#8221;id&#8221;;i:10518;s:4:&#8221;type&#8221;;s:9:&#8221;paragraph&#8221;;s:8:&#8221;listType&#8221;;N;s:10:&#8221;blockOrder&#8221;;i:8;s:5:&#8221;title&#8221;;s:0:&#8221;&#8221;;s:8:&#8221;subTitle&#8221;;N;s:4:&#8221;body&#8221;;s:302:&#8221;<\/p>\n<h2 class=\"ql-align-center\">Vi s\u00f8ger altid efter nye talenter, som kan bidrage til teamet bag Flexfone<\/h2>\n<p class=\"ql-align-center\"><\/p>\n<p class=\"ql-align-center\"><span>Du er velkommen til at sende en uopfordret ans\u00f8gning til os&nbsp;her p\u00e5 siden.<\/span><\/p>\n<p>&#8220;;s:14:&#8221;backgroundType&#8221;;N;s:17:&#8221;backgroundPattern&#8221;;N;s:15:&#8221;backgroundColor&#8221;;s:7:&#8221;#f7f7f7&#8243;;s:15:&#8221;backgroundVideo&#8221;;N;s:9:&#8221;blockSize&#8221;;s:2:&#8221;md&#8221;;s:15:&#8221;paddingVertical&#8221;;s:2:&#8221;md&#8221;;s:9:&#8221;imageLeft&#8221;;b:1;s:19:&#8221;primaryButtonAction&#8221;;N;s:21:&#8221;secondaryButtonAction&#8221;;N;s:11:&#8221;contactName&#8221;;N;s:12:&#8221;contactEmail&#8221;;N;s:9:&#8221;createdAt&#8221;;s:24:&#8221;2025-03-03T12:21:43.667Z&#8221;;s:9:&#8221;updatedAt&#8221;;s:24:&#8221;2025-03-03T14:38:58.936Z&#8221;;s:6:&#8221;pageId&#8221;;i:2273;s:14:&#8221;organizationId&#8221;;i:723;s:5:&#8221;files&#8221;;a:0:{}}i:9;a:24:{s:13:&#8221;buttonActions&#8221;;a:2:{s:19:&#8221;primaryButtonAction&#8221;;N;s:21:&#8221;secondaryButtonAction&#8221;;N;}s:2:&#8221;id&#8221;;i:10552;s:4:&#8221;type&#8221;;s:9:&#8221;paragraph&#8221;;s:8:&#8221;listType&#8221;;N;s:10:&#8221;blockOrder&#8221;;i:9;s:5:&#8221;title&#8221;;s:0:&#8221;&#8221;;s:8:&#8221;subTitle&#8221;;N;s:4:&#8221;body&#8221;;s:421:&#8221;<\/p>\n<h2 class=\"ql-align-center\"><span style=\"background-color: transparent\">F\u00f8lg os p\u00e5 <\/span><a href=\"https:\/\/www.linkedin.com\/company\/flexfone-a-s\/\" rel=\"noopener noreferrer\" target=\"_blank\" style=\"background-color: transparent\">LinkedIn<\/a><\/h2>\n<p class=\"ql-align-center\"><strong>og v\u00e6r blandt de f\u00f8rste til at vide, n\u00e5r vi har nye stillinger \u00e5bn<\/strong>e<\/p>\n<p>&#8220;;s:14:&#8221;backgroundType&#8221;;N;s:17:&#8221;backgroundPattern&#8221;;N;s:15:&#8221;backgroundColor&#8221;;s:7:&#8221;#FFFFFF&#8221;;s:15:&#8221;backgroundVideo&#8221;;N;s:9:&#8221;blockSize&#8221;;s:2:&#8221;md&#8221;;s:15:&#8221;paddingVertical&#8221;;s:2:&#8221;sm&#8221;;s:9:&#8221;imageLeft&#8221;;b:1;s:19:&#8221;primaryButtonAction&#8221;;N;s:21:&#8221;secondaryButtonAction&#8221;;N;s:11:&#8221;contactName&#8221;;N;s:12:&#8221;contactEmail&#8221;;N;s:9:&#8221;createdAt&#8221;;s:24:&#8221;2025-03-03T14:39:44.951Z&#8221;;s:9:&#8221;updatedAt&#8221;;s:24:&#8221;2025-10-10T09:15:42.845Z&#8221;;s:6:&#8221;pageId&#8221;;i:2273;s:14:&#8221;organizationId&#8221;;i:723;s:5:&#8221;files&#8221;;a:0:{}}i:10;a:24:{s:13:&#8221;buttonActions&#8221;;a:2:{s:19:&#8221;primaryButtonAction&#8221;;N;s:21:&#8221;secondaryButtonAction&#8221;;N;}s:2:&#8221;id&#8221;;i:10520;s:4:&#8221;type&#8221;;s:4:&#8221;list&#8221;;s:8:&#8221;listType&#8221;;s:6:&#8221;job_ad&#8221;;s:10:&#8221;blockOrder&#8221;;i:10;s:5:&#8221;title&#8221;;s:16:&#8221;Ledig stillinger&#8221;;s:8:&#8221;subTitle&#8221;;N;s:4:&#8221;body&#8221;;N;s:14:&#8221;backgroundType&#8221;;N;s:17:&#8221;backgroundPattern&#8221;;N;s:15:&#8221;backgroundColor&#8221;;s:11:&#8221;transparent&#8221;;s:15:&#8221;backgroundVideo&#8221;;N;s:9:&#8221;blockSize&#8221;;s:2:&#8221;md&#8221;;s:15:&#8221;paddingVertical&#8221;;s:2:&#8221;md&#8221;;s:9:&#8221;imageLeft&#8221;;b:1;s:19:&#8221;primaryButtonAction&#8221;;N;s:21:&#8221;secondaryButtonAction&#8221;;N;s:11:&#8221;contactName&#8221;;N;s:12:&#8221;contactEmail&#8221;;N;s:9:&#8221;createdAt&#8221;;s:24:&#8221;2025-03-03T12:21:43.672Z&#8221;;s:9:&#8221;updatedAt&#8221;;s:24:&#8221;2025-06-30T12:12:16.321Z&#8221;;s:6:&#8221;pageId&#8221;;i:2273;s:14:&#8221;organizationId&#8221;;i:723;s:5:&#8221;files&#8221;;a:0:{}}i:11;a:24:{s:13:&#8221;buttonActions&#8221;;N;s:2:&#8221;id&#8221;;i:13492;s:4:&#8221;type&#8221;;s:5:&#8221;facts&#8221;;s:8:&#8221;listType&#8221;;N;s:10:&#8221;blockOrder&#8221;;i:11;s:5:&#8221;title&#8221;;s:11:&#8221;Om Flexfone&#8221;;s:8:&#8221;subTitle&#8221;;N;s:4:&#8221;body&#8221;;s:143:&#8221;[{&#8220;label&#8221;:&#8221;Grundlagt&#8221;,&#8221;content&#8221;:&#8221;2011&#8243;},{&#8220;label&#8221;:&#8221;Hovedkvarter&#8221;,&#8221;content&#8221;:&#8221;Skanderborg, Danmark&#8221;},{&#8220;label&#8221;:&#8221;Medarbejdere&#8221;,&#8221;content&#8221;:&#8221;11 &#8211; 50&#8243;}]&#8221;;s:14:&#8221;backgroundType&#8221;;N;s:17:&#8221;backgroundPattern&#8221;;N;s:15:&#8221;backgroundColor&#8221;;s:7:&#8221;#2d94f3&#8243;;s:15:&#8221;backgroundVideo&#8221;;N;s:9:&#8221;blockSize&#8221;;s:2:&#8221;md&#8221;;s:15:&#8221;paddingVertical&#8221;;s:2:&#8221;md&#8221;;s:9:&#8221;imageLeft&#8221;;b:1;s:19:&#8221;primaryButtonAction&#8221;;N;s:21:&#8221;secondaryButtonAction&#8221;;N;s:11:&#8221;contactName&#8221;;N;s:12:&#8221;contactEmail&#8221;;N;s:9:&#8221;createdAt&#8221;;s:24:&#8221;2025-10-10T09:15:42.852Z&#8221;;s:9:&#8221;updatedAt&#8221;;s:24:&#8221;2025-10-10T09:15:42.852Z&#8221;;s:6:&#8221;pageId&#8221;;i:2273;s:14:&#8221;organizationId&#8221;;i:723;s:5:&#8221;files&#8221;;a:0:{}}i:12;a:24:{s:13:&#8221;buttonActions&#8221;;a:2:{s:19:&#8221;primaryButtonAction&#8221;;N;s:21:&#8221;secondaryButtonAction&#8221;;N;}s:2:&#8221;id&#8221;;i:10519;s:4:&#8221;type&#8221;;s:6:&#8221;footer&#8221;;s:8:&#8221;listType&#8221;;N;s:10:&#8221;blockOrder&#8221;;i:12;s:5:&#8221;title&#8221;;N;s:8:&#8221;subTitle&#8221;;N;s:4:&#8221;body&#8221;;N;s:14:&#8221;backgroundType&#8221;;N;s:17:&#8221;backgroundPattern&#8221;;N;s:15:&#8221;backgroundColor&#8221;;s:11:&#8221;transparent&#8221;;s:15:&#8221;backgroundVideo&#8221;;N;s:9:&#8221;blockSize&#8221;;s:2:&#8221;md&#8221;;s:15:&#8221;paddingVertical&#8221;;s:2:&#8221;md&#8221;;s:9:&#8221;imageLeft&#8221;;b:1;s:19:&#8221;primaryButtonAction&#8221;;N;s:21:&#8221;secondaryButtonAction&#8221;;N;s:11:&#8221;contactName&#8221;;N;s:12:&#8221;contactEmail&#8221;;N;s:9:&#8221;createdAt&#8221;;s:24:&#8221;2025-03-03T12:21:43.668Z&#8221;;s:9:&#8221;updatedAt&#8221;;s:24:&#8221;2025-10-10T09:15:42.854Z&#8221;;s:6:&#8221;pageId&#8221;;i:2273;s:14:&#8221;organizationId&#8221;;i:723;s:5:&#8221;files&#8221;;a:0:{}}}<\/p>\n","protected":false},"excerpt":{"rendered":"<p>My HiTalento career frontpage<\/p>\n","protected":false},"author":1,"featured_media":0,"parent":0,"menu_order":0,"comment_status":"closed","ping_status":"closed","template":"","meta":{"footnotes":""},"categories":[],"class_list":["post-6","page","type-page","status-publish","hentry"],"_links":{"self":[{"href":"https:\/\/career.hitalento.com\/flexfone\/wp-json\/wp\/v2\/pages\/6","targetHints":{"allow":["GET"]}}],"collection":[{"href":"https:\/\/career.hitalento.com\/flexfone\/wp-json\/wp\/v2\/pages"}],"about":[{"href":"https:\/\/career.hitalento.com\/flexfone\/wp-json\/wp\/v2\/types\/page"}],"author":[{"embeddable":true,"href":"https:\/\/career.hitalento.com\/flexfone\/wp-json\/wp\/v2\/users\/1"}],"replies":[{"embeddable":true,"href":"https:\/\/career.hitalento.com\/flexfone\/wp-json\/wp\/v2\/comments?post=6"}],"version-history":[{"count":0,"href":"https:\/\/career.hitalento.com\/flexfone\/wp-json\/wp\/v2\/pages\/6\/revisions"}],"wp:attachment":[{"href":"https:\/\/career.hitalento.com\/flexfone\/wp-json\/wp\/v2\/media?parent=6"}],"wp:term":[{"taxonomy":"category","embeddable":true,"href":"https:\/\/career.hitalento.com\/flexfone\/wp-json\/wp\/v2\/categories?post=6"}],"curies":[{"name":"wp","href":"https:\/\/api.w.org\/{rel}","templated":true}]}}