{"id":9,"date":"2025-07-21T11:38:59","date_gmt":"2025-07-21T11:38:59","guid":{"rendered":"https:\/\/career.hitalento.com\/fresto-io\/fresto-io\/"},"modified":"2025-07-24T07:55:52","modified_gmt":"2025-07-24T07:55:52","slug":"fresto-io","status":"publish","type":"page","link":"https:\/\/career.hitalento.com\/fresto-io\/","title":{"rendered":"Fresto.io"},"content":{"rendered":"<p>a:6:{i:0;a:24:{s:13:&#8221;buttonActions&#8221;;a:2:{s:19:&#8221;primaryButtonAction&#8221;;a:2:{s:6:&#8221;action&#8221;;s:24:&#8221;scroll_to_open_positions&#8221;;s:3:&#8221;url&#8221;;s:15:&#8221;#open_positions&#8221;;}s:21:&#8221;secondaryButtonAction&#8221;;N;}s:2:&#8221;id&#8221;;i:12579;s:4:&#8221;type&#8221;;s:6:&#8221;header&#8221;;s:8:&#8221;listType&#8221;;N;s:10:&#8221;blockOrder&#8221;;i:0;s:5:&#8221;title&#8221;;s:24:&#8221;Bliv en del af Fresto.io&#8221;;s:8:&#8221;subTitle&#8221;;s:30:&#8221;G\u00e5 til ledige stillinger her:&#8221;;s:4:&#8221;body&#8221;;N;s:14:&#8221;backgroundType&#8221;;s:5:&#8221;video&#8221;;s:17:&#8221;backgroundPattern&#8221;;N;s:15:&#8221;backgroundColor&#8221;;s:11:&#8221;transparent&#8221;;s:15:&#8221;backgroundVideo&#8221;;s:10:&#8221;1103390777&#8243;;s:9:&#8221;blockSize&#8221;;s:2:&#8221;lg&#8221;;s:15:&#8221;paddingVertical&#8221;;s:2:&#8221;md&#8221;;s:9:&#8221;imageLeft&#8221;;b:1;s:19:&#8221;primaryButtonAction&#8221;;s:24:&#8221;scroll_to_open_positions&#8221;;s:21:&#8221;secondaryButtonAction&#8221;;N;s:11:&#8221;contactName&#8221;;N;s:12:&#8221;contactEmail&#8221;;N;s:9:&#8221;createdAt&#8221;;s:24:&#8221;2025-07-21T11:38:59.661Z&#8221;;s:9:&#8221;updatedAt&#8221;;s:24:&#8221;2025-07-22T12:44:40.499Z&#8221;;s:6:&#8221;pageId&#8221;;i:2667;s:14:&#8221;organizationId&#8221;;i:823;s:5:&#8221;files&#8221;;a:0:{}}i:1;a:24:{s:13:&#8221;buttonActions&#8221;;a:2:{s:19:&#8221;primaryButtonAction&#8221;;N;s:21:&#8221;secondaryButtonAction&#8221;;N;}s:2:&#8221;id&#8221;;i:12577;s:4:&#8221;type&#8221;;s:9:&#8221;paragraph&#8221;;s:8:&#8221;listType&#8221;;N;s:10:&#8221;blockOrder&#8221;;i:1;s:5:&#8221;title&#8221;;s:0:&#8221;&#8221;;s:8:&#8221;subTitle&#8221;;N;s:4:&#8221;body&#8221;;s:462:&#8221;<\/p>\n<h2 class=\"ql-align-center\">Skab fremtiden for digitale oplevelser<\/h2>\n<p class=\"ql-align-center\"><\/p>\n<p class=\"ql-align-center\">Hos Fresto.io bygger vi ikke bare software \u2013 vi skaber l\u00f8sninger, der g\u00f8r hverdagen smartere, nemmere og mere connected. Vores mission er at levere intuitive digitale v\u00e6rkt\u00f8jer, der giver virksomheder og brugere mere frihed og effektivitet. For at n\u00e5 dertil har vi brug for passionerede mennesker, der t\u00f8r t\u00e6nke nyt.<\/p>\n<p>&#8220;;s:14:&#8221;backgroundType&#8221;;N;s:17:&#8221;backgroundPattern&#8221;;N;s:15:&#8221;backgroundColor&#8221;;s:7:&#8221;#fef6ed&#8221;;s:15:&#8221;backgroundVideo&#8221;;N;s:9:&#8221;blockSize&#8221;;s:2:&#8221;md&#8221;;s:15:&#8221;paddingVertical&#8221;;s:2:&#8221;lg&#8221;;s:9:&#8221;imageLeft&#8221;;b:1;s:19:&#8221;primaryButtonAction&#8221;;N;s:21:&#8221;secondaryButtonAction&#8221;;N;s:11:&#8221;contactName&#8221;;N;s:12:&#8221;contactEmail&#8221;;N;s:9:&#8221;createdAt&#8221;;s:24:&#8221;2025-07-21T11:38:59.659Z&#8221;;s:9:&#8221;updatedAt&#8221;;s:24:&#8221;2025-07-22T12:44:58.782Z&#8221;;s:6:&#8221;pageId&#8221;;i:2667;s:14:&#8221;organizationId&#8221;;i:823;s:5:&#8221;files&#8221;;a:0:{}}i:2;a:24:{s:13:&#8221;buttonActions&#8221;;a:2:{s:19:&#8221;primaryButtonAction&#8221;;N;s:21:&#8221;secondaryButtonAction&#8221;;N;}s:2:&#8221;id&#8221;;i:12578;s:4:&#8221;type&#8221;;s:4:&#8221;list&#8221;;s:8:&#8221;listType&#8221;;s:6:&#8221;job_ad&#8221;;s:10:&#8221;blockOrder&#8221;;i:2;s:5:&#8221;title&#8221;;s:17:&#8221;Ledige stillinger&#8221;;s:8:&#8221;subTitle&#8221;;N;s:4:&#8221;body&#8221;;N;s:14:&#8221;backgroundType&#8221;;N;s:17:&#8221;backgroundPattern&#8221;;N;s:15:&#8221;backgroundColor&#8221;;s:11:&#8221;transparent&#8221;;s:15:&#8221;backgroundVideo&#8221;;N;s:9:&#8221;blockSize&#8221;;s:2:&#8221;md&#8221;;s:15:&#8221;paddingVertical&#8221;;s:2:&#8221;md&#8221;;s:9:&#8221;imageLeft&#8221;;b:1;s:19:&#8221;primaryButtonAction&#8221;;N;s:21:&#8221;secondaryButtonAction&#8221;;N;s:11:&#8221;contactName&#8221;;N;s:12:&#8221;contactEmail&#8221;;N;s:9:&#8221;createdAt&#8221;;s:24:&#8221;2025-07-21T11:38:59.657Z&#8221;;s:9:&#8221;updatedAt&#8221;;s:24:&#8221;2025-07-22T12:44:40.502Z&#8221;;s:6:&#8221;pageId&#8221;;i:2667;s:14:&#8221;organizationId&#8221;;i:823;s:5:&#8221;files&#8221;;a:0:{}}i:3;a:24:{s:13:&#8221;buttonActions&#8221;;a:2:{s:19:&#8221;primaryButtonAction&#8221;;N;s:21:&#8221;secondaryButtonAction&#8221;;N;}s:2:&#8221;id&#8221;;i:12586;s:4:&#8221;type&#8221;;s:20:&#8221;paragraph_with_image&#8221;;s:8:&#8221;listType&#8221;;N;s:10:&#8221;blockOrder&#8221;;i:3;s:5:&#8221;title&#8221;;s:0:&#8221;&#8221;;s:8:&#8221;subTitle&#8221;;N;s:4:&#8221;body&#8221;;s:877:&#8221;<\/p>\n<p><strong>Hvorfor arbejde hos os?<\/strong><\/p>\n<ul>\n<li><strong>Innovation i centrum<\/strong>: Hos Fresto.io er hver dag en mulighed for at l\u00e6re, udfordre status quo og bygge noget, der g\u00f8r en reel forskel.<\/li>\n<li><strong>Fleksibilitet og frihed<\/strong>: Vi tror p\u00e5, at de bedste resultater kommer, n\u00e5r mennesker har plads til at t\u00e6nke selv \u2013 derfor tilbyder vi fleksible arbejdsformer og remote muligheder.<\/li>\n<li><strong>Et st\u00e6rkt f\u00e6llesskab<\/strong>: Vi er et lille, dynamisk team, hvor alle har en stemme. Din mening t\u00e6ller, og dine id\u00e9er bliver taget seri\u00f8st.<\/li>\n<\/ul>\n<p><\/p>\n<p><strong>Hvem leder vi efter?<\/strong><\/p>\n<p>Vi s\u00f8ger nysgerrige og ambiti\u00f8se mennesker, der:<\/p>\n<ul>\n<li>Br\u00e6nder for teknologi, UX og probleml\u00f8sning.<\/li>\n<li>T\u00e6nker i l\u00f8sninger frem for begr\u00e6nsninger.<\/li>\n<li>Er klar til at tage ansvar og vokse sammen med os.<\/li>\n<\/ul>\n<p>&#8220;;s:14:&#8221;backgroundType&#8221;;N;s:17:&#8221;backgroundPattern&#8221;;N;s:15:&#8221;backgroundColor&#8221;;s:11:&#8221;transparent&#8221;;s:15:&#8221;backgroundVideo&#8221;;N;s:9:&#8221;blockSize&#8221;;s:2:&#8221;md&#8221;;s:15:&#8221;paddingVertical&#8221;;s:2:&#8221;sm&#8221;;s:9:&#8221;imageLeft&#8221;;b:0;s:19:&#8221;primaryButtonAction&#8221;;N;s:21:&#8221;secondaryButtonAction&#8221;;N;s:11:&#8221;contactName&#8221;;N;s:12:&#8221;contactEmail&#8221;;N;s:9:&#8221;createdAt&#8221;;s:24:&#8221;2025-07-22T12:46:10.042Z&#8221;;s:9:&#8221;updatedAt&#8221;;s:24:&#8221;2025-07-24T07:52:40.796Z&#8221;;s:6:&#8221;pageId&#8221;;i:2667;s:14:&#8221;organizationId&#8221;;i:823;s:5:&#8221;files&#8221;;a:1:{i:0;a:18:{s:2:&#8221;id&#8221;;i:136923;s:4:&#8221;uuid&#8221;;s:36:&#8221;7f1376e0-b75d-467e-921e-ace7bc965332&#8243;;s:8:&#8221;filename&#8221;;s:12:&#8221;winebar2.png&#8221;;s:4:&#8221;type&#8221;;s:5:&#8221;image&#8221;;s:7:&#8221;docType&#8221;;s:5:&#8221;other&#8221;;s:8:&#8221;mimeType&#8221;;s:9:&#8221;image\/png&#8221;;s:9:&#8221;bucketKey&#8221;;s:86:&#8221;b7c191d1-9f7f-42ef-a914-fae28871d72d\/7f1376e0-b75d-467e-921e-ace7bc965332\/winebar2.png&#8221;;s:3:&#8221;alt&#8221;;N;s:6:&#8221;public&#8221;;b:1;s:4:&#8221;isCp&#8221;;b:1;s:4:&#8221;temp&#8221;;b:0;s:9:&#8221;createdAt&#8221;;s:24:&#8221;2025-07-24T07:53:42.979Z&#8221;;s:9:&#8221;updatedAt&#8221;;s:24:&#8221;2025-07-24T07:53:46.015Z&#8221;;s:10:&#8221;brandingId&#8221;;N;s:7:&#8221;blockId&#8221;;i:12586;s:14:&#8221;organizationId&#8221;;i:823;s:10:&#8221;positionId&#8221;;N;s:13:&#8221;applicationId&#8221;;N;}}}i:4;a:24:{s:13:&#8221;buttonActions&#8221;;a:2:{s:19:&#8221;primaryButtonAction&#8221;;N;s:21:&#8221;secondaryButtonAction&#8221;;N;}s:2:&#8221;id&#8221;;i:12588;s:4:&#8221;type&#8221;;s:20:&#8221;paragraph_with_image&#8221;;s:8:&#8221;listType&#8221;;N;s:10:&#8221;blockOrder&#8221;;i:4;s:5:&#8221;title&#8221;;s:0:&#8221;&#8221;;s:8:&#8221;subTitle&#8221;;N;s:4:&#8221;body&#8221;;s:285:&#8221;<\/p>\n<p><strong>Vi tilbyder<\/strong><\/p>\n<ul>\n<li>Mulighed for at forme produkter, der n\u00e5r tusindvis af brugere.<\/li>\n<li>Personlig og faglig udvikling i et milj\u00f8, hvor l\u00e6ring er en del af hverdagen.<\/li>\n<li>Konkurrencedygtig l\u00f8n, fleksibilitet og en kultur med h\u00f8jt til loftet.<\/li>\n<\/ul>\n<p>&#8220;;s:14:&#8221;backgroundType&#8221;;N;s:17:&#8221;backgroundPattern&#8221;;N;s:15:&#8221;backgroundColor&#8221;;s:11:&#8221;transparent&#8221;;s:15:&#8221;backgroundVideo&#8221;;N;s:9:&#8221;blockSize&#8221;;s:2:&#8221;md&#8221;;s:15:&#8221;paddingVertical&#8221;;s:2:&#8221;sm&#8221;;s:9:&#8221;imageLeft&#8221;;b:1;s:19:&#8221;primaryButtonAction&#8221;;N;s:21:&#8221;secondaryButtonAction&#8221;;N;s:11:&#8221;contactName&#8221;;N;s:12:&#8221;contactEmail&#8221;;N;s:9:&#8221;createdAt&#8221;;s:24:&#8221;2025-07-22T12:46:10.049Z&#8221;;s:9:&#8221;updatedAt&#8221;;s:24:&#8221;2025-07-24T07:55:52.481Z&#8221;;s:6:&#8221;pageId&#8221;;i:2667;s:14:&#8221;organizationId&#8221;;i:823;s:5:&#8221;files&#8221;;a:1:{i:0;a:18:{s:2:&#8221;id&#8221;;i:136918;s:4:&#8221;uuid&#8221;;s:36:&#8221;9a76b37a-2b34-4bdc-a918-288660d2d312&#8243;;s:8:&#8221;filename&#8221;;s:12:&#8221;casual4.jpeg&#8221;;s:4:&#8221;type&#8221;;s:5:&#8221;image&#8221;;s:7:&#8221;docType&#8221;;s:5:&#8221;other&#8221;;s:8:&#8221;mimeType&#8221;;s:10:&#8221;image\/jpeg&#8221;;s:9:&#8221;bucketKey&#8221;;s:86:&#8221;b7c191d1-9f7f-42ef-a914-fae28871d72d\/9a76b37a-2b34-4bdc-a918-288660d2d312\/casual4.jpeg&#8221;;s:3:&#8221;alt&#8221;;N;s:6:&#8221;public&#8221;;b:1;s:4:&#8221;isCp&#8221;;b:1;s:4:&#8221;temp&#8221;;b:0;s:9:&#8221;createdAt&#8221;;s:24:&#8221;2025-07-24T07:38:27.273Z&#8221;;s:9:&#8221;updatedAt&#8221;;s:24:&#8221;2025-07-24T07:38:30.062Z&#8221;;s:10:&#8221;brandingId&#8221;;N;s:7:&#8221;blockId&#8221;;i:12588;s:14:&#8221;organizationId&#8221;;i:823;s:10:&#8221;positionId&#8221;;N;s:13:&#8221;applicationId&#8221;;N;}}}i:5;a:24:{s:13:&#8221;buttonActions&#8221;;a:2:{s:19:&#8221;primaryButtonAction&#8221;;N;s:21:&#8221;secondaryButtonAction&#8221;;N;}s:2:&#8221;id&#8221;;i:12580;s:4:&#8221;type&#8221;;s:6:&#8221;footer&#8221;;s:8:&#8221;listType&#8221;;N;s:10:&#8221;blockOrder&#8221;;i:5;s:5:&#8221;title&#8221;;N;s:8:&#8221;subTitle&#8221;;N;s:4:&#8221;body&#8221;;N;s:14:&#8221;backgroundType&#8221;;N;s:17:&#8221;backgroundPattern&#8221;;N;s:15:&#8221;backgroundColor&#8221;;s:11:&#8221;transparent&#8221;;s:15:&#8221;backgroundVideo&#8221;;N;s:9:&#8221;blockSize&#8221;;s:2:&#8221;md&#8221;;s:15:&#8221;paddingVertical&#8221;;s:2:&#8221;md&#8221;;s:9:&#8221;imageLeft&#8221;;b:1;s:19:&#8221;primaryButtonAction&#8221;;N;s:21:&#8221;secondaryButtonAction&#8221;;N;s:11:&#8221;contactName&#8221;;N;s:12:&#8221;contactEmail&#8221;;N;s:9:&#8221;createdAt&#8221;;s:24:&#8221;2025-07-21T11:38:59.663Z&#8221;;s:9:&#8221;updatedAt&#8221;;s:24:&#8221;2025-07-24T07:55:38.308Z&#8221;;s:6:&#8221;pageId&#8221;;i:2667;s:14:&#8221;organizationId&#8221;;i:823;s:5:&#8221;files&#8221;;a:0:{}}}<\/p>\n","protected":false},"excerpt":{"rendered":"<p>Bliv en del af Fresto.io &#8211; skab fremtiden for digitale oplevelser.<\/p>\n","protected":false},"author":1,"featured_media":0,"parent":0,"menu_order":0,"comment_status":"closed","ping_status":"closed","template":"","meta":{"footnotes":""},"categories":[],"class_list":["post-9","page","type-page","status-publish","hentry"],"_links":{"self":[{"href":"https:\/\/career.hitalento.com\/fresto-io\/wp-json\/wp\/v2\/pages\/9","targetHints":{"allow":["GET"]}}],"collection":[{"href":"https:\/\/career.hitalento.com\/fresto-io\/wp-json\/wp\/v2\/pages"}],"about":[{"href":"https:\/\/career.hitalento.com\/fresto-io\/wp-json\/wp\/v2\/types\/page"}],"author":[{"embeddable":true,"href":"https:\/\/career.hitalento.com\/fresto-io\/wp-json\/wp\/v2\/users\/1"}],"replies":[{"embeddable":true,"href":"https:\/\/career.hitalento.com\/fresto-io\/wp-json\/wp\/v2\/comments?post=9"}],"version-history":[{"count":0,"href":"https:\/\/career.hitalento.com\/fresto-io\/wp-json\/wp\/v2\/pages\/9\/revisions"}],"wp:attachment":[{"href":"https:\/\/career.hitalento.com\/fresto-io\/wp-json\/wp\/v2\/media?parent=9"}],"wp:term":[{"taxonomy":"category","embeddable":true,"href":"https:\/\/career.hitalento.com\/fresto-io\/wp-json\/wp\/v2\/categories?post=9"}],"curies":[{"name":"wp","href":"https:\/\/api.w.org\/{rel}","templated":true}]}}