{"id":6,"date":"2025-03-31T19:12:56","date_gmt":"2025-03-31T19:12:56","guid":{"rendered":"https:\/\/career.hitalento.com\/office-sante-services\/office-sante-services\/"},"modified":"2025-04-03T07:18:29","modified_gmt":"2025-04-03T07:18:29","slug":"kersante","status":"publish","type":"page","link":"https:\/\/career.hitalento.com\/kersante\/","title":{"rendered":"Kersant\u00e9"},"content":{"rendered":"<p>a:8:{i:0;a:24:{s:13:&#8221;buttonActions&#8221;;a:2:{s:19:&#8221;primaryButtonAction&#8221;;N;s:21:&#8221;secondaryButtonAction&#8221;;N;}s:2:&#8221;id&#8221;;i:11265;s:4:&#8221;type&#8221;;s:6:&#8221;header&#8221;;s:8:&#8221;listType&#8221;;N;s:10:&#8221;blockOrder&#8221;;i:0;s:5:&#8221;title&#8221;;s:61:&#8221;Rejoignez un r\u00e9seau engag\u00e9 pour une m\u00e9decine de qualit\u00e9 !&#8221;;s:8:&#8221;subTitle&#8221;;N;s:4:&#8221;body&#8221;;N;s:14:&#8221;backgroundType&#8221;;s:5:&#8221;image&#8221;;s:17:&#8221;backgroundPattern&#8221;;N;s:15:&#8221;backgroundColor&#8221;;s:11:&#8221;transparent&#8221;;s:15:&#8221;backgroundVideo&#8221;;N;s:9:&#8221;blockSize&#8221;;s:2:&#8221;lg&#8221;;s:15:&#8221;paddingVertical&#8221;;s:2:&#8221;md&#8221;;s:9:&#8221;imageLeft&#8221;;b:1;s:19:&#8221;primaryButtonAction&#8221;;s:0:&#8221;&#8221;;s:21:&#8221;secondaryButtonAction&#8221;;N;s:11:&#8221;contactName&#8221;;N;s:12:&#8221;contactEmail&#8221;;N;s:9:&#8221;createdAt&#8221;;s:24:&#8221;2025-03-31T19:12:56.422Z&#8221;;s:9:&#8221;updatedAt&#8221;;s:24:&#8221;2025-04-02T14:56:26.578Z&#8221;;s:6:&#8221;pageId&#8221;;i:2404;s:14:&#8221;organizationId&#8221;;i:741;s:5:&#8221;files&#8221;;a:1:{i:0;a:18:{s:2:&#8221;id&#8221;;i:112304;s:4:&#8221;uuid&#8221;;s:36:&#8221;a60ae649-45c1-435f-9f4c-df50b6bb6d59&#8243;;s:8:&#8221;filename&#8221;;s:96:&#8221;privas_la_perle_meconnue_de_l_ardeche_au_coeur_de_la_region_rhone_alpes_668d33fda67ae_scaled.jpg&#8221;;s:4:&#8221;type&#8221;;s:5:&#8221;image&#8221;;s:7:&#8221;docType&#8221;;s:5:&#8221;other&#8221;;s:8:&#8221;mimeType&#8221;;s:10:&#8221;image\/jpeg&#8221;;s:9:&#8221;bucketKey&#8221;;s:170:&#8221;25bd87cd-4496-4284-8b45-537ce64e1517\/a60ae649-45c1-435f-9f4c-df50b6bb6d59\/privas_la_perle_meconnue_de_l_ardeche_au_coeur_de_la_region_rhone_alpes_668d33fda67ae_scaled.jpg&#8221;;s:3:&#8221;alt&#8221;;N;s:6:&#8221;public&#8221;;b:1;s:4:&#8221;isCp&#8221;;b:1;s:4:&#8221;temp&#8221;;b:0;s:9:&#8221;createdAt&#8221;;s:24:&#8221;2025-04-01T12:38:48.246Z&#8221;;s:9:&#8221;updatedAt&#8221;;s:24:&#8221;2025-04-01T12:38:51.057Z&#8221;;s:10:&#8221;brandingId&#8221;;N;s:7:&#8221;blockId&#8221;;i:11265;s:14:&#8221;organizationId&#8221;;i:741;s:10:&#8221;positionId&#8221;;N;s:13:&#8221;applicationId&#8221;;N;}}}i:1;a:24:{s:13:&#8221;buttonActions&#8221;;a:2:{s:19:&#8221;primaryButtonAction&#8221;;N;s:21:&#8221;secondaryButtonAction&#8221;;N;}s:2:&#8221;id&#8221;;i:11266;s:4:&#8221;type&#8221;;s:9:&#8221;paragraph&#8221;;s:8:&#8221;listType&#8221;;N;s:10:&#8221;blockOrder&#8221;;i:1;s:5:&#8221;title&#8221;;s:20:&#8221;LE R\u00c9SEAU KERSANT\u00c9&#8221;;s:8:&#8221;subTitle&#8221;;N;s:4:&#8221;body&#8221;;s:2673:&#8221;<\/p>\n<p>Rejoignez un r\u00e9seau de 85 praticiens engag\u00e9s pour une sant\u00e9 accessible et de qualit\u00e9! Avec 12 centres en France et de nouvelles ouvertures en 2025, faites partie d\u2019une aventure humaine et exigeante au service des patients.<\/p>\n<p><\/p>\n<p>Le r\u00e9seau Kersant\u00e9 est un <strong>groupe d\u2019associations Loi 1901<\/strong>, pilot\u00e9 par l\u2019Association \u00abM\u00e8re\u00bb ADCS.<\/p>\n<p><strong>Chaque association est gestionnaire d\u2019un centre de sant\u00e9<\/strong> et est employeur de l\u2019ensemble des professionnels de sant\u00e9 et du personnel administratif.<\/p>\n<p>Certaines associations sont constitu\u00e9es avec des collectivit\u00e9s territoriales, communes ou communaut\u00e9s de communes,impliqu\u00e9es dans la cr\u00e9ation et le pilotage du projet de sant\u00e9.<\/p>\n<p><span>Les centres \u00e0 <\/span><strong>taille humaine<\/strong><span> (4 \u00e0 20 salari\u00e9s), ancr\u00e9s dans le tissu local existant, <\/span><strong>engag\u00e9s dans la coordination de la prise en charge et la pr\u00e9vention<\/strong><span> et int\u00e8grent avec pertinence les innovations technologiques et organisationnelles au servicedes patients.<\/span><\/p>\n<p><\/p>\n<p><strong>Chaque centre de sant\u00e9 d\u00e9finit son projet de sant\u00e9 autour avec pour objectifs :<\/strong><\/p>\n<ul>\n<li><strong>D\u2019installer une offre de soins diversifi\u00e9e et accessible<\/strong><span> au b\u00e9n\u00e9fice des habitants du secteur g\u00e9ographique d\u2019implantation du centre, avec pour priorit\u00e9 l\u2019acc\u00e8s aux soins primaires et notamment au m\u00e9decin traitant.<\/span><\/li>\n<li><strong>Mettre en \u0153uvre une d\u00e9marche d\u2019exercice coordonn\u00e9 en interne<\/strong><span>, mais aussi d\u00e9velopper la coop\u00e9ration avec les professionnels et structures de soins de l\u2019environnement autour des questions d\u2019acc\u00e8s aux soins et de la prise en charge des patients complexes.<\/span><\/li>\n<li><strong>De concevoir et d\u00e9ployer des actions de pr\u00e9vention et d\u2019\u00e9ducation \u00e0 la sant\u00e9<\/strong><span>, en autonomie, dans le cadre du r\u00e9seau Kersant\u00e9, mais aussi en partenariat avec les collectivit\u00e9s territoriales, les autres professionnels et structures de sant\u00e9 et m\u00e9dico-sociales \u2026<\/span><\/li>\n<\/ul>\n<p><\/p>\n<div class=\"responsive-wrapper\"><iframe class=\"ql-video ql-align-center\" frameborder=\"0\" src=\"https:\/\/player.vimeo.com\/video\/1071420881\/\"><\/iframe><\/div>\n<p><\/p>\n<p>&#8220;;s:14:&#8221;backgroundType&#8221;;N;s:17:&#8221;backgroundPattern&#8221;;N;s:15:&#8221;backgroundColor&#8221;;s:7:&#8221;#f5f7fb&#8221;;s:15:&#8221;backgroundVideo&#8221;;N;s:9:&#8221;blockSize&#8221;;s:2:&#8221;md&#8221;;s:15:&#8221;paddingVertical&#8221;;s:2:&#8221;md&#8221;;s:9:&#8221;imageLeft&#8221;;b:1;s:19:&#8221;primaryButtonAction&#8221;;N;s:21:&#8221;secondaryButtonAction&#8221;;N;s:11:&#8221;contactName&#8221;;N;s:12:&#8221;contactEmail&#8221;;N;s:9:&#8221;createdAt&#8221;;s:24:&#8221;2025-03-31T19:12:56.423Z&#8221;;s:9:&#8221;updatedAt&#8221;;s:24:&#8221;2025-04-02T14:56:26.580Z&#8221;;s:6:&#8221;pageId&#8221;;i:2404;s:14:&#8221;organizationId&#8221;;i:741;s:5:&#8221;files&#8221;;a:0:{}}i:2;a:24:{s:13:&#8221;buttonActions&#8221;;a:2:{s:19:&#8221;primaryButtonAction&#8221;;N;s:21:&#8221;secondaryButtonAction&#8221;;N;}s:2:&#8221;id&#8221;;i:11323;s:4:&#8221;type&#8221;;s:5:&#8221;image&#8221;;s:8:&#8221;listType&#8221;;N;s:10:&#8221;blockOrder&#8221;;i:2;s:5:&#8221;title&#8221;;s:8:&#8221;An image&#8221;;s:8:&#8221;subTitle&#8221;;N;s:4:&#8221;body&#8221;;N;s:14:&#8221;backgroundType&#8221;;N;s:17:&#8221;backgroundPattern&#8221;;N;s:15:&#8221;backgroundColor&#8221;;s:11:&#8221;transparent&#8221;;s:15:&#8221;backgroundVideo&#8221;;N;s:9:&#8221;blockSize&#8221;;s:2:&#8221;md&#8221;;s:15:&#8221;paddingVertical&#8221;;s:2:&#8221;sm&#8221;;s:9:&#8221;imageLeft&#8221;;b:1;s:19:&#8221;primaryButtonAction&#8221;;N;s:21:&#8221;secondaryButtonAction&#8221;;N;s:11:&#8221;contactName&#8221;;N;s:12:&#8221;contactEmail&#8221;;N;s:9:&#8221;createdAt&#8221;;s:24:&#8221;2025-04-01T12:37:41.593Z&#8221;;s:9:&#8221;updatedAt&#8221;;s:24:&#8221;2025-04-01T12:37:41.593Z&#8221;;s:6:&#8221;pageId&#8221;;i:2404;s:14:&#8221;organizationId&#8221;;i:741;s:5:&#8221;files&#8221;;a:1:{i:0;a:18:{s:2:&#8221;id&#8221;;i:112734;s:4:&#8221;uuid&#8221;;s:36:&#8221;3bd1b157-c760-44fc-b8b0-3897f49b5c3b&#8221;;s:8:&#8221;filename&#8221;;s:19:&#8221;Carte_Kersante_.png&#8221;;s:4:&#8221;type&#8221;;s:5:&#8221;image&#8221;;s:7:&#8221;docType&#8221;;s:5:&#8221;other&#8221;;s:8:&#8221;mimeType&#8221;;s:9:&#8221;image\/png&#8221;;s:9:&#8221;bucketKey&#8221;;s:93:&#8221;25bd87cd-4496-4284-8b45-537ce64e1517\/3bd1b157-c760-44fc-b8b0-3897f49b5c3b\/Carte_Kersante_.png&#8221;;s:3:&#8221;alt&#8221;;N;s:6:&#8221;public&#8221;;b:1;s:4:&#8221;isCp&#8221;;b:1;s:4:&#8221;temp&#8221;;b:0;s:9:&#8221;createdAt&#8221;;s:24:&#8221;2025-04-03T07:18:11.154Z&#8221;;s:9:&#8221;updatedAt&#8221;;s:24:&#8221;2025-04-03T07:18:28.690Z&#8221;;s:10:&#8221;brandingId&#8221;;N;s:7:&#8221;blockId&#8221;;i:11323;s:14:&#8221;organizationId&#8221;;i:741;s:10:&#8221;positionId&#8221;;N;s:13:&#8221;applicationId&#8221;;N;}}}i:3;a:24:{s:13:&#8221;buttonActions&#8221;;a:2:{s:19:&#8221;primaryButtonAction&#8221;;N;s:21:&#8221;secondaryButtonAction&#8221;;N;}s:2:&#8221;id&#8221;;i:11268;s:4:&#8221;type&#8221;;s:4:&#8221;list&#8221;;s:8:&#8221;listType&#8221;;s:6:&#8221;job_ad&#8221;;s:10:&#8221;blockOrder&#8221;;i:3;s:5:&#8221;title&#8221;;s:14:&#8221;Open positions&#8221;;s:8:&#8221;subTitle&#8221;;N;s:4:&#8221;body&#8221;;N;s:14:&#8221;backgroundType&#8221;;N;s:17:&#8221;backgroundPattern&#8221;;N;s:15:&#8221;backgroundColor&#8221;;s:11:&#8221;transparent&#8221;;s:15:&#8221;backgroundVideo&#8221;;N;s:9:&#8221;blockSize&#8221;;s:2:&#8221;md&#8221;;s:15:&#8221;paddingVertical&#8221;;s:2:&#8221;md&#8221;;s:9:&#8221;imageLeft&#8221;;b:1;s:19:&#8221;primaryButtonAction&#8221;;N;s:21:&#8221;secondaryButtonAction&#8221;;N;s:11:&#8221;contactName&#8221;;N;s:12:&#8221;contactEmail&#8221;;N;s:9:&#8221;createdAt&#8221;;s:24:&#8221;2025-03-31T19:12:56.429Z&#8221;;s:9:&#8221;updatedAt&#8221;;s:24:&#8221;2025-04-01T12:37:41.594Z&#8221;;s:6:&#8221;pageId&#8221;;i:2404;s:14:&#8221;organizationId&#8221;;i:741;s:5:&#8221;files&#8221;;a:0:{}}i:4;a:24:{s:13:&#8221;buttonActions&#8221;;a:2:{s:19:&#8221;primaryButtonAction&#8221;;N;s:21:&#8221;secondaryButtonAction&#8221;;N;}s:2:&#8221;id&#8221;;i:11324;s:4:&#8221;type&#8221;;s:9:&#8221;paragraph&#8221;;s:8:&#8221;listType&#8221;;N;s:10:&#8221;blockOrder&#8221;;i:4;s:5:&#8221;title&#8221;;s:31:&#8221;LES 9 RAISONS DE NOUS REJOINDRE&#8221;;s:8:&#8221;subTitle&#8221;;N;s:4:&#8221;body&#8221;;s:1597:&#8221;<\/p>\n<ol>\n<li><strong>Pratiquez en position de m\u00e9decin traitant<\/strong>, suivez votre patient\u00e8le sur le long terme, en toute ind\u00e9pendance professionnelle.<\/li>\n<li><strong>Collaborez au sein d\u2019une \u00e9quipe pluridisciplinaire<\/strong>, b\u00e9n\u00e9ficiez d\u2019\u00e9changes confraternels et faites b\u00e9n\u00e9ficier vos patients d\u2019un acc\u00e8s facilit\u00e9 \u00e0 toutes les comp\u00e9tences de l\u2019\u00e9quipe.<\/li>\n<li><strong>Concentrez-vous sur vos missions de<\/strong> m\u00e9decin : poste salari\u00e9 avec secr\u00e9tariat et assistantes m\u00e9dicales, pas de relation d\u2019argent, ni avec les patients, ni avec les confr\u00e8res\u2026<\/li>\n<li><strong>Impliquez-vous dans des projets<\/strong> : pr\u00e9vention, sant\u00e9 publique, vous \u00eates aussi force de proposition !<\/li>\n<li><strong>Exercez dans d\u2019excellentes conditions mat\u00e9rielles<\/strong> : des locaux et des \u00e9quipements vraiment \u00e0 la hauteur, une logistique organis\u00e9e, en s\u00e9curit\u00e9 car jamais isol\u00e9.<\/li>\n<li><strong>Formez-vous tout au long de votre carri\u00e8re<\/strong> : votre centre vous accompagne dans vos projets<\/li>\n<li><strong>Choisissez votre temps de travail<\/strong> : \u00e0 partir de 20h \/ semaine, tout est possible ! Exercice mixte ville \/ h\u00f4pital, cumul emploi \/ retraite\u2026<\/li>\n<li><strong>Fixez-vous sans vous installer<\/strong> : un contrat de travail, pas d\u2019investissement, vous exercez pleinement votre profession aupr\u00e8s de vos patients, mais restez mobile.<\/li>\n<li><strong>Profitez du r\u00e9seau Kersant\u00e9 pour donner une autre dimension \u00e0 vos projets<\/strong>, pour des \u00e9changes professionnels intercentres ou encore organiser votre mobilit\u00e9 professionnelle<\/li>\n<\/ol>\n<p>&#8220;;s:14:&#8221;backgroundType&#8221;;N;s:17:&#8221;backgroundPattern&#8221;;N;s:15:&#8221;backgroundColor&#8221;;s:7:&#8221;#f5f7fb&#8221;;s:15:&#8221;backgroundVideo&#8221;;N;s:9:&#8221;blockSize&#8221;;s:2:&#8221;md&#8221;;s:15:&#8221;paddingVertical&#8221;;s:2:&#8221;md&#8221;;s:9:&#8221;imageLeft&#8221;;b:1;s:19:&#8221;primaryButtonAction&#8221;;N;s:21:&#8221;secondaryButtonAction&#8221;;N;s:11:&#8221;contactName&#8221;;N;s:12:&#8221;contactEmail&#8221;;N;s:9:&#8221;createdAt&#8221;;s:24:&#8221;2025-04-01T12:44:50.669Z&#8221;;s:9:&#8221;updatedAt&#8221;;s:24:&#8221;2025-04-02T13:18:29.370Z&#8221;;s:6:&#8221;pageId&#8221;;i:2404;s:14:&#8221;organizationId&#8221;;i:741;s:5:&#8221;files&#8221;;a:0:{}}i:5;a:24:{s:13:&#8221;buttonActions&#8221;;a:2:{s:19:&#8221;primaryButtonAction&#8221;;N;s:21:&#8221;secondaryButtonAction&#8221;;N;}s:2:&#8221;id&#8221;;i:11325;s:4:&#8221;type&#8221;;s:5:&#8221;image&#8221;;s:8:&#8221;listType&#8221;;N;s:10:&#8221;blockOrder&#8221;;i:5;s:5:&#8221;title&#8221;;s:8:&#8221;An image&#8221;;s:8:&#8221;subTitle&#8221;;N;s:4:&#8221;body&#8221;;N;s:14:&#8221;backgroundType&#8221;;N;s:17:&#8221;backgroundPattern&#8221;;N;s:15:&#8221;backgroundColor&#8221;;s:11:&#8221;transparent&#8221;;s:15:&#8221;backgroundVideo&#8221;;N;s:9:&#8221;blockSize&#8221;;s:2:&#8221;md&#8221;;s:15:&#8221;paddingVertical&#8221;;s:2:&#8221;md&#8221;;s:9:&#8221;imageLeft&#8221;;b:1;s:19:&#8221;primaryButtonAction&#8221;;N;s:21:&#8221;secondaryButtonAction&#8221;;N;s:11:&#8221;contactName&#8221;;N;s:12:&#8221;contactEmail&#8221;;N;s:9:&#8221;createdAt&#8221;;s:24:&#8221;2025-04-01T12:44:50.671Z&#8221;;s:9:&#8221;updatedAt&#8221;;s:24:&#8221;2025-04-01T12:44:50.671Z&#8221;;s:6:&#8221;pageId&#8221;;i:2404;s:14:&#8221;organizationId&#8221;;i:741;s:5:&#8221;files&#8221;;a:1:{i:0;a:18:{s:2:&#8221;id&#8221;;i:112735;s:4:&#8221;uuid&#8221;;s:36:&#8221;3234ac9b-6e16-41f9-ac4a-a06f0308f804&#8243;;s:8:&#8221;filename&#8221;;s:27:&#8221;Kersante___informations.png&#8221;;s:4:&#8221;type&#8221;;s:5:&#8221;image&#8221;;s:7:&#8221;docType&#8221;;s:5:&#8221;other&#8221;;s:8:&#8221;mimeType&#8221;;s:9:&#8221;image\/png&#8221;;s:9:&#8221;bucketKey&#8221;;s:101:&#8221;25bd87cd-4496-4284-8b45-537ce64e1517\/3234ac9b-6e16-41f9-ac4a-a06f0308f804\/Kersante___informations.png&#8221;;s:3:&#8221;alt&#8221;;N;s:6:&#8221;public&#8221;;b:1;s:4:&#8221;isCp&#8221;;b:1;s:4:&#8221;temp&#8221;;b:0;s:9:&#8221;createdAt&#8221;;s:24:&#8221;2025-04-03T07:18:19.377Z&#8221;;s:9:&#8221;updatedAt&#8221;;s:24:&#8221;2025-04-03T07:18:26.044Z&#8221;;s:10:&#8221;brandingId&#8221;;N;s:7:&#8221;blockId&#8221;;i:11325;s:14:&#8221;organizationId&#8221;;i:741;s:10:&#8221;positionId&#8221;;N;s:13:&#8221;applicationId&#8221;;N;}}}i:6;a:24:{s:13:&#8221;buttonActions&#8221;;a:2:{s:19:&#8221;primaryButtonAction&#8221;;N;s:21:&#8221;secondaryButtonAction&#8221;;N;}s:2:&#8221;id&#8221;;i:11326;s:4:&#8221;type&#8221;;s:9:&#8221;paragraph&#8221;;s:8:&#8221;listType&#8221;;N;s:10:&#8221;blockOrder&#8221;;i:6;s:5:&#8221;title&#8221;;s:28:&#8221;LES CONDITIONS CHEZ KERSANTE&#8221;;s:8:&#8221;subTitle&#8221;;N;s:4:&#8221;body&#8221;;s:586:&#8221;<\/p>\n<p><strong>CONTRAT CADRE SALARIE<\/strong><\/p>\n<ul>\n<li>Temps de travail choisi<\/li>\n<\/ul>\n<p><strong>Salaire fixe garanti sur 12 mois<\/strong><\/p>\n<ul>\n<li>Montant selon la profession &amp; selon le nombre d&#8217;heures du contrat<\/li>\n<\/ul>\n<p><strong>Avantages<\/strong><\/p>\n<ul>\n<li>Mutuelle<\/li>\n<li>Pr\u00e9voyance<\/li>\n<li>Tickets Restaurants<\/li>\n<li>Jusqu&#8217;\u00e0 3 semaines de cong\u00e9s sans solde possible en plus du cadre l\u00e9gal<\/li>\n<\/ul>\n<p><strong>Compl\u00e9ment de r\u00e9mun\u00e9ration<\/strong><\/p>\n<ul>\n<li>Selon l&#8217;activit\u00e9<\/li>\n<li>R\u00e9unions et missions transversales<\/li>\n<\/ul>\n<p class=\"ql-align-center\"><\/p>\n<p>&#8220;;s:14:&#8221;backgroundType&#8221;;N;s:17:&#8221;backgroundPattern&#8221;;N;s:15:&#8221;backgroundColor&#8221;;s:7:&#8221;#f5f7fb&#8221;;s:15:&#8221;backgroundVideo&#8221;;N;s:9:&#8221;blockSize&#8221;;s:2:&#8221;md&#8221;;s:15:&#8221;paddingVertical&#8221;;s:2:&#8221;md&#8221;;s:9:&#8221;imageLeft&#8221;;b:1;s:19:&#8221;primaryButtonAction&#8221;;N;s:21:&#8221;secondaryButtonAction&#8221;;N;s:11:&#8221;contactName&#8221;;N;s:12:&#8221;contactEmail&#8221;;N;s:9:&#8221;createdAt&#8221;;s:24:&#8221;2025-04-01T12:52:47.160Z&#8221;;s:9:&#8221;updatedAt&#8221;;s:24:&#8221;2025-04-02T13:18:54.103Z&#8221;;s:6:&#8221;pageId&#8221;;i:2404;s:14:&#8221;organizationId&#8221;;i:741;s:5:&#8221;files&#8221;;a:0:{}}i:7;a:24:{s:13:&#8221;buttonActions&#8221;;a:2:{s:19:&#8221;primaryButtonAction&#8221;;N;s:21:&#8221;secondaryButtonAction&#8221;;N;}s:2:&#8221;id&#8221;;i:11267;s:4:&#8221;type&#8221;;s:6:&#8221;footer&#8221;;s:8:&#8221;listType&#8221;;N;s:10:&#8221;blockOrder&#8221;;i:7;s:5:&#8221;title&#8221;;N;s:8:&#8221;subTitle&#8221;;N;s:4:&#8221;body&#8221;;N;s:14:&#8221;backgroundType&#8221;;N;s:17:&#8221;backgroundPattern&#8221;;N;s:15:&#8221;backgroundColor&#8221;;s:11:&#8221;transparent&#8221;;s:15:&#8221;backgroundVideo&#8221;;N;s:9:&#8221;blockSize&#8221;;s:2:&#8221;md&#8221;;s:15:&#8221;paddingVertical&#8221;;s:2:&#8221;md&#8221;;s:9:&#8221;imageLeft&#8221;;b:1;s:19:&#8221;primaryButtonAction&#8221;;N;s:21:&#8221;secondaryButtonAction&#8221;;N;s:11:&#8221;contactName&#8221;;N;s:12:&#8221;contactEmail&#8221;;N;s:9:&#8221;createdAt&#8221;;s:24:&#8221;2025-03-31T19:12:56.426Z&#8221;;s:9:&#8221;updatedAt&#8221;;s:24:&#8221;2025-04-01T12:52:47.163Z&#8221;;s:6:&#8221;pageId&#8221;;i:2404;s:14:&#8221;organizationId&#8221;;i:741;s:5:&#8221;files&#8221;;a:0:{}}}<\/p>\n","protected":false},"excerpt":{"rendered":"<p>Rejoignez-nous!<\/p>\n","protected":false},"author":1,"featured_media":9,"parent":0,"menu_order":0,"comment_status":"closed","ping_status":"closed","template":"","meta":{"footnotes":""},"categories":[],"class_list":["post-6","page","type-page","status-publish","has-post-thumbnail","hentry"],"_links":{"self":[{"href":"https:\/\/career.hitalento.com\/kersante\/wp-json\/wp\/v2\/pages\/6","targetHints":{"allow":["GET"]}}],"collection":[{"href":"https:\/\/career.hitalento.com\/kersante\/wp-json\/wp\/v2\/pages"}],"about":[{"href":"https:\/\/career.hitalento.com\/kersante\/wp-json\/wp\/v2\/types\/page"}],"author":[{"embeddable":true,"href":"https:\/\/career.hitalento.com\/kersante\/wp-json\/wp\/v2\/users\/1"}],"replies":[{"embeddable":true,"href":"https:\/\/career.hitalento.com\/kersante\/wp-json\/wp\/v2\/comments?post=6"}],"version-history":[{"count":0,"href":"https:\/\/career.hitalento.com\/kersante\/wp-json\/wp\/v2\/pages\/6\/revisions"}],"wp:featuredmedia":[{"embeddable":true,"href":"https:\/\/career.hitalento.com\/kersante\/wp-json\/wp\/v2\/media\/9"}],"wp:attachment":[{"href":"https:\/\/career.hitalento.com\/kersante\/wp-json\/wp\/v2\/media?parent=6"}],"wp:term":[{"taxonomy":"category","embeddable":true,"href":"https:\/\/career.hitalento.com\/kersante\/wp-json\/wp\/v2\/categories?post=6"}],"curies":[{"name":"wp","href":"https:\/\/api.w.org\/{rel}","templated":true}]}}