{"id":8,"date":"2024-10-11T09:57:24","date_gmt":"2024-10-11T09:57:24","guid":{"rendered":"https:\/\/career.hitalento.com\/monoprix-parapharmacie\/monoprix-parapharmacie\/"},"modified":"2024-10-22T15:06:17","modified_gmt":"2024-10-22T15:06:17","slug":"monoprix-parapharmacie","status":"publish","type":"page","link":"https:\/\/career.hitalento.com\/monoprix-parapharmacie\/","title":{"rendered":"Monoprix-parapharmacie"},"content":{"rendered":"<p>a:11:{i:0;a:24:{s:13:&#8221;buttonActions&#8221;;a:2:{s:19:&#8221;primaryButtonAction&#8221;;a:2:{s:6:&#8221;action&#8221;;s:24:&#8221;scroll_to_open_positions&#8221;;s:3:&#8221;url&#8221;;s:15:&#8221;#open_positions&#8221;;}s:21:&#8221;secondaryButtonAction&#8221;;N;}s:2:&#8221;id&#8221;;i:8378;s:4:&#8221;type&#8221;;s:6:&#8221;header&#8221;;s:8:&#8221;listType&#8221;;N;s:10:&#8221;blockOrder&#8221;;i:0;s:5:&#8221;title&#8221;;s:22:&#8221;Monoprix Parapharmacie&#8221;;s:8:&#8221;subTitle&#8221;;N;s:4:&#8221;body&#8221;;N;s:14:&#8221;backgroundType&#8221;;s:5:&#8221;image&#8221;;s:17:&#8221;backgroundPattern&#8221;;N;s:15:&#8221;backgroundColor&#8221;;s:11:&#8221;transparent&#8221;;s:15:&#8221;backgroundVideo&#8221;;N;s:9:&#8221;blockSize&#8221;;s:2:&#8221;lg&#8221;;s:15:&#8221;paddingVertical&#8221;;s:2:&#8221;md&#8221;;s:9:&#8221;imageLeft&#8221;;b:1;s:19:&#8221;primaryButtonAction&#8221;;s:24:&#8221;scroll_to_open_positions&#8221;;s:21:&#8221;secondaryButtonAction&#8221;;N;s:11:&#8221;contactName&#8221;;N;s:12:&#8221;contactEmail&#8221;;N;s:9:&#8221;createdAt&#8221;;s:24:&#8221;2024-10-11T09:57:24.075Z&#8221;;s:9:&#8221;updatedAt&#8221;;s:24:&#8221;2024-10-11T10:40:10.598Z&#8221;;s:6:&#8221;pageId&#8221;;i:1856;s:14:&#8221;organizationId&#8221;;i:609;s:5:&#8221;files&#8221;;a:1:{i:0;a:18:{s:2:&#8221;id&#8221;;i:74301;s:4:&#8221;uuid&#8221;;s:36:&#8221;5a7c6bd0-613b-4ab4-84ef-7da8395fc8e5&#8243;;s:8:&#8221;filename&#8221;;s:28:&#8221;MONOPRIX_2_07_23_2000_43.jpg&#8221;;s:4:&#8221;type&#8221;;s:5:&#8221;image&#8221;;s:7:&#8221;docType&#8221;;s:5:&#8221;other&#8221;;s:8:&#8221;mimeType&#8221;;s:10:&#8221;image\/jpeg&#8221;;s:9:&#8221;bucketKey&#8221;;s:102:&#8221;95cfb6be-be41-4e66-97fb-63a9f4ce6dc2\/5a7c6bd0-613b-4ab4-84ef-7da8395fc8e5\/MONOPRIX_2_07_23_2000_43.jpg&#8221;;s:3:&#8221;alt&#8221;;N;s:6:&#8221;public&#8221;;b:1;s:4:&#8221;isCp&#8221;;b:1;s:4:&#8221;temp&#8221;;b:0;s:9:&#8221;createdAt&#8221;;s:24:&#8221;2024-10-11T10:38:08.988Z&#8221;;s:9:&#8221;updatedAt&#8221;;s:24:&#8221;2024-10-11T10:40:13.333Z&#8221;;s:10:&#8221;brandingId&#8221;;N;s:7:&#8221;blockId&#8221;;i:8378;s:14:&#8221;organizationId&#8221;;i:609;s:10:&#8221;positionId&#8221;;N;s:13:&#8221;applicationId&#8221;;N;}}}i:1;a:24:{s:13:&#8221;buttonActions&#8221;;a:2:{s:19:&#8221;primaryButtonAction&#8221;;N;s:21:&#8221;secondaryButtonAction&#8221;;N;}s:2:&#8221;id&#8221;;i:8387;s:4:&#8221;type&#8221;;s:4:&#8221;some&#8221;;s:8:&#8221;listType&#8221;;N;s:10:&#8221;blockOrder&#8221;;i:1;s:5:&#8221;title&#8221;;s:36:&#8221;My new share on social media section&#8221;;s:8:&#8221;subTitle&#8221;;N;s:4:&#8221;body&#8221;;N;s:14:&#8221;backgroundType&#8221;;N;s:17:&#8221;backgroundPattern&#8221;;N;s:15:&#8221;backgroundColor&#8221;;s:11:&#8221;transparent&#8221;;s:15:&#8221;backgroundVideo&#8221;;N;s:9:&#8221;blockSize&#8221;;s:2:&#8221;md&#8221;;s:15:&#8221;paddingVertical&#8221;;s:2:&#8221;md&#8221;;s:9:&#8221;imageLeft&#8221;;b:1;s:19:&#8221;primaryButtonAction&#8221;;N;s:21:&#8221;secondaryButtonAction&#8221;;N;s:11:&#8221;contactName&#8221;;N;s:12:&#8221;contactEmail&#8221;;N;s:9:&#8221;createdAt&#8221;;s:24:&#8221;2024-10-11T10:40:10.603Z&#8221;;s:9:&#8221;updatedAt&#8221;;s:24:&#8221;2024-10-11T10:40:10.603Z&#8221;;s:6:&#8221;pageId&#8221;;i:1856;s:14:&#8221;organizationId&#8221;;i:609;s:5:&#8221;files&#8221;;a:0:{}}i:2;a:24:{s:13:&#8221;buttonActions&#8221;;a:2:{s:19:&#8221;primaryButtonAction&#8221;;N;s:21:&#8221;secondaryButtonAction&#8221;;N;}s:2:&#8221;id&#8221;;i:8380;s:4:&#8221;type&#8221;;s:9:&#8221;paragraph&#8221;;s:8:&#8221;listType&#8221;;N;s:10:&#8221;blockOrder&#8221;;i:2;s:5:&#8221;title&#8221;;s:0:&#8221;&#8221;;s:8:&#8221;subTitle&#8221;;N;s:4:&#8221;body&#8221;;s:388:&#8221;<\/p>\n<h1><strong>Prendre soin de soi et des autres a rev\u00eatu une importance particuli\u00e8re.<\/strong><\/h1>\n<p>Depuis de nombreux mois, prendre soin de soi et des autres a rev\u00eatu une importance particuli\u00e8re. Dans nos magasins, nos Dipl\u00f4m\u00e9s en Pharmacie conseillent avec expertise et passion, guident nos clients avec \u00e9coute et professionnalisme, et nous les en remercions chaleureusement.<\/p>\n<p>&#8220;;s:14:&#8221;backgroundType&#8221;;N;s:17:&#8221;backgroundPattern&#8221;;N;s:15:&#8221;backgroundColor&#8221;;s:7:&#8221;#f9f9fc&#8221;;s:15:&#8221;backgroundVideo&#8221;;N;s:9:&#8221;blockSize&#8221;;s:2:&#8221;md&#8221;;s:15:&#8221;paddingVertical&#8221;;s:2:&#8221;md&#8221;;s:9:&#8221;imageLeft&#8221;;b:1;s:19:&#8221;primaryButtonAction&#8221;;N;s:21:&#8221;secondaryButtonAction&#8221;;N;s:11:&#8221;contactName&#8221;;N;s:12:&#8221;contactEmail&#8221;;N;s:9:&#8221;createdAt&#8221;;s:24:&#8221;2024-10-11T09:57:24.082Z&#8221;;s:9:&#8221;updatedAt&#8221;;s:24:&#8221;2024-10-11T10:58:35.146Z&#8221;;s:6:&#8221;pageId&#8221;;i:1856;s:14:&#8221;organizationId&#8221;;i:609;s:5:&#8221;files&#8221;;a:0:{}}i:3;a:24:{s:13:&#8221;buttonActions&#8221;;a:2:{s:19:&#8221;primaryButtonAction&#8221;;N;s:21:&#8221;secondaryButtonAction&#8221;;N;}s:2:&#8221;id&#8221;;i:8388;s:4:&#8221;type&#8221;;s:20:&#8221;paragraph_with_image&#8221;;s:8:&#8221;listType&#8221;;N;s:10:&#8221;blockOrder&#8221;;i:3;s:5:&#8221;title&#8221;;s:30:&#8221;Notre s\u00e9lection Parapharmacie&#8221;;s:8:&#8221;subTitle&#8221;;N;s:4:&#8221;body&#8221;;s:262:&#8221;<\/p>\n<p>Ann\u00e9e apr\u00e8s ann\u00e9e, Monoprix continue de d\u00e9fendre une beaut\u00e9 d\u00e9complex\u00e9e et respectueuse, en proposant le meilleur du soin et de la beaut\u00e9 gr\u00e2ce \u00e0 des produits responsables, bio et z\u00e9ro d\u00e9chet, qui r\u00e9pondent aux tendances de beaut\u00e9 actuelles.<\/p>\n<p>&#8220;;s:14:&#8221;backgroundType&#8221;;N;s:17:&#8221;backgroundPattern&#8221;;N;s:15:&#8221;backgroundColor&#8221;;s:11:&#8221;transparent&#8221;;s:15:&#8221;backgroundVideo&#8221;;N;s:9:&#8221;blockSize&#8221;;s:2:&#8221;md&#8221;;s:15:&#8221;paddingVertical&#8221;;s:2:&#8221;sm&#8221;;s:9:&#8221;imageLeft&#8221;;b:0;s:19:&#8221;primaryButtonAction&#8221;;N;s:21:&#8221;secondaryButtonAction&#8221;;N;s:11:&#8221;contactName&#8221;;N;s:12:&#8221;contactEmail&#8221;;N;s:9:&#8221;createdAt&#8221;;s:24:&#8221;2024-10-11T10:40:10.619Z&#8221;;s:9:&#8221;updatedAt&#8221;;s:24:&#8221;2024-10-11T10:40:10.619Z&#8221;;s:6:&#8221;pageId&#8221;;i:1856;s:14:&#8221;organizationId&#8221;;i:609;s:5:&#8221;files&#8221;;a:1:{i:0;a:18:{s:2:&#8221;id&#8221;;i:74302;s:4:&#8221;uuid&#8221;;s:36:&#8221;96b88cc1-6186-4c1f-b8ce-8db208b5ecd0&#8243;;s:8:&#8221;filename&#8221;;s:23:&#8221;MONOPRIX_PARLY2_211.jpg&#8221;;s:4:&#8221;type&#8221;;s:5:&#8221;image&#8221;;s:7:&#8221;docType&#8221;;s:5:&#8221;other&#8221;;s:8:&#8221;mimeType&#8221;;s:10:&#8221;image\/jpeg&#8221;;s:9:&#8221;bucketKey&#8221;;s:97:&#8221;95cfb6be-be41-4e66-97fb-63a9f4ce6dc2\/96b88cc1-6186-4c1f-b8ce-8db208b5ecd0\/MONOPRIX_PARLY2_211.jpg&#8221;;s:3:&#8221;alt&#8221;;N;s:6:&#8221;public&#8221;;b:1;s:4:&#8221;isCp&#8221;;b:1;s:4:&#8221;temp&#8221;;b:0;s:9:&#8221;createdAt&#8221;;s:24:&#8221;2024-10-11T10:40:07.477Z&#8221;;s:9:&#8221;updatedAt&#8221;;s:24:&#8221;2024-10-11T10:40:11.264Z&#8221;;s:10:&#8221;brandingId&#8221;;N;s:7:&#8221;blockId&#8221;;i:8388;s:14:&#8221;organizationId&#8221;;i:609;s:10:&#8221;positionId&#8221;;N;s:13:&#8221;applicationId&#8221;;N;}}}i:4;a:24:{s:13:&#8221;buttonActions&#8221;;a:2:{s:19:&#8221;primaryButtonAction&#8221;;N;s:21:&#8221;secondaryButtonAction&#8221;;N;}s:2:&#8221;id&#8221;;i:8389;s:4:&#8221;type&#8221;;s:20:&#8221;paragraph_with_image&#8221;;s:8:&#8221;listType&#8221;;N;s:10:&#8221;blockOrder&#8221;;i:4;s:5:&#8221;title&#8221;;s:0:&#8221;&#8221;;s:8:&#8221;subTitle&#8221;;N;s:4:&#8221;body&#8221;;s:429:&#8221;<\/p>\n<p>Nous rep\u00e9rons et choisissons des marques innovantes, qui savent allier bien-\u00eatre et respect de l\u2019environnement, <span>Chez Monoprix, notre engagement \u00e0 prendre soin au quotidien r\u00e9sonne profond\u00e9ment<\/span>, et nous sommes fiers de proposer maintenant davantage de r\u00e9f\u00e9rences autour de la sant\u00e9, du bien-\u00eatre et de la pr\u00e9vention au quotidien dans une vingtaine de magasins.&nbsp;<\/p>\n<p>&#8220;;s:14:&#8221;backgroundType&#8221;;N;s:17:&#8221;backgroundPattern&#8221;;N;s:15:&#8221;backgroundColor&#8221;;s:11:&#8221;transparent&#8221;;s:15:&#8221;backgroundVideo&#8221;;N;s:9:&#8221;blockSize&#8221;;s:2:&#8221;md&#8221;;s:15:&#8221;paddingVertical&#8221;;s:2:&#8221;sm&#8221;;s:9:&#8221;imageLeft&#8221;;b:1;s:19:&#8221;primaryButtonAction&#8221;;N;s:21:&#8221;secondaryButtonAction&#8221;;N;s:11:&#8221;contactName&#8221;;N;s:12:&#8221;contactEmail&#8221;;N;s:9:&#8221;createdAt&#8221;;s:24:&#8221;2024-10-11T10:41:38.027Z&#8221;;s:9:&#8221;updatedAt&#8221;;s:24:&#8221;2024-10-22T15:06:16.925Z&#8221;;s:6:&#8221;pageId&#8221;;i:1856;s:14:&#8221;organizationId&#8221;;i:609;s:5:&#8221;files&#8221;;a:1:{i:0;a:18:{s:2:&#8221;id&#8221;;i:74307;s:4:&#8221;uuid&#8221;;s:36:&#8221;776ef05d-6faf-4434-8d28-f8c7a31127f7&#8243;;s:8:&#8221;filename&#8221;;s:23:&#8221;MONOPRIX_PARLY2_221.jpg&#8221;;s:4:&#8221;type&#8221;;s:5:&#8221;image&#8221;;s:7:&#8221;docType&#8221;;s:5:&#8221;other&#8221;;s:8:&#8221;mimeType&#8221;;s:10:&#8221;image\/jpeg&#8221;;s:9:&#8221;bucketKey&#8221;;s:97:&#8221;95cfb6be-be41-4e66-97fb-63a9f4ce6dc2\/776ef05d-6faf-4434-8d28-f8c7a31127f7\/MONOPRIX_PARLY2_221.jpg&#8221;;s:3:&#8221;alt&#8221;;N;s:6:&#8221;public&#8221;;b:1;s:4:&#8221;isCp&#8221;;b:1;s:4:&#8221;temp&#8221;;b:0;s:9:&#8221;createdAt&#8221;;s:24:&#8221;2024-10-11T10:53:55.989Z&#8221;;s:9:&#8221;updatedAt&#8221;;s:24:&#8221;2024-10-11T10:54:04.604Z&#8221;;s:10:&#8221;brandingId&#8221;;N;s:7:&#8221;blockId&#8221;;i:8389;s:14:&#8221;organizationId&#8221;;i:609;s:10:&#8221;positionId&#8221;;N;s:13:&#8221;applicationId&#8221;;N;}}}i:5;a:24:{s:13:&#8221;buttonActions&#8221;;a:2:{s:19:&#8221;primaryButtonAction&#8221;;N;s:21:&#8221;secondaryButtonAction&#8221;;N;}s:2:&#8221;id&#8221;;i:8397;s:4:&#8221;type&#8221;;s:9:&#8221;paragraph&#8221;;s:8:&#8221;listType&#8221;;N;s:10:&#8221;blockOrder&#8221;;i:5;s:5:&#8221;title&#8221;;s:0:&#8221;&#8221;;s:8:&#8221;subTitle&#8221;;N;s:4:&#8221;body&#8221;;s:307:&#8221;<\/p>\n<p class=\"ql-align-center\"><em>\u201cJ\u2019aime travailler chez Monoprix car j\u2019ai eu la possibilit\u00e9 d\u2019\u00e9voluer sur mon poste en changeant de magasin sans changer de ville\u201d<\/em><\/p>\n<p class=\"ql-align-center\"><strong>Raphael B.<\/strong><\/p>\n<p class=\"ql-align-center\">Responsable Administratif en Magasin<\/p>\n<p>&#8220;;s:14:&#8221;backgroundType&#8221;;N;s:17:&#8221;backgroundPattern&#8221;;N;s:15:&#8221;backgroundColor&#8221;;s:7:&#8221;#f9f9fc&#8221;;s:15:&#8221;backgroundVideo&#8221;;N;s:9:&#8221;blockSize&#8221;;s:2:&#8221;md&#8221;;s:15:&#8221;paddingVertical&#8221;;s:2:&#8221;md&#8221;;s:9:&#8221;imageLeft&#8221;;b:1;s:19:&#8221;primaryButtonAction&#8221;;N;s:21:&#8221;secondaryButtonAction&#8221;;N;s:11:&#8221;contactName&#8221;;N;s:12:&#8221;contactEmail&#8221;;N;s:9:&#8221;createdAt&#8221;;s:24:&#8221;2024-10-11T11:05:49.576Z&#8221;;s:9:&#8221;updatedAt&#8221;;s:24:&#8221;2024-10-11T11:08:03.888Z&#8221;;s:6:&#8221;pageId&#8221;;i:1856;s:14:&#8221;organizationId&#8221;;i:609;s:5:&#8221;files&#8221;;a:0:{}}i:6;a:24:{s:13:&#8221;buttonActions&#8221;;a:2:{s:19:&#8221;primaryButtonAction&#8221;;N;s:21:&#8221;secondaryButtonAction&#8221;;N;}s:2:&#8221;id&#8221;;i:8398;s:4:&#8221;type&#8221;;s:5:&#8221;image&#8221;;s:8:&#8221;listType&#8221;;N;s:10:&#8221;blockOrder&#8221;;i:6;s:5:&#8221;title&#8221;;s:8:&#8221;An image&#8221;;s:8:&#8221;subTitle&#8221;;N;s:4:&#8221;body&#8221;;N;s:14:&#8221;backgroundType&#8221;;N;s:17:&#8221;backgroundPattern&#8221;;N;s:15:&#8221;backgroundColor&#8221;;s:11:&#8221;transparent&#8221;;s:15:&#8221;backgroundVideo&#8221;;N;s:9:&#8221;blockSize&#8221;;s:2:&#8221;md&#8221;;s:15:&#8221;paddingVertical&#8221;;s:2:&#8221;sm&#8221;;s:9:&#8221;imageLeft&#8221;;b:1;s:19:&#8221;primaryButtonAction&#8221;;N;s:21:&#8221;secondaryButtonAction&#8221;;N;s:11:&#8221;contactName&#8221;;N;s:12:&#8221;contactEmail&#8221;;N;s:9:&#8221;createdAt&#8221;;s:24:&#8221;2024-10-11T11:07:34.566Z&#8221;;s:9:&#8221;updatedAt&#8221;;s:24:&#8221;2024-10-11T11:07:34.566Z&#8221;;s:6:&#8221;pageId&#8221;;i:1856;s:14:&#8221;organizationId&#8221;;i:609;s:5:&#8221;files&#8221;;a:1:{i:0;a:18:{s:2:&#8221;id&#8221;;i:74312;s:4:&#8221;uuid&#8221;;s:36:&#8221;acd7c5aa-6d36-40d5-bc78-86e0a1e9f97a&#8221;;s:8:&#8221;filename&#8221;;s:43:&#8221;xA23GvjR_monoprix0434jpg29197525cropped.jpg&#8221;;s:4:&#8221;type&#8221;;s:5:&#8221;image&#8221;;s:7:&#8221;docType&#8221;;s:5:&#8221;other&#8221;;s:8:&#8221;mimeType&#8221;;s:10:&#8221;image\/jpeg&#8221;;s:9:&#8221;bucketKey&#8221;;s:117:&#8221;95cfb6be-be41-4e66-97fb-63a9f4ce6dc2\/acd7c5aa-6d36-40d5-bc78-86e0a1e9f97a\/xA23GvjR_monoprix0434jpg29197525cropped.jpg&#8221;;s:3:&#8221;alt&#8221;;N;s:6:&#8221;public&#8221;;b:1;s:4:&#8221;isCp&#8221;;b:1;s:4:&#8221;temp&#8221;;b:0;s:9:&#8221;createdAt&#8221;;s:24:&#8221;2024-10-11T11:07:32.810Z&#8221;;s:9:&#8221;updatedAt&#8221;;s:24:&#8221;2024-10-11T11:07:35.132Z&#8221;;s:10:&#8221;brandingId&#8221;;N;s:7:&#8221;blockId&#8221;;i:8398;s:14:&#8221;organizationId&#8221;;i:609;s:10:&#8221;positionId&#8221;;N;s:13:&#8221;applicationId&#8221;;N;}}}i:7;a:24:{s:13:&#8221;buttonActions&#8221;;a:2:{s:19:&#8221;primaryButtonAction&#8221;;N;s:21:&#8221;secondaryButtonAction&#8221;;N;}s:2:&#8221;id&#8221;;i:8381;s:4:&#8221;type&#8221;;s:4:&#8221;list&#8221;;s:8:&#8221;listType&#8221;;s:6:&#8221;job_ad&#8221;;s:10:&#8221;blockOrder&#8221;;i:7;s:5:&#8221;title&#8221;;s:14:&#8221;Open positions&#8221;;s:8:&#8221;subTitle&#8221;;N;s:4:&#8221;body&#8221;;N;s:14:&#8221;backgroundType&#8221;;N;s:17:&#8221;backgroundPattern&#8221;;N;s:15:&#8221;backgroundColor&#8221;;s:11:&#8221;transparent&#8221;;s:15:&#8221;backgroundVideo&#8221;;N;s:9:&#8221;blockSize&#8221;;s:2:&#8221;md&#8221;;s:15:&#8221;paddingVertical&#8221;;s:2:&#8221;md&#8221;;s:9:&#8221;imageLeft&#8221;;b:1;s:19:&#8221;primaryButtonAction&#8221;;N;s:21:&#8221;secondaryButtonAction&#8221;;N;s:11:&#8221;contactName&#8221;;N;s:12:&#8221;contactEmail&#8221;;N;s:9:&#8221;createdAt&#8221;;s:24:&#8221;2024-10-11T09:57:24.091Z&#8221;;s:9:&#8221;updatedAt&#8221;;s:24:&#8221;2024-10-11T11:07:34.567Z&#8221;;s:6:&#8221;pageId&#8221;;i:1856;s:14:&#8221;organizationId&#8221;;i:609;s:5:&#8221;files&#8221;;a:0:{}}i:8;a:24:{s:13:&#8221;buttonActions&#8221;;a:2:{s:19:&#8221;primaryButtonAction&#8221;;N;s:21:&#8221;secondaryButtonAction&#8221;;N;}s:2:&#8221;id&#8221;;i:8391;s:4:&#8221;type&#8221;;s:9:&#8221;paragraph&#8221;;s:8:&#8221;listType&#8221;;N;s:10:&#8221;blockOrder&#8221;;i:8;s:5:&#8221;title&#8221;;s:0:&#8221;&#8221;;s:8:&#8221;subTitle&#8221;;N;s:4:&#8221;body&#8221;;s:1319:&#8221;<\/p>\n<h3 class=\"ql-align-center\"><strong>Notre Certification Top Employer !<\/strong><\/h3>\n<p class=\"ql-align-center\"><\/p>\n<p>En 2024 Monoprix est certifi\u00e9 Top Employer pour la 4\u00e8me ann\u00e9e cons\u00e9cutive.<\/p>\n<p>Organisme de r\u00e9f\u00e9rence, le Top Employers Institute reconnait et souligne la qualit\u00e9 des pratiques suivantes :<\/p>\n<ul>\n<li>L\u2019engagement des collaborateurs \u00e0 travers tous les dispositifs mis en place permettant de recueillir l\u2019avis et les id\u00e9es des collaborateurs tout au long de l\u2019ann\u00e9e.<\/li>\n<li>La politique de d\u00e9veloppement des comp\u00e9tences qui place la formation et l\u2019accompagnement du collaborateur au c\u0153ur de la strat\u00e9gie RH, \u00e0 travers une politique de formation et de gestion de carri\u00e8res innovante, tourn\u00e9e vers l\u2019individu, ses centres d\u2019int\u00e9r\u00eats, permettant ainsi un suivi plus personnalis\u00e9.<\/li>\n<li>Le bien-\u00eatre des collaborateurs \u00e0 travers des dispositifs am\u00e9liorant la \u00ab qualit\u00e9 de vie au travail \u00bb, l\u2019\u00e9valuation r\u00e9guli\u00e8re de leurs besoins pour identifier leurs attentes et faire \u00e9merger de nouvelles solutions ainsi que plusieurs outils d\u2019\u00e9coute et services visant \u00e0 les accompagner dans leur carri\u00e8re ou dans leur vie personnelle.<\/li>\n<li>La digitalisation de l\u2019entreprise par des outils innovants qui repensent les pratiques RH traditionnelles.<\/li>\n<\/ul>\n<p>&#8220;;s:14:&#8221;backgroundType&#8221;;N;s:17:&#8221;backgroundPattern&#8221;;N;s:15:&#8221;backgroundColor&#8221;;s:11:&#8221;transparent&#8221;;s:15:&#8221;backgroundVideo&#8221;;N;s:9:&#8221;blockSize&#8221;;s:2:&#8221;md&#8221;;s:15:&#8221;paddingVertical&#8221;;s:2:&#8221;sm&#8221;;s:9:&#8221;imageLeft&#8221;;b:1;s:19:&#8221;primaryButtonAction&#8221;;N;s:21:&#8221;secondaryButtonAction&#8221;;N;s:11:&#8221;contactName&#8221;;N;s:12:&#8221;contactEmail&#8221;;N;s:9:&#8221;createdAt&#8221;;s:24:&#8221;2024-10-11T10:43:41.324Z&#8221;;s:9:&#8221;updatedAt&#8221;;s:24:&#8221;2024-10-11T11:07:34.569Z&#8221;;s:6:&#8221;pageId&#8221;;i:1856;s:14:&#8221;organizationId&#8221;;i:609;s:5:&#8221;files&#8221;;a:0:{}}i:9;a:24:{s:13:&#8221;buttonActions&#8221;;a:2:{s:19:&#8221;primaryButtonAction&#8221;;N;s:21:&#8221;secondaryButtonAction&#8221;;N;}s:2:&#8221;id&#8221;;i:8390;s:4:&#8221;type&#8221;;s:5:&#8221;image&#8221;;s:8:&#8221;listType&#8221;;N;s:10:&#8221;blockOrder&#8221;;i:9;s:5:&#8221;title&#8221;;s:8:&#8221;An image&#8221;;s:8:&#8221;subTitle&#8221;;N;s:4:&#8221;body&#8221;;N;s:14:&#8221;backgroundType&#8221;;N;s:17:&#8221;backgroundPattern&#8221;;N;s:15:&#8221;backgroundColor&#8221;;s:11:&#8221;transparent&#8221;;s:15:&#8221;backgroundVideo&#8221;;N;s:9:&#8221;blockSize&#8221;;s:2:&#8221;md&#8221;;s:15:&#8221;paddingVertical&#8221;;s:2:&#8221;md&#8221;;s:9:&#8221;imageLeft&#8221;;b:1;s:19:&#8221;primaryButtonAction&#8221;;N;s:21:&#8221;secondaryButtonAction&#8221;;N;s:11:&#8221;contactName&#8221;;N;s:12:&#8221;contactEmail&#8221;;N;s:9:&#8221;createdAt&#8221;;s:24:&#8221;2024-10-11T10:43:41.312Z&#8221;;s:9:&#8221;updatedAt&#8221;;s:24:&#8221;2024-10-11T11:07:34.571Z&#8221;;s:6:&#8221;pageId&#8221;;i:1856;s:14:&#8221;organizationId&#8221;;i:609;s:5:&#8221;files&#8221;;a:1:{i:0;a:18:{s:2:&#8221;id&#8221;;i:74305;s:4:&#8221;uuid&#8221;;s:36:&#8221;56242c8c-152b-4276-9763-a7304d08c838&#8243;;s:8:&#8221;filename&#8221;;s:38:&#8221;Zagqbwwx_top_employer_2024_v2_kopi.jpg&#8221;;s:4:&#8221;type&#8221;;s:5:&#8221;image&#8221;;s:7:&#8221;docType&#8221;;s:5:&#8221;other&#8221;;s:8:&#8221;mimeType&#8221;;s:10:&#8221;image\/jpeg&#8221;;s:9:&#8221;bucketKey&#8221;;s:112:&#8221;95cfb6be-be41-4e66-97fb-63a9f4ce6dc2\/56242c8c-152b-4276-9763-a7304d08c838\/Zagqbwwx_top_employer_2024_v2_kopi.jpg&#8221;;s:3:&#8221;alt&#8221;;N;s:6:&#8221;public&#8221;;b:1;s:4:&#8221;isCp&#8221;;b:1;s:4:&#8221;temp&#8221;;b:0;s:9:&#8221;createdAt&#8221;;s:24:&#8221;2024-10-11T10:44:07.725Z&#8221;;s:9:&#8221;updatedAt&#8221;;s:24:&#8221;2024-10-11T10:44:10.874Z&#8221;;s:10:&#8221;brandingId&#8221;;N;s:7:&#8221;blockId&#8221;;i:8390;s:14:&#8221;organizationId&#8221;;i:609;s:10:&#8221;positionId&#8221;;N;s:13:&#8221;applicationId&#8221;;N;}}}i:10;a:24:{s:13:&#8221;buttonActions&#8221;;a:2:{s:19:&#8221;primaryButtonAction&#8221;;N;s:21:&#8221;secondaryButtonAction&#8221;;N;}s:2:&#8221;id&#8221;;i:8379;s:4:&#8221;type&#8221;;s:6:&#8221;footer&#8221;;s:8:&#8221;listType&#8221;;N;s:10:&#8221;blockOrder&#8221;;i:10;s:5:&#8221;title&#8221;;N;s:8:&#8221;subTitle&#8221;;N;s:4:&#8221;body&#8221;;N;s:14:&#8221;backgroundType&#8221;;N;s:17:&#8221;backgroundPattern&#8221;;N;s:15:&#8221;backgroundColor&#8221;;s:11:&#8221;transparent&#8221;;s:15:&#8221;backgroundVideo&#8221;;N;s:9:&#8221;blockSize&#8221;;s:2:&#8221;md&#8221;;s:15:&#8221;paddingVertical&#8221;;s:2:&#8221;md&#8221;;s:9:&#8221;imageLeft&#8221;;b:1;s:19:&#8221;primaryButtonAction&#8221;;N;s:21:&#8221;secondaryButtonAction&#8221;;N;s:11:&#8221;contactName&#8221;;N;s:12:&#8221;contactEmail&#8221;;N;s:9:&#8221;createdAt&#8221;;s:24:&#8221;2024-10-11T09:57:24.080Z&#8221;;s:9:&#8221;updatedAt&#8221;;s:24:&#8221;2024-10-11T11:07:34.578Z&#8221;;s:6:&#8221;pageId&#8221;;i:1856;s:14:&#8221;organizationId&#8221;;i:609;s:5:&#8221;files&#8221;;a:0:{}}}<\/p>\n","protected":false},"excerpt":{"rendered":"<p>Postulez ici pour les postes ouverts \u00e0 la Parapharmacie Monoprix !<\/p>\n","protected":false},"author":1,"featured_media":0,"parent":0,"menu_order":0,"comment_status":"closed","ping_status":"closed","template":"","meta":{"footnotes":""},"categories":[],"class_list":["post-8","page","type-page","status-publish","hentry"],"_links":{"self":[{"href":"https:\/\/career.hitalento.com\/monoprix-parapharmacie\/wp-json\/wp\/v2\/pages\/8","targetHints":{"allow":["GET"]}}],"collection":[{"href":"https:\/\/career.hitalento.com\/monoprix-parapharmacie\/wp-json\/wp\/v2\/pages"}],"about":[{"href":"https:\/\/career.hitalento.com\/monoprix-parapharmacie\/wp-json\/wp\/v2\/types\/page"}],"author":[{"embeddable":true,"href":"https:\/\/career.hitalento.com\/monoprix-parapharmacie\/wp-json\/wp\/v2\/users\/1"}],"replies":[{"embeddable":true,"href":"https:\/\/career.hitalento.com\/monoprix-parapharmacie\/wp-json\/wp\/v2\/comments?post=8"}],"version-history":[{"count":0,"href":"https:\/\/career.hitalento.com\/monoprix-parapharmacie\/wp-json\/wp\/v2\/pages\/8\/revisions"}],"wp:attachment":[{"href":"https:\/\/career.hitalento.com\/monoprix-parapharmacie\/wp-json\/wp\/v2\/media?parent=8"}],"wp:term":[{"taxonomy":"category","embeddable":true,"href":"https:\/\/career.hitalento.com\/monoprix-parapharmacie\/wp-json\/wp\/v2\/categories?post=8"}],"curies":[{"name":"wp","href":"https:\/\/api.w.org\/{rel}","templated":true}]}}