{"id":6,"date":"2024-08-06T08:59:19","date_gmt":"2024-08-06T08:59:19","guid":{"rendered":"https:\/\/career.hitalento.com\/stock-group\/stock-group\/"},"modified":"2025-10-10T09:18:49","modified_gmt":"2025-10-10T09:18:49","slug":"stock-group","status":"publish","type":"page","link":"https:\/\/career.hitalento.com\/stock-group\/","title":{"rendered":"Stock Group"},"content":{"rendered":"<p>a:9:{i:0;a:24:{s:13:&#8221;buttonActions&#8221;;a:2:{s:19:&#8221;primaryButtonAction&#8221;;a:2:{s:6:&#8221;action&#8221;;s:24:&#8221;scroll_to_open_positions&#8221;;s:3:&#8221;url&#8221;;s:15:&#8221;#open_positions&#8221;;}s:21:&#8221;secondaryButtonAction&#8221;;N;}s:2:&#8221;id&#8221;;i:7219;s:4:&#8221;type&#8221;;s:6:&#8221;header&#8221;;s:8:&#8221;listType&#8221;;N;s:10:&#8221;blockOrder&#8221;;i:0;s:5:&#8221;title&#8221;;s:8:&#8221;Karriere&#8221;;s:8:&#8221;subTitle&#8221;;s:0:&#8221;&#8221;;s:4:&#8221;body&#8221;;N;s:14:&#8221;backgroundType&#8221;;s:5:&#8221;video&#8221;;s:17:&#8221;backgroundPattern&#8221;;N;s:15:&#8221;backgroundColor&#8221;;s:11:&#8221;transparent&#8221;;s:15:&#8221;backgroundVideo&#8221;;s:9:&#8221;995371341&#8243;;s:9:&#8221;blockSize&#8221;;s:2:&#8221;lg&#8221;;s:15:&#8221;paddingVertical&#8221;;s:2:&#8221;md&#8221;;s:9:&#8221;imageLeft&#8221;;b:1;s:19:&#8221;primaryButtonAction&#8221;;s:24:&#8221;scroll_to_open_positions&#8221;;s:21:&#8221;secondaryButtonAction&#8221;;N;s:11:&#8221;contactName&#8221;;N;s:12:&#8221;contactEmail&#8221;;N;s:9:&#8221;createdAt&#8221;;s:24:&#8221;2024-08-06T08:59:19.502Z&#8221;;s:9:&#8221;updatedAt&#8221;;s:24:&#8221;2024-10-23T13:45:13.418Z&#8221;;s:6:&#8221;pageId&#8221;;i:1604;s:14:&#8221;organizationId&#8221;;i:560;s:5:&#8221;files&#8221;;a:0:{}}i:1;a:24:{s:13:&#8221;buttonActions&#8221;;a:2:{s:19:&#8221;primaryButtonAction&#8221;;N;s:21:&#8221;secondaryButtonAction&#8221;;N;}s:2:&#8221;id&#8221;;i:8536;s:4:&#8221;type&#8221;;s:4:&#8221;some&#8221;;s:8:&#8221;listType&#8221;;N;s:10:&#8221;blockOrder&#8221;;i:1;s:5:&#8221;title&#8221;;s:36:&#8221;My new share on social media section&#8221;;s:8:&#8221;subTitle&#8221;;N;s:4:&#8221;body&#8221;;N;s:14:&#8221;backgroundType&#8221;;N;s:17:&#8221;backgroundPattern&#8221;;N;s:15:&#8221;backgroundColor&#8221;;s:11:&#8221;transparent&#8221;;s:15:&#8221;backgroundVideo&#8221;;N;s:9:&#8221;blockSize&#8221;;s:2:&#8221;md&#8221;;s:15:&#8221;paddingVertical&#8221;;s:2:&#8221;md&#8221;;s:9:&#8221;imageLeft&#8221;;b:1;s:19:&#8221;primaryButtonAction&#8221;;N;s:21:&#8221;secondaryButtonAction&#8221;;N;s:11:&#8221;contactName&#8221;;N;s:12:&#8221;contactEmail&#8221;;N;s:9:&#8221;createdAt&#8221;;s:24:&#8221;2024-10-23T13:41:25.321Z&#8221;;s:9:&#8221;updatedAt&#8221;;s:24:&#8221;2024-10-23T13:41:25.321Z&#8221;;s:6:&#8221;pageId&#8221;;i:1604;s:14:&#8221;organizationId&#8221;;i:560;s:5:&#8221;files&#8221;;a:0:{}}i:2;a:24:{s:13:&#8221;buttonActions&#8221;;a:2:{s:19:&#8221;primaryButtonAction&#8221;;N;s:21:&#8221;secondaryButtonAction&#8221;;N;}s:2:&#8221;id&#8221;;i:8535;s:4:&#8221;type&#8221;;s:5:&#8221;image&#8221;;s:8:&#8221;listType&#8221;;N;s:10:&#8221;blockOrder&#8221;;i:2;s:5:&#8221;title&#8221;;s:8:&#8221;An image&#8221;;s:8:&#8221;subTitle&#8221;;N;s:4:&#8221;body&#8221;;N;s:14:&#8221;backgroundType&#8221;;N;s:17:&#8221;backgroundPattern&#8221;;N;s:15:&#8221;backgroundColor&#8221;;s:11:&#8221;transparent&#8221;;s:15:&#8221;backgroundVideo&#8221;;N;s:9:&#8221;blockSize&#8221;;s:2:&#8221;md&#8221;;s:15:&#8221;paddingVertical&#8221;;s:2:&#8221;md&#8221;;s:9:&#8221;imageLeft&#8221;;b:1;s:19:&#8221;primaryButtonAction&#8221;;N;s:21:&#8221;secondaryButtonAction&#8221;;N;s:11:&#8221;contactName&#8221;;N;s:12:&#8221;contactEmail&#8221;;N;s:9:&#8221;createdAt&#8221;;s:24:&#8221;2024-10-23T12:55:30.261Z&#8221;;s:9:&#8221;updatedAt&#8221;;s:24:&#8221;2024-10-23T13:43:47.344Z&#8221;;s:6:&#8221;pageId&#8221;;i:1604;s:14:&#8221;organizationId&#8221;;i:560;s:5:&#8221;files&#8221;;a:1:{i:0;a:18:{s:2:&#8221;id&#8221;;i:76336;s:4:&#8221;uuid&#8221;;s:36:&#8221;6e0ec613-5306-4372-8c87-6625c5703ea9&#8243;;s:8:&#8221;filename&#8221;;s:30:&#8221;StockGroup_som_medarbejder.png&#8221;;s:4:&#8221;type&#8221;;s:5:&#8221;image&#8221;;s:7:&#8221;docType&#8221;;s:5:&#8221;other&#8221;;s:8:&#8221;mimeType&#8221;;s:9:&#8221;image\/png&#8221;;s:9:&#8221;bucketKey&#8221;;s:104:&#8221;2f861bc7-1f0f-41c6-965f-56dc7ed76301\/6e0ec613-5306-4372-8c87-6625c5703ea9\/StockGroup_som_medarbejder.png&#8221;;s:3:&#8221;alt&#8221;;N;s:6:&#8221;public&#8221;;b:1;s:4:&#8221;isCp&#8221;;b:1;s:4:&#8221;temp&#8221;;b:0;s:9:&#8221;createdAt&#8221;;s:24:&#8221;2024-10-23T13:20:46.371Z&#8221;;s:9:&#8221;updatedAt&#8221;;s:24:&#8221;2024-10-23T13:20:49.491Z&#8221;;s:10:&#8221;brandingId&#8221;;N;s:7:&#8221;blockId&#8221;;i:8535;s:14:&#8221;organizationId&#8221;;i:560;s:10:&#8221;positionId&#8221;;N;s:13:&#8221;applicationId&#8221;;N;}}}i:3;a:24:{s:13:&#8221;buttonActions&#8221;;a:2:{s:19:&#8221;primaryButtonAction&#8221;;N;s:21:&#8221;secondaryButtonAction&#8221;;N;}s:2:&#8221;id&#8221;;i:7218;s:4:&#8221;type&#8221;;s:9:&#8221;paragraph&#8221;;s:8:&#8221;listType&#8221;;N;s:10:&#8221;blockOrder&#8221;;i:3;s:5:&#8221;title&#8221;;s:0:&#8221;&#8221;;s:8:&#8221;subTitle&#8221;;N;s:4:&#8221;body&#8221;;s:321:&#8221;<\/p>\n<h1 class=\"ql-align-center\">En moderne arbejdsplads<\/h1>\n<p class=\"ql-align-center\"><\/p>\n<p class=\"ql-align-center\">Stock Group er en moderne arbejdsplads, hvor vi v\u00e6gter ambitioner, hum\u00f8r, energi og f\u00e6llesskabet h\u00f8jt. Vi tror p\u00e5, at det skal v\u00e6re sjovt at g\u00e5 p\u00e5 arbejde, og at vi vinder sammen som et hold.<\/p>\n<p>&#8220;;s:14:&#8221;backgroundType&#8221;;N;s:17:&#8221;backgroundPattern&#8221;;N;s:15:&#8221;backgroundColor&#8221;;s:7:&#8221;#edf0ed&#8221;;s:15:&#8221;backgroundVideo&#8221;;N;s:9:&#8221;blockSize&#8221;;s:2:&#8221;md&#8221;;s:15:&#8221;paddingVertical&#8221;;s:2:&#8221;md&#8221;;s:9:&#8221;imageLeft&#8221;;b:1;s:19:&#8221;primaryButtonAction&#8221;;N;s:21:&#8221;secondaryButtonAction&#8221;;N;s:11:&#8221;contactName&#8221;;N;s:12:&#8221;contactEmail&#8221;;N;s:9:&#8221;createdAt&#8221;;s:24:&#8221;2024-08-06T08:59:19.495Z&#8221;;s:9:&#8221;updatedAt&#8221;;s:24:&#8221;2024-10-23T13:41:25.304Z&#8221;;s:6:&#8221;pageId&#8221;;i:1604;s:14:&#8221;organizationId&#8221;;i:560;s:5:&#8221;files&#8221;;a:0:{}}i:4;a:24:{s:13:&#8221;buttonActions&#8221;;a:2:{s:19:&#8221;primaryButtonAction&#8221;;N;s:21:&#8221;secondaryButtonAction&#8221;;N;}s:2:&#8221;id&#8221;;i:7228;s:4:&#8221;type&#8221;;s:20:&#8221;paragraph_with_image&#8221;;s:8:&#8221;listType&#8221;;N;s:10:&#8221;blockOrder&#8221;;i:4;s:5:&#8221;title&#8221;;s:0:&#8221;&#8221;;s:8:&#8221;subTitle&#8221;;N;s:4:&#8221;body&#8221;;s:609:&#8221;<\/p>\n<p><strong>H\u00f8r Maja fort\u00e6lle om sit job hos Stock Group<\/strong><\/p>\n<p><em>\u201cDet er en k\u00e6mpe motivation for mig at m\u00f8de p\u00e5 arbejde, hvor vi alle er lige motiverede for at lykkes. Hos Stock Group har jeg rig mulighed for at l\u00e6re og videreudvikle, b\u00e5de p\u00e5 de arbejdsm\u00e6ssige kompetencer, men is\u00e6r ogs\u00e5 p\u00e5 det personlige plan.<\/em><\/p>\n<p><em>Et n\u00f8gleord er eksekvering, hvor der ikke er langt fra id\u00e9 til handling i hele organisationen. Der er generelt stor fokus p\u00e5 os ansatte og vores trivsel, b\u00e5de med kantineordning, masser af sociale arrangementer, onsdagstr\u00e6ning og fredagsbar.\u201d<\/em><\/p>\n<p>&#8220;;s:14:&#8221;backgroundType&#8221;;N;s:17:&#8221;backgroundPattern&#8221;;N;s:15:&#8221;backgroundColor&#8221;;s:11:&#8221;transparent&#8221;;s:15:&#8221;backgroundVideo&#8221;;N;s:9:&#8221;blockSize&#8221;;s:2:&#8221;md&#8221;;s:15:&#8221;paddingVertical&#8221;;s:2:&#8221;md&#8221;;s:9:&#8221;imageLeft&#8221;;b:0;s:19:&#8221;primaryButtonAction&#8221;;N;s:21:&#8221;secondaryButtonAction&#8221;;N;s:11:&#8221;contactName&#8221;;N;s:12:&#8221;contactEmail&#8221;;N;s:9:&#8221;createdAt&#8221;;s:24:&#8221;2024-08-06T13:08:07.131Z&#8221;;s:9:&#8221;updatedAt&#8221;;s:24:&#8221;2024-10-23T13:41:25.312Z&#8221;;s:6:&#8221;pageId&#8221;;i:1604;s:14:&#8221;organizationId&#8221;;i:560;s:5:&#8221;files&#8221;;a:1:{i:0;a:18:{s:2:&#8221;id&#8221;;i:64277;s:4:&#8221;uuid&#8221;;s:36:&#8221;b2a3a0c9-09c5-4ee3-9fba-8a5fd65d0ba1&#8243;;s:8:&#8221;filename&#8221;;s:22:&#8221;IMG_3316_1536x1116.png&#8221;;s:4:&#8221;type&#8221;;s:5:&#8221;image&#8221;;s:7:&#8221;docType&#8221;;s:5:&#8221;other&#8221;;s:8:&#8221;mimeType&#8221;;s:9:&#8221;image\/png&#8221;;s:9:&#8221;bucketKey&#8221;;s:96:&#8221;2f861bc7-1f0f-41c6-965f-56dc7ed76301\/b2a3a0c9-09c5-4ee3-9fba-8a5fd65d0ba1\/IMG_3316_1536x1116.png&#8221;;s:3:&#8221;alt&#8221;;N;s:6:&#8221;public&#8221;;b:1;s:4:&#8221;isCp&#8221;;b:1;s:4:&#8221;temp&#8221;;b:0;s:9:&#8221;createdAt&#8221;;s:24:&#8221;2024-08-06T13:08:23.125Z&#8221;;s:9:&#8221;updatedAt&#8221;;s:24:&#8221;2024-08-06T13:08:30.628Z&#8221;;s:10:&#8221;brandingId&#8221;;N;s:7:&#8221;blockId&#8221;;i:7228;s:14:&#8221;organizationId&#8221;;i:560;s:10:&#8221;positionId&#8221;;N;s:13:&#8221;applicationId&#8221;;N;}}}i:5;a:24:{s:13:&#8221;buttonActions&#8221;;a:2:{s:19:&#8221;primaryButtonAction&#8221;;N;s:21:&#8221;secondaryButtonAction&#8221;;N;}s:2:&#8221;id&#8221;;i:9206;s:4:&#8221;type&#8221;;s:9:&#8221;paragraph&#8221;;s:8:&#8221;listType&#8221;;N;s:10:&#8221;blockOrder&#8221;;i:5;s:5:&#8221;title&#8221;;s:0:&#8221;&#8221;;s:8:&#8221;subTitle&#8221;;N;s:4:&#8221;body&#8221;;s:187:&#8221;<\/p>\n<div class=\"responsive-wrapper\"><iframe class=\"ql-video ql-align-center\" frameborder=\"0\" src=\"https:\/\/player.vimeo.com\/video\/1036351076\/\"><\/iframe><\/div>\n<p><\/p>\n<p>&#8220;;s:14:&#8221;backgroundType&#8221;;N;s:17:&#8221;backgroundPattern&#8221;;N;s:15:&#8221;backgroundColor&#8221;;s:11:&#8221;transparent&#8221;;s:15:&#8221;backgroundVideo&#8221;;N;s:9:&#8221;blockSize&#8221;;s:2:&#8221;md&#8221;;s:15:&#8221;paddingVertical&#8221;;s:2:&#8221;sm&#8221;;s:9:&#8221;imageLeft&#8221;;b:1;s:19:&#8221;primaryButtonAction&#8221;;N;s:21:&#8221;secondaryButtonAction&#8221;;N;s:11:&#8221;contactName&#8221;;N;s:12:&#8221;contactEmail&#8221;;N;s:9:&#8221;createdAt&#8221;;s:24:&#8221;2024-12-05T13:20:54.617Z&#8221;;s:9:&#8221;updatedAt&#8221;;s:24:&#8221;2024-12-05T13:21:07.965Z&#8221;;s:6:&#8221;pageId&#8221;;i:1604;s:14:&#8221;organizationId&#8221;;i:560;s:5:&#8221;files&#8221;;a:0:{}}i:6;a:24:{s:13:&#8221;buttonActions&#8221;;a:2:{s:19:&#8221;primaryButtonAction&#8221;;N;s:21:&#8221;secondaryButtonAction&#8221;;N;}s:2:&#8221;id&#8221;;i:7221;s:4:&#8221;type&#8221;;s:4:&#8221;list&#8221;;s:8:&#8221;listType&#8221;;s:6:&#8221;job_ad&#8221;;s:10:&#8221;blockOrder&#8221;;i:6;s:5:&#8221;title&#8221;;s:17:&#8221;Ledige stillinger&#8221;;s:8:&#8221;subTitle&#8221;;N;s:4:&#8221;body&#8221;;N;s:14:&#8221;backgroundType&#8221;;N;s:17:&#8221;backgroundPattern&#8221;;N;s:15:&#8221;backgroundColor&#8221;;s:11:&#8221;transparent&#8221;;s:15:&#8221;backgroundVideo&#8221;;N;s:9:&#8221;blockSize&#8221;;s:2:&#8221;md&#8221;;s:15:&#8221;paddingVertical&#8221;;s:2:&#8221;md&#8221;;s:9:&#8221;imageLeft&#8221;;b:1;s:19:&#8221;primaryButtonAction&#8221;;N;s:21:&#8221;secondaryButtonAction&#8221;;N;s:11:&#8221;contactName&#8221;;N;s:12:&#8221;contactEmail&#8221;;N;s:9:&#8221;createdAt&#8221;;s:24:&#8221;2024-08-06T08:59:19.518Z&#8221;;s:9:&#8221;updatedAt&#8221;;s:24:&#8221;2024-12-05T13:21:07.967Z&#8221;;s:6:&#8221;pageId&#8221;;i:1604;s:14:&#8221;organizationId&#8221;;i:560;s:5:&#8221;files&#8221;;a:0:{}}i:7;a:24:{s:13:&#8221;buttonActions&#8221;;a:2:{s:19:&#8221;primaryButtonAction&#8221;;N;s:21:&#8221;secondaryButtonAction&#8221;;N;}s:2:&#8221;id&#8221;;i:13498;s:4:&#8221;type&#8221;;s:5:&#8221;facts&#8221;;s:8:&#8221;listType&#8221;;N;s:10:&#8221;blockOrder&#8221;;i:7;s:5:&#8221;title&#8221;;s:14:&#8221;Om Stock Group&#8221;;s:8:&#8221;subTitle&#8221;;N;s:4:&#8221;body&#8221;;s:101:&#8221;[{&#8220;label&#8221;:&#8221;Hovedkvarter&#8221;,&#8221;content&#8221;:&#8221;Vejle, Syddanmark&#8221;},{&#8220;label&#8221;:&#8221;Medarbejdere&#8221;,&#8221;content&#8221;:&#8221;11 &#8211; 50&#8243;}]&#8221;;s:14:&#8221;backgroundType&#8221;;N;s:17:&#8221;backgroundPattern&#8221;;N;s:15:&#8221;backgroundColor&#8221;;s:7:&#8221;#edf0ed&#8221;;s:15:&#8221;backgroundVideo&#8221;;N;s:9:&#8221;blockSize&#8221;;s:2:&#8221;md&#8221;;s:15:&#8221;paddingVertical&#8221;;s:2:&#8221;md&#8221;;s:9:&#8221;imageLeft&#8221;;b:1;s:19:&#8221;primaryButtonAction&#8221;;N;s:21:&#8221;secondaryButtonAction&#8221;;N;s:11:&#8221;contactName&#8221;;N;s:12:&#8221;contactEmail&#8221;;N;s:9:&#8221;createdAt&#8221;;s:24:&#8221;2025-10-10T09:18:36.039Z&#8221;;s:9:&#8221;updatedAt&#8221;;s:24:&#8221;2025-10-10T09:18:49.629Z&#8221;;s:6:&#8221;pageId&#8221;;i:1604;s:14:&#8221;organizationId&#8221;;i:560;s:5:&#8221;files&#8221;;a:0:{}}i:8;a:24:{s:13:&#8221;buttonActions&#8221;;a:2:{s:19:&#8221;primaryButtonAction&#8221;;N;s:21:&#8221;secondaryButtonAction&#8221;;N;}s:2:&#8221;id&#8221;;i:7220;s:4:&#8221;type&#8221;;s:6:&#8221;footer&#8221;;s:8:&#8221;listType&#8221;;N;s:10:&#8221;blockOrder&#8221;;i:8;s:5:&#8221;title&#8221;;N;s:8:&#8221;subTitle&#8221;;N;s:4:&#8221;body&#8221;;N;s:14:&#8221;backgroundType&#8221;;N;s:17:&#8221;backgroundPattern&#8221;;N;s:15:&#8221;backgroundColor&#8221;;s:11:&#8221;transparent&#8221;;s:15:&#8221;backgroundVideo&#8221;;N;s:9:&#8221;blockSize&#8221;;s:2:&#8221;md&#8221;;s:15:&#8221;paddingVertical&#8221;;s:2:&#8221;md&#8221;;s:9:&#8221;imageLeft&#8221;;b:1;s:19:&#8221;primaryButtonAction&#8221;;N;s:21:&#8221;secondaryButtonAction&#8221;;N;s:11:&#8221;contactName&#8221;;N;s:12:&#8221;contactEmail&#8221;;N;s:9:&#8221;createdAt&#8221;;s:24:&#8221;2024-08-06T08:59:19.504Z&#8221;;s:9:&#8221;updatedAt&#8221;;s:24:&#8221;2025-10-10T09:18:36.036Z&#8221;;s:6:&#8221;pageId&#8221;;i:1604;s:14:&#8221;organizationId&#8221;;i:560;s:5:&#8221;files&#8221;;a:0:{}}}<\/p>\n","protected":false},"excerpt":{"rendered":"<p>Stock Group er Danmarks f\u00f8rende leverand\u00f8r af tidens trends<\/p>\n","protected":false},"author":1,"featured_media":0,"parent":0,"menu_order":0,"comment_status":"closed","ping_status":"closed","template":"","meta":{"footnotes":""},"categories":[],"class_list":["post-6","page","type-page","status-publish","hentry"],"_links":{"self":[{"href":"https:\/\/career.hitalento.com\/stock-group\/wp-json\/wp\/v2\/pages\/6","targetHints":{"allow":["GET"]}}],"collection":[{"href":"https:\/\/career.hitalento.com\/stock-group\/wp-json\/wp\/v2\/pages"}],"about":[{"href":"https:\/\/career.hitalento.com\/stock-group\/wp-json\/wp\/v2\/types\/page"}],"author":[{"embeddable":true,"href":"https:\/\/career.hitalento.com\/stock-group\/wp-json\/wp\/v2\/users\/1"}],"replies":[{"embeddable":true,"href":"https:\/\/career.hitalento.com\/stock-group\/wp-json\/wp\/v2\/comments?post=6"}],"version-history":[{"count":0,"href":"https:\/\/career.hitalento.com\/stock-group\/wp-json\/wp\/v2\/pages\/6\/revisions"}],"wp:attachment":[{"href":"https:\/\/career.hitalento.com\/stock-group\/wp-json\/wp\/v2\/media?parent=6"}],"wp:term":[{"taxonomy":"category","embeddable":true,"href":"https:\/\/career.hitalento.com\/stock-group\/wp-json\/wp\/v2\/categories?post=6"}],"curies":[{"name":"wp","href":"https:\/\/api.w.org\/{rel}","templated":true}]}}