{"id":28,"date":"2026-04-15T15:06:32","date_gmt":"2026-04-15T08:46:42","guid":{"rendered":"https:\/\/career.hitalento.com\/testaviva\/testaviva\/"},"modified":"2026-04-16T13:57:23","modified_gmt":"2026-04-16T13:57:23","slug":"testaviva","status":"publish","type":"page","link":"https:\/\/career.hitalento.com\/testaviva\/","title":{"rendered":"TestaViva"},"content":{"rendered":"<p>a:7:{i:0;a:24:{s:13:&#8221;buttonActions&#8221;;a:2:{s:19:&#8221;primaryButtonAction&#8221;;a:2:{s:6:&#8221;action&#8221;;s:24:&#8221;scroll_to_open_positions&#8221;;s:3:&#8221;url&#8221;;s:15:&#8221;#open_positions&#8221;;}s:21:&#8221;secondaryButtonAction&#8221;;N;}s:2:&#8221;id&#8221;;i:16059;s:4:&#8221;type&#8221;;s:6:&#8221;header&#8221;;s:8:&#8221;listType&#8221;;N;s:10:&#8221;blockOrder&#8221;;i:0;s:5:&#8221;title&#8221;;s:8:&#8221;KARRIERE&#8221;;s:8:&#8221;subTitle&#8221;;s:145:&#8221;Vil du v\u00e6re med til at bringe jura i \u00f8jenh\u00f8jde? Er du ambiti\u00f8s, m\u00e5lrettet og nysgerrig? S\u00e5 er TestaViva en virksomhed fyldt med muligheder.&#8221;;s:4:&#8221;body&#8221;;N;s:14:&#8221;backgroundType&#8221;;s:5:&#8221;image&#8221;;s:17:&#8221;backgroundPattern&#8221;;N;s:15:&#8221;backgroundColor&#8221;;s:11:&#8221;transparent&#8221;;s:15:&#8221;backgroundVideo&#8221;;s:10:&#8221;1183653252&#8243;;s:9:&#8221;blockSize&#8221;;s:2:&#8221;lg&#8221;;s:15:&#8221;paddingVertical&#8221;;s:2:&#8221;md&#8221;;s:9:&#8221;imageLeft&#8221;;b:1;s:19:&#8221;primaryButtonAction&#8221;;s:24:&#8221;scroll_to_open_positions&#8221;;s:21:&#8221;secondaryButtonAction&#8221;;N;s:11:&#8221;contactName&#8221;;N;s:12:&#8221;contactEmail&#8221;;N;s:9:&#8221;createdAt&#8221;;s:24:&#8221;2026-04-15T08:46:42.648Z&#8221;;s:9:&#8221;updatedAt&#8221;;s:24:&#8221;2026-04-16T13:20:41.410Z&#8221;;s:6:&#8221;pageId&#8221;;i:3352;s:14:&#8221;organizationId&#8221;;i:984;s:5:&#8221;files&#8221;;a:1:{i:0;a:18:{s:2:&#8221;id&#8221;;i:217406;s:4:&#8221;uuid&#8221;;s:36:&#8221;7545c436-0351-40c3-a1cc-b37c7751e690&#8243;;s:8:&#8221;filename&#8221;;s:18:&#8221;testaviva_hero.png&#8221;;s:4:&#8221;type&#8221;;s:5:&#8221;image&#8221;;s:7:&#8221;docType&#8221;;s:5:&#8221;other&#8221;;s:8:&#8221;mimeType&#8221;;s:9:&#8221;image\/png&#8221;;s:9:&#8221;bucketKey&#8221;;s:92:&#8221;17bccaa6-b8e8-4dd7-8df1-d886fb5b6b1d\/7545c436-0351-40c3-a1cc-b37c7751e690\/testaviva_hero.png&#8221;;s:3:&#8221;alt&#8221;;N;s:6:&#8221;public&#8221;;b:1;s:4:&#8221;isCp&#8221;;b:1;s:4:&#8221;temp&#8221;;b:0;s:9:&#8221;createdAt&#8221;;s:24:&#8221;2026-04-16T13:01:57.730Z&#8221;;s:9:&#8221;updatedAt&#8221;;s:24:&#8221;2026-04-16T13:03:15.217Z&#8221;;s:10:&#8221;brandingId&#8221;;N;s:7:&#8221;blockId&#8221;;i:16059;s:14:&#8221;organizationId&#8221;;i:984;s:10:&#8221;positionId&#8221;;N;s:13:&#8221;applicationId&#8221;;N;}}}i:1;a:24:{s:13:&#8221;buttonActions&#8221;;a:2:{s:19:&#8221;primaryButtonAction&#8221;;N;s:21:&#8221;secondaryButtonAction&#8221;;N;}s:2:&#8221;id&#8221;;i:16127;s:4:&#8221;type&#8221;;s:20:&#8221;paragraph_with_image&#8221;;s:8:&#8221;listType&#8221;;N;s:10:&#8221;blockOrder&#8221;;i:1;s:5:&#8221;title&#8221;;s:33:&#8221;Vil du med p\u00e5 vores v\u00e6kstrejse?&#8221;;s:8:&#8221;subTitle&#8221;;N;s:4:&#8221;body&#8221;;s:1011:&#8221;<\/p>\n<p>TestaViva blev grundlagt i 2016 af Kristian Kaa og Michael Lauritzen med en ambition om at g\u00f8re juridiske dokumenter tilg\u00e6ngelige og forst\u00e5elige for alle. I dag hj\u00e6lper vores jurister danskere med alt inden for privatret: fra familie- og arveret til k\u00f8berr\u00e5dgivning, virksomhedsopstart og d\u00f8dsboer.<\/p>\n<p>Vi er ejet af Dansk Ejerkapital, CEO Kenneth Krabbe og medstifter Michael Lauritzen. Sammen med partnere som bl.a. Nordea, AL Sydbank, Danske Bank, Nykredit og Sparekassen Danmark arbejder vi for at sikre tryg og professionel juridisk r\u00e5dgivning til tusindvis af danskere.<\/p>\n<p>Vi er i dag et team p\u00e5 omkring 80 medarbejdere med kontor p\u00e5 Havneholmen i K\u00f8benhavn, der er drevet af h\u00f8j kvalitet, ansvar og st\u00e6rkt samarbejde. Vi tager ejerskab, udvikler os l\u00f8bende og har fokus p\u00e5 b\u00e5de faglighed og f\u00e6llesskab, og s\u00e5 er det vigtigt for os, at det er sjovt at g\u00e5 p\u00e5 arbejde.<\/p>\n<p>L\u00e6s mere om <a href=\"https:\/\/testaviva.dk\/\" rel=\"noopener noreferrer\" target=\"_blank\">TestaViva<\/a><\/p>\n<p>&#8220;;s:14:&#8221;backgroundType&#8221;;N;s:17:&#8221;backgroundPattern&#8221;;N;s:15:&#8221;backgroundColor&#8221;;s:11:&#8221;transparent&#8221;;s:15:&#8221;backgroundVideo&#8221;;N;s:9:&#8221;blockSize&#8221;;s:2:&#8221;md&#8221;;s:15:&#8221;paddingVertical&#8221;;s:2:&#8221;md&#8221;;s:9:&#8221;imageLeft&#8221;;b:0;s:19:&#8221;primaryButtonAction&#8221;;N;s:21:&#8221;secondaryButtonAction&#8221;;N;s:11:&#8221;contactName&#8221;;N;s:12:&#8221;contactEmail&#8221;;N;s:9:&#8221;createdAt&#8221;;s:24:&#8221;2026-04-16T08:10:07.234Z&#8221;;s:9:&#8221;updatedAt&#8221;;s:24:&#8221;2026-04-16T13:09:32.224Z&#8221;;s:6:&#8221;pageId&#8221;;i:3352;s:14:&#8221;organizationId&#8221;;i:984;s:5:&#8221;files&#8221;;a:1:{i:0;a:18:{s:2:&#8221;id&#8221;;i:217243;s:4:&#8221;uuid&#8221;;s:36:&#8221;4f24f8ce-3296-421a-baf2-703f51d6d422&#8243;;s:8:&#8221;filename&#8221;;s:16:&#8221;Artboard___3.png&#8221;;s:4:&#8221;type&#8221;;s:5:&#8221;image&#8221;;s:7:&#8221;docType&#8221;;s:5:&#8221;other&#8221;;s:8:&#8221;mimeType&#8221;;s:9:&#8221;image\/png&#8221;;s:9:&#8221;bucketKey&#8221;;s:90:&#8221;17bccaa6-b8e8-4dd7-8df1-d886fb5b6b1d\/4f24f8ce-3296-421a-baf2-703f51d6d422\/Artboard___3.png&#8221;;s:3:&#8221;alt&#8221;;N;s:6:&#8221;public&#8221;;b:1;s:4:&#8221;isCp&#8221;;b:1;s:4:&#8221;temp&#8221;;b:0;s:9:&#8221;createdAt&#8221;;s:24:&#8221;2026-04-16T08:10:04.892Z&#8221;;s:9:&#8221;updatedAt&#8221;;s:24:&#8221;2026-04-16T08:10:07.813Z&#8221;;s:10:&#8221;brandingId&#8221;;N;s:7:&#8221;blockId&#8221;;i:16127;s:14:&#8221;organizationId&#8221;;i:984;s:10:&#8221;positionId&#8221;;N;s:13:&#8221;applicationId&#8221;;N;}}}i:2;a:24:{s:13:&#8221;buttonActions&#8221;;a:2:{s:19:&#8221;primaryButtonAction&#8221;;N;s:21:&#8221;secondaryButtonAction&#8221;;N;}s:2:&#8221;id&#8221;;i:16129;s:4:&#8221;type&#8221;;s:5:&#8221;facts&#8221;;s:8:&#8221;listType&#8221;;N;s:10:&#8221;blockOrder&#8221;;i:2;s:5:&#8221;title&#8221;;s:26:&#8221;Succes starter med trivsel&#8221;;s:8:&#8221;subTitle&#8221;;N;s:4:&#8221;body&#8221;;s:661:&#8221;[{&#8220;label&#8221;:&#8221;- Clara (Content Marketing Coordinator)&#8221;,&#8221;content&#8221;:&#8221;\u201cHos TestaViva f\u00e5r jeg lov til at udfolde min kreativitet og t\u00e6nke ud af boksen. Samtidig er der h\u00f8jt til loftet, s\u00e5 jeg kan pr\u00f8ve kr\u00e6fter med forskellige discipliner inden for marketing i sjove og trygge rammer, hvor ingen id\u00e9er er for store eller for sm\u00e5.\u201d&#8221;},{&#8220;label&#8221;:&#8221;- Nadia (Stud.jur)&#8221;,&#8221;content&#8221;:&#8221;\u201cDet er et virkelig fleksibelt studiejob, hvor man nemt kan arbejde hjemmefra. Man f\u00e5r ret hurtigt ansvar og sidder med rigtig juridisk r\u00e5dgivning, s\u00e5 man f\u00e5r noget erfaring, der faktisk kan bruges. Og s\u00e5 er folk bare vildt s\u00f8de \u2013 der er altid nogen, man kan spare med\u201d&#8221;}]&#8221;;s:14:&#8221;backgroundType&#8221;;N;s:17:&#8221;backgroundPattern&#8221;;N;s:15:&#8221;backgroundColor&#8221;;s:7:&#8221;#efece5&#8243;;s:15:&#8221;backgroundVideo&#8221;;N;s:9:&#8221;blockSize&#8221;;s:2:&#8221;md&#8221;;s:15:&#8221;paddingVertical&#8221;;s:2:&#8221;sm&#8221;;s:9:&#8221;imageLeft&#8221;;b:1;s:19:&#8221;primaryButtonAction&#8221;;N;s:21:&#8221;secondaryButtonAction&#8221;;N;s:11:&#8221;contactName&#8221;;N;s:12:&#8221;contactEmail&#8221;;N;s:9:&#8221;createdAt&#8221;;s:24:&#8221;2026-04-16T08:13:20.345Z&#8221;;s:9:&#8221;updatedAt&#8221;;s:24:&#8221;2026-04-16T13:10:00.686Z&#8221;;s:6:&#8221;pageId&#8221;;i:3352;s:14:&#8221;organizationId&#8221;;i:984;s:5:&#8221;files&#8221;;a:0:{}}i:3;a:24:{s:13:&#8221;buttonActions&#8221;;a:2:{s:19:&#8221;primaryButtonAction&#8221;;N;s:21:&#8221;secondaryButtonAction&#8221;;N;}s:2:&#8221;id&#8221;;i:16130;s:4:&#8221;type&#8221;;s:20:&#8221;paragraph_with_image&#8221;;s:8:&#8221;listType&#8221;;N;s:10:&#8221;blockOrder&#8221;;i:3;s:5:&#8221;title&#8221;;s:33:&#8221;Et arbejdsliv med plads til livet&#8221;;s:8:&#8221;subTitle&#8221;;N;s:4:&#8221;body&#8221;;s:885:&#8221;<\/p>\n<ul>\n<li>Socialt f\u00e6llesskab: Glade kollegaer skaber resultater. Hos TestaViva har vi en st\u00e6rk kultur med sparring p\u00e5 tv\u00e6rs og plads til grin i hverdagen.<\/li>\n<li>H\u00f8jt til loftet: Du f\u00e5r mulighed for at teste id\u00e9er og sparre med b\u00e5de kollegaer, ledelse og bestyrelse.<\/li>\n<li>M\u00e5nedlige arrangementer: Vi afholder sociale arrangementer hver m\u00e5ned \u2013 fra sport til musik og hyggelige aftener. Derudover afholder vi ogs\u00e5 fire st\u00f8rre arrangementer om \u00e5ret.<\/li>\n<li>Work-life balance: Vi opfordrer medarbejdere til at v\u00e6re p\u00e5 kontoret tre dage om ugen. Det er ogs\u00e5 muligt at arbejde remote efter aftale med n\u00e6rmeste leder.<\/li>\n<li>Mulighed for efteruddannelse og udvikling: Vi investerer i vores medarbejders faglige udvikling og st\u00f8tter l\u00f8bende opkvalificering.<\/li>\n<li>Sundhedsforsikring: Alle fuldtidsansatte tilmeldes en sundhedsforsikring hos Nordea Pension<\/li>\n<\/ul>\n<p>&#8220;;s:14:&#8221;backgroundType&#8221;;N;s:17:&#8221;backgroundPattern&#8221;;N;s:15:&#8221;backgroundColor&#8221;;s:11:&#8221;transparent&#8221;;s:15:&#8221;backgroundVideo&#8221;;N;s:9:&#8221;blockSize&#8221;;s:2:&#8221;md&#8221;;s:15:&#8221;paddingVertical&#8221;;s:2:&#8221;md&#8221;;s:9:&#8221;imageLeft&#8221;;b:1;s:19:&#8221;primaryButtonAction&#8221;;N;s:21:&#8221;secondaryButtonAction&#8221;;N;s:11:&#8221;contactName&#8221;;N;s:12:&#8221;contactEmail&#8221;;N;s:9:&#8221;createdAt&#8221;;s:24:&#8221;2026-04-16T08:16:44.890Z&#8221;;s:9:&#8221;updatedAt&#8221;;s:24:&#8221;2026-04-16T13:57:23.498Z&#8221;;s:6:&#8221;pageId&#8221;;i:3352;s:14:&#8221;organizationId&#8221;;i:984;s:5:&#8221;files&#8221;;a:1:{i:0;a:18:{s:2:&#8221;id&#8221;;i:217370;s:4:&#8221;uuid&#8221;;s:36:&#8221;28122255-34e9-4f33-8d04-63e260ec1b6b&#8221;;s:8:&#8221;filename&#8221;;s:16:&#8221;Artboard___4.png&#8221;;s:4:&#8221;type&#8221;;s:5:&#8221;image&#8221;;s:7:&#8221;docType&#8221;;s:5:&#8221;other&#8221;;s:8:&#8221;mimeType&#8221;;s:9:&#8221;image\/png&#8221;;s:9:&#8221;bucketKey&#8221;;s:90:&#8221;17bccaa6-b8e8-4dd7-8df1-d886fb5b6b1d\/28122255-34e9-4f33-8d04-63e260ec1b6b\/Artboard___4.png&#8221;;s:3:&#8221;alt&#8221;;N;s:6:&#8221;public&#8221;;b:1;s:4:&#8221;isCp&#8221;;b:1;s:4:&#8221;temp&#8221;;b:0;s:9:&#8221;createdAt&#8221;;s:24:&#8221;2026-04-16T11:53:49.040Z&#8221;;s:9:&#8221;updatedAt&#8221;;s:24:&#8221;2026-04-16T11:54:21.255Z&#8221;;s:10:&#8221;brandingId&#8221;;N;s:7:&#8221;blockId&#8221;;i:16130;s:14:&#8221;organizationId&#8221;;i:984;s:10:&#8221;positionId&#8221;;N;s:13:&#8221;applicationId&#8221;;N;}}}i:4;a:24:{s:13:&#8221;buttonActions&#8221;;a:2:{s:19:&#8221;primaryButtonAction&#8221;;N;s:21:&#8221;secondaryButtonAction&#8221;;N;}s:2:&#8221;id&#8221;;i:16062;s:4:&#8221;type&#8221;;s:4:&#8221;list&#8221;;s:8:&#8221;listType&#8221;;s:6:&#8221;job_ad&#8221;;s:10:&#8221;blockOrder&#8221;;i:4;s:5:&#8221;title&#8221;;s:17:&#8221;Ledige stillinger&#8221;;s:8:&#8221;subTitle&#8221;;N;s:4:&#8221;body&#8221;;N;s:14:&#8221;backgroundType&#8221;;N;s:17:&#8221;backgroundPattern&#8221;;N;s:15:&#8221;backgroundColor&#8221;;s:11:&#8221;transparent&#8221;;s:15:&#8221;backgroundVideo&#8221;;N;s:9:&#8221;blockSize&#8221;;s:2:&#8221;md&#8221;;s:15:&#8221;paddingVertical&#8221;;s:2:&#8221;md&#8221;;s:9:&#8221;imageLeft&#8221;;b:1;s:19:&#8221;primaryButtonAction&#8221;;N;s:21:&#8221;secondaryButtonAction&#8221;;N;s:11:&#8221;contactName&#8221;;N;s:12:&#8221;contactEmail&#8221;;N;s:9:&#8221;createdAt&#8221;;s:24:&#8221;2026-04-15T08:46:42.657Z&#8221;;s:9:&#8221;updatedAt&#8221;;s:24:&#8221;2026-04-16T08:16:44.888Z&#8221;;s:6:&#8221;pageId&#8221;;i:3352;s:14:&#8221;organizationId&#8221;;i:984;s:5:&#8221;files&#8221;;a:0:{}}i:5;a:24:{s:13:&#8221;buttonActions&#8221;;a:2:{s:19:&#8221;primaryButtonAction&#8221;;N;s:21:&#8221;secondaryButtonAction&#8221;;N;}s:2:&#8221;id&#8221;;i:16144;s:4:&#8221;type&#8221;;s:20:&#8221;paragraph_with_image&#8221;;s:8:&#8221;listType&#8221;;N;s:10:&#8221;blockOrder&#8221;;i:5;s:5:&#8221;title&#8221;;s:43:&#8221;Et f\u00e6llesskab du gerne vil v\u00e6re en del af&#8221;;s:8:&#8221;subTitle&#8221;;N;s:4:&#8221;body&#8221;;s:804:&#8221;<\/p>\n<ul>\n<li>Kunde og brugerdrevne i form af at v\u00e6re lyttende og nysgerrige p\u00e5 kunder og brugere, og vi leverer god kvalitet og gode kundeoplevelser.<\/li>\n<li>Vi er ordentlige ved altid at have respekt for andre, taler og skriver i god tone, er konstruktive og vi har stor respekt for, at vi arbejder med vigtige emner for kunden.<\/li>\n<li>Vi tager ejerskab, dvs. tager ansvar for m\u00e5l og opgaver, ser tingene i helhed og er proaktiv.<\/li>\n<li>Vi udvikler os, i form af at udfordre status quo og vil forbedre tingene, samt ved at ville udvikling b\u00e5de personligt og fagligt og have fokus p\u00e5 at levere v\u00e6rdi.<\/li>\n<li>Vi samarbejder og er teamspiller, ved at inddrage, lytte og have respekt for andre og s\u00e5 hj\u00e6lper vi hinanden. Og s\u00e5 er det en prioritet, at det skal v\u00e6re sjovt at g\u00e5 p\u00e5 arbejde<\/li>\n<\/ul>\n<p>&#8220;;s:14:&#8221;backgroundType&#8221;;N;s:17:&#8221;backgroundPattern&#8221;;N;s:15:&#8221;backgroundColor&#8221;;s:11:&#8221;transparent&#8221;;s:15:&#8221;backgroundVideo&#8221;;N;s:9:&#8221;blockSize&#8221;;s:2:&#8221;md&#8221;;s:15:&#8221;paddingVertical&#8221;;s:2:&#8221;md&#8221;;s:9:&#8221;imageLeft&#8221;;b:1;s:19:&#8221;primaryButtonAction&#8221;;N;s:21:&#8221;secondaryButtonAction&#8221;;N;s:11:&#8221;contactName&#8221;;N;s:12:&#8221;contactEmail&#8221;;N;s:9:&#8221;createdAt&#8221;;s:24:&#8221;2026-04-16T10:36:00.336Z&#8221;;s:9:&#8221;updatedAt&#8221;;s:24:&#8221;2026-04-16T13:13:03.498Z&#8221;;s:6:&#8221;pageId&#8221;;i:3352;s:14:&#8221;organizationId&#8221;;i:984;s:5:&#8221;files&#8221;;a:1:{i:0;a:18:{s:2:&#8221;id&#8221;;i:217368;s:4:&#8221;uuid&#8221;;s:36:&#8221;53513cea-3753-4be0-9851-93455a7eb65e&#8221;;s:8:&#8221;filename&#8221;;s:16:&#8221;Artboard___6.png&#8221;;s:4:&#8221;type&#8221;;s:5:&#8221;image&#8221;;s:7:&#8221;docType&#8221;;s:5:&#8221;other&#8221;;s:8:&#8221;mimeType&#8221;;s:9:&#8221;image\/png&#8221;;s:9:&#8221;bucketKey&#8221;;s:90:&#8221;17bccaa6-b8e8-4dd7-8df1-d886fb5b6b1d\/53513cea-3753-4be0-9851-93455a7eb65e\/Artboard___6.png&#8221;;s:3:&#8221;alt&#8221;;N;s:6:&#8221;public&#8221;;b:1;s:4:&#8221;isCp&#8221;;b:1;s:4:&#8221;temp&#8221;;b:0;s:9:&#8221;createdAt&#8221;;s:24:&#8221;2026-04-16T11:50:04.487Z&#8221;;s:9:&#8221;updatedAt&#8221;;s:24:&#8221;2026-04-16T11:50:08.640Z&#8221;;s:10:&#8221;brandingId&#8221;;N;s:7:&#8221;blockId&#8221;;i:16144;s:14:&#8221;organizationId&#8221;;i:984;s:10:&#8221;positionId&#8221;;N;s:13:&#8221;applicationId&#8221;;N;}}}i:6;a:24:{s:13:&#8221;buttonActions&#8221;;a:2:{s:19:&#8221;primaryButtonAction&#8221;;N;s:21:&#8221;secondaryButtonAction&#8221;;N;}s:2:&#8221;id&#8221;;i:16061;s:4:&#8221;type&#8221;;s:6:&#8221;footer&#8221;;s:8:&#8221;listType&#8221;;N;s:10:&#8221;blockOrder&#8221;;i:6;s:5:&#8221;title&#8221;;N;s:8:&#8221;subTitle&#8221;;N;s:4:&#8221;body&#8221;;N;s:14:&#8221;backgroundType&#8221;;N;s:17:&#8221;backgroundPattern&#8221;;N;s:15:&#8221;backgroundColor&#8221;;s:11:&#8221;transparent&#8221;;s:15:&#8221;backgroundVideo&#8221;;N;s:9:&#8221;blockSize&#8221;;s:2:&#8221;md&#8221;;s:15:&#8221;paddingVertical&#8221;;s:2:&#8221;md&#8221;;s:9:&#8221;imageLeft&#8221;;b:1;s:19:&#8221;primaryButtonAction&#8221;;N;s:21:&#8221;secondaryButtonAction&#8221;;N;s:11:&#8221;contactName&#8221;;N;s:12:&#8221;contactEmail&#8221;;N;s:9:&#8221;createdAt&#8221;;s:24:&#8221;2026-04-15T08:46:42.653Z&#8221;;s:9:&#8221;updatedAt&#8221;;s:24:&#8221;2026-04-16T10:38:43.180Z&#8221;;s:6:&#8221;pageId&#8221;;i:3352;s:14:&#8221;organizationId&#8221;;i:984;s:5:&#8221;files&#8221;;a:0:{}}}<\/p>\n","protected":false},"excerpt":{"rendered":"<p>TestaViva ledige stillinger!<\/p>\n","protected":false},"author":1,"featured_media":64,"parent":0,"menu_order":0,"comment_status":"closed","ping_status":"closed","template":"","meta":{"footnotes":""},"categories":[],"class_list":["post-28","page","type-page","status-publish","has-post-thumbnail","hentry"],"_links":{"self":[{"href":"https:\/\/career.hitalento.com\/testaviva\/wp-json\/wp\/v2\/pages\/28","targetHints":{"allow":["GET"]}}],"collection":[{"href":"https:\/\/career.hitalento.com\/testaviva\/wp-json\/wp\/v2\/pages"}],"about":[{"href":"https:\/\/career.hitalento.com\/testaviva\/wp-json\/wp\/v2\/types\/page"}],"author":[{"embeddable":true,"href":"https:\/\/career.hitalento.com\/testaviva\/wp-json\/wp\/v2\/users\/1"}],"replies":[{"embeddable":true,"href":"https:\/\/career.hitalento.com\/testaviva\/wp-json\/wp\/v2\/comments?post=28"}],"version-history":[{"count":0,"href":"https:\/\/career.hitalento.com\/testaviva\/wp-json\/wp\/v2\/pages\/28\/revisions"}],"wp:featuredmedia":[{"embeddable":true,"href":"https:\/\/career.hitalento.com\/testaviva\/wp-json\/wp\/v2\/media\/64"}],"wp:attachment":[{"href":"https:\/\/career.hitalento.com\/testaviva\/wp-json\/wp\/v2\/media?parent=28"}],"wp:term":[{"taxonomy":"category","embeddable":true,"href":"https:\/\/career.hitalento.com\/testaviva\/wp-json\/wp\/v2\/categories?post=28"}],"curies":[{"name":"wp","href":"https:\/\/api.w.org\/{rel}","templated":true}]}}